{"id":12393,"date":"2024-01-02T18:21:20","date_gmt":"2024-01-02T21:21:20","guid":{"rendered":"https:\/\/hificlub.com.br\/loja\/?post_type=product&#038;p=12393"},"modified":"2026-03-03T22:18:37","modified_gmt":"2026-03-04T01:18:37","slug":"anthem-str-integrado-c-dac-e-mm-mc-phono-200-watts","status":"publish","type":"product","link":"https:\/\/hificlub.com.br\/loja\/produto\/anthem-str-integrado-c-dac-e-mm-mc-phono-200-watts\/","title":{"rendered":"ANTHEM STR Integrado c\/ DAC e MM MC Phono 200 watts"},"content":{"rendered":"<p><span class=\"\">O STR \u00e9 um dos amplificadores integrados mais poderosos e completo ja testado. <\/span>Sua se\u00e7\u00e3o de amplificador de pot\u00eancia \u00e9 classificada de forma conservadora em 200 watts por canal em 8 ohms, ou robustos 400 watts por canal em 4 ohms.\u00a0<span class=\"\">O STR pode at\u00e9 fornecer impressionantes 550 watts em uma carga dif\u00edcil de 2 ohms, o que provavelmente faria com que a maioria dos amplificadores e receptores integrados desistissem e desligassem.\u00a0<\/span>Esses n\u00fameros indicam uma tremenda capacidade de sa\u00edda de corrente, que \u00e9 exatamente o que a maioria dos alto-falantes de alto desempenho deseja.<\/p>\n<p>Dave descreveu o som do STR como \u201cpoderoso\u201d e \u201cpegante\u201d, e pude ouvir imediatamente o que ele estava falando.\u00a0A se\u00e7\u00e3o do amplificador do STR possui um alto \u201cfator de amortecimento\u201d, o que significa que exerce controle preciso sobre o movimento de parada e partida dos drivers dos alto-falantes.\u00a0Ouvi m\u00e9dios mais n\u00edtidos e limpos nos alto-falantes do monitor montados no suporte de Dave do que antes.\u00a0E a se\u00e7\u00e3o de pr\u00e9-amplificador do STR parecia estar fornecendo um sinal de alcance mais amplo para seu subwoofer amplificado, porque eu tamb\u00e9m estava ouvindo uma extens\u00e3o de graves maior.<\/p>\n<h4>Domine o maior obst\u00e1culo do seu sistema: sala de som<\/h4>\n<p>O avan\u00e7ado sistema de calibra\u00e7\u00e3o de alto-falantes Genesis ARC (Anthem Room Correction) da Anthem \u00e9 um dos melhores que j\u00e1 ouvimos.\u00a0Ele adapta efetivamente o som do STR ao seu espa\u00e7o, corrigindo problemas causados \u200b\u200bpela reflex\u00e3o do som nas paredes, piso, teto e m\u00f3veis em seu ambiente espec\u00edfico.\u00a0Com os efeitos destes obst\u00e1culos removidos, o seu sistema pode proporcionar um som mais n\u00edtido e natural.<\/p>\n<p>Execute o software de corre\u00e7\u00e3o de ambiente inclu\u00eddo em seu PC Windows\u00ae ou Mac\u00ae e me\u00e7a diversas posi\u00e7\u00f5es em sua sala com o microfone inclu\u00eddo.\u00a0ARC Genesis aproveita o poder de processamento do seu computador para obter os melhores resultados poss\u00edveis, mostrando gr\u00e1ficos detalhados da curva de resposta e corre\u00e7\u00e3o aplicada a cada alto-falante do seu sistema.<\/p>\n<p>Para uma corre\u00e7\u00e3o r\u00e1pida e conveniente da sala, baixe o aplicativo ARC Mobile gratuito da Anthem para iOS\u00ae.\u00a0ARC Mobile permite calibrar seu sistema usando o microfone interno do seu dispositivo iOS ou um microfone calibrado opcional que se conecta ao fone de ouvido para corre\u00e7\u00e3o avan\u00e7ada da sala.<\/p>\n<h4>Destaques do produto:<\/h4>\n<h5>Caracter\u00edsticas:<\/h5>\n<ul>\n<li>200 watts por canal em 8 ohms (20-20.000 Hz) com THD &lt;1%<\/li>\n<li>400 watts por canal em 4 ohms (20-20.000 Hz) com THD &lt;1%<\/li>\n<li>550 watts por canal em 2 ohms (20-20.000 Hz) com THD &lt;1%<\/li>\n<li>A capacidade de 2 ohms permite o uso com uma ampla variedade de alto-falantes<\/li>\n<li>rela\u00e7\u00e3o sinal-ru\u00eddo: 120 dB<\/li>\n<li>grande transformador toroidal de blindagem tripla enrolado com precis\u00e3o e capacitores de filtro superdimensionados para opera\u00e7\u00e3o est\u00e1vel e sem ru\u00eddo<\/li>\n<li>O circuito Advanced Load Monitoring (ALM) monitora constantemente a temperatura, corrente e tens\u00e3o do amplificador para garantir desempenho ideal a longo prazo<\/li>\n<li>Kit de calibra\u00e7\u00e3o de alto-falante Genesis ARC (Anthem Room Correction) (software, microfone USB e suporte telesc\u00f3pico com haste inclu\u00eddos)\n<ul>\n<li>O software ARC requer um laptop baseado em Mac\u00ae ou Windows\u00ae<\/li>\n<li>o aplicativo ARC Mobile gratuito permite que voc\u00ea execute o ARC a partir de dispositivos iOS\u00ae compat\u00edveis<\/li>\n<\/ul>\n<\/li>\n<li>conversor digital-anal\u00f3gico premium de sa\u00edda diferencial de 32 bits\/384kHz<\/li>\n<\/ul>\n<h5>Conex\u00f5es:<\/h5>\n<ul>\n<li>entradas de \u00e1udio digital: 2 Toslink \u00f3pticas e 2 coaxiais (suporta \u00e1udio PCM de at\u00e9 24 bits\/192kHz)<\/li>\n<li>Entrada USB (Tipo B) para conex\u00e3o a um computador (suporta fontes de \u00e1udio PCM de at\u00e9 32 bits\/384kHz, DSD 2,8 e 5,6 MHz\n<ul>\n<li>se estiver usando um PC com Windows, um driver USB DAC deve primeiro ser baixado do site da Anthem e instalado<\/li>\n<\/ul>\n<\/li>\n<li>Entrada de \u00e1udio digital AES\/EBU com conex\u00e3o XLR balanceada<\/li>\n<li>4 conjuntos de entradas RCA est\u00e9reo n\u00e3o balanceadas<\/li>\n<li>2 entradas phono para conectar um toca-discos (uma para uso com cartuchos de \u00edm\u00e3 m\u00f3vel e outra para cartuchos de bobina m\u00f3vel)<\/li>\n<li>conjunto de entradas XLR est\u00e9reo balanceadas para conectar uma fonte compat\u00edvel<\/li>\n<li>sa\u00eddas de pr\u00e9-amplificador RCA est\u00e9reo de n\u00edvel fixo para conectar um amplificador de fone de ouvido ou dispositivo de grava\u00e7\u00e3o<\/li>\n<li>sa\u00eddas duplas de subwoofer RCA est\u00e9reo (opera\u00e7\u00e3o mono ou est\u00e9reo selecion\u00e1vel)\n<ul>\n<li>o gerenciamento de graves integrado, em conjunto com o ARC, foi projetado exclusivamente para uma combina\u00e7\u00e3o perfeita de subwoofer<\/li>\n<\/ul>\n<\/li>\n<li>conectores de alto-falante de liga\u00e7\u00e3o personalizados<\/li>\n<li>Porta Ethernet para corre\u00e7\u00e3o de Anthem Room, instala\u00e7\u00e3o de software e controle\n<ul>\n<li>permite operar o receptor a partir de uma tela de controle de navegador da web em um PC conectado \u00e0 sua rede dom\u00e9stica<\/li>\n<\/ul>\n<\/li>\n<li>porta USB Tipo A do painel traseiro (somente para uso de f\u00e1brica)<\/li>\n<li>Porta USB mini B no painel traseiro para instala\u00e7\u00e3o de software e ARC via PC<\/li>\n<li>Entrada RS-232, entrada remota (IR) e sa\u00edda de disparo de 12 volts para uso com controladores externos<\/li>\n<li><em>Se estiver conectando a uma TV, certifique-se de selecionar a sa\u00edda &#8220;PCM&#8221; no menu de \u00e1udio &#8211; o DAC do pr\u00e9-amplificador n\u00e3o pode decodificar sinais Dolby\u00ae Digital multicanal<\/em><\/li>\n<\/ul>\n<h5>Em geral:<\/h5>\n<ul>\n<li>controle remoto<\/li>\n<li>cabo de alimenta\u00e7\u00e3o destac\u00e1vel<\/li>\n<li>projetado, projetado e fabricado no Canad\u00e1<\/li>\n<li>17&#8243;L x 6-13\/16&#8243;A x 17-9\/16&#8243;P<\/li>\n<li>peso: 40 libras.<\/li>\n<\/ul>\n","protected":false},"excerpt":{"rendered":"<p>O STR \u00e9 um dos amplificadores integrados mais poderosos e completo ja testado. Sua se\u00e7\u00e3o de amplificador de pot\u00eancia \u00e9 classificada de forma conservadora em 200 watts por canal em 8 ohms, ou robustos 400 watts por canal em 4 ohms.\u00a0O STR pode at\u00e9 fornecer impressionantes 550 watts em uma carga dif\u00edcil de 2 ohms, [&hellip;]<\/p>\n","protected":false},"featured_media":13644,"template":"","meta":{"_acf_changed":false},"product_brand":[],"product_cat":[27,146,51],"product_tag":[],"class_list":{"0":"post-12393","1":"product","2":"type-product","3":"status-publish","4":"has-post-thumbnail","6":"product_cat-amplificador","7":"product_cat-anthem","8":"product_cat-integrado","10":"first","11":"instock","12":"sold-individually","13":"shipping-taxable","14":"purchasable","15":"product-type-simple"},"acf":[],"aioseo_notices":[],"_links":{"self":[{"href":"https:\/\/hificlub.com.br\/loja\/wp-json\/wp\/v2\/product\/12393","targetHints":{"allow":["GET"]}}],"collection":[{"href":"https:\/\/hificlub.com.br\/loja\/wp-json\/wp\/v2\/product"}],"about":[{"href":"https:\/\/hificlub.com.br\/loja\/wp-json\/wp\/v2\/types\/product"}],"wp:featuredmedia":[{"embeddable":true,"href":"https:\/\/hificlub.com.br\/loja\/wp-json\/wp\/v2\/media\/13644"}],"wp:attachment":[{"href":"https:\/\/hificlub.com.br\/loja\/wp-json\/wp\/v2\/media?parent=12393"}],"wp:term":[{"taxonomy":"product_brand","embeddable":true,"href":"https:\/\/hificlub.com.br\/loja\/wp-json\/wp\/v2\/product_brand?post=12393"},{"taxonomy":"product_cat","embeddable":true,"href":"https:\/\/hificlub.com.br\/loja\/wp-json\/wp\/v2\/product_cat?post=12393"},{"taxonomy":"product_tag","embeddable":true,"href":"https:\/\/hificlub.com.br\/loja\/wp-json\/wp\/v2\/product_tag?post=12393"}],"curies":[{"name":"wp","href":"https:\/\/api.w.org\/{rel}","templated":true}]}}