{"id":12078,"date":"2024-01-02T18:19:48","date_gmt":"2024-01-02T21:19:48","guid":{"rendered":"https:\/\/hificlub.com.br\/loja\/?post_type=product&#038;p=12078"},"modified":"2026-03-24T06:35:49","modified_gmt":"2026-03-24T09:35:49","slug":"hanss-pa-23-mm-mc-phono-stage","status":"publish","type":"product","link":"https:\/\/hificlub.com.br\/loja\/produto\/hanss-pa-23-mm-mc-phono-stage\/","title":{"rendered":"HANSS PA-23  MM MC Pre Phono"},"content":{"rendered":"<p>ESTADO 9\/10<\/p>\n<p>HANSS PA23 PHONO PR\u00c9-AMPLIFICADOR RIAA MM &#8211; MC CHASSIS DE ALUM\u00cdNIO, PLUGUES DE ENTRADA RCA BANHADOS A OURO.<br \/>\nO PA-23 criou uma sensa\u00e7\u00e3o de desempenho din\u00e2mico. Sem nenhum ru\u00eddo \u00f3bvio, parecia din\u00e2mico e com bom som. No fundo, conseguimos um bom controle com um corpo adequado que &#8211; talvez &#8211; se desviou ligeiramente para o controle excessivo, sem deixar espa\u00e7o para reclama\u00e7\u00f5es. Os f\u00e3s de faixas r\u00edtmicas v\u00e3o gostar muito. Os m\u00e9dios foram renderizados com detalhes muito bons, uma sensa\u00e7\u00e3o de proximidade e boas capacidades de descri\u00e7\u00e3o de timbre. O pr\u00e9-amplificador reproduziu muito bem a estrutura das faixas e soou muito detalhada. A faixa de altas frequ\u00eancias soou equilibrada com boa extens\u00e3o, bastante r\u00e1pida, desviando um pouco para o brilhante-brilhante, sem cansar ou projetar muito e sem motivo. A imagem est\u00e9reo era bastante boa, com uma ligeira tend\u00eancia a desfocar no eixo horizontal o que tamb\u00e9m poderia ser percebido como \u201catmosfera\u201d.<br \/>\nApesar do baixo custo, o PA-23 \u00e9 um pr\u00e9-amplificador bem constru\u00eddo, com bom desempenho (principalmente em termos de ru\u00eddo) e um som interessante que tem um ponto forte na execu\u00e7\u00e3o de partes r\u00edtmicas, principalmente devido \u00e0 sua natureza din\u00e2mica, mas controlada . Sua principal desvantagem \u00e9 a diferen\u00e7a de ganho entre seus canais, algo que a empresa deve ficar atenta.<\/p>\n<p>* Tipo: Pr\u00e9-amplificador Phono MM\/MC<br \/>\n* Chassi: Alum\u00ednio escovado<br \/>\n* Conectores de entrada\/sa\u00edda: RCA banhado a ouro<br \/>\n* Dimens\u00f5es: 220 mm x 190 mm x 70 mm<br \/>\n* Peso: 3,1 kg<br \/>\n* Requisito de energia: AC 17V 50Hz\/60Hz 8VA<\/p>\n<p>Especifica\u00e7\u00f5es Sensibilidade<br \/>\nde entrada MC<br \/>\n: 0,35mV para sa\u00edda de 350mV a 1KHz<br \/>\nImped\u00e2ncia de entrada: 200 Ohms<br \/>\nS Rela\u00e7\u00e3o \/N: &gt;85dB<\/p>\n<p>de entrada MM n\u00e3o ponderada<br \/>\nSensibilidade: 0,35mV para sa\u00edda de 350mV a 1KHz<br \/>\nImped\u00e2ncia de entrada: 47K Ohms<br \/>\nRela\u00e7\u00e3o S\/N: &gt;98dB n\u00e3o ponderada Precis\u00e3o<\/p>\n<p>geral<br \/>\nRIAA: \u00b10,25dB 20Hz a 20KHz Entrada de<\/p>\n<p>energia<br \/>\n: 110VAC 60Hz<br \/>\nSa\u00edda: AC 17VAC &#8211; 200mA<\/p>\n<p>Tipo: Pr\u00e9-amplificador Phono MM\/MC<br \/>\nChassi: Alum\u00ednio escovado<br \/>\nConectores de entrada\/sa\u00edda: RCA banhado a ouro<br \/>\nDimens\u00f5es: 220 mm x 190 mm x 70 mm, 8,66 &#8220;x 7,48&#8243; x 2,75 &#8221;<br \/>\nPeso: 3,1 kg, 6,8 libras<br \/>\nRequisito de energia: 110 AC<\/p>\n","protected":false},"excerpt":{"rendered":"<p>ESTADO 9\/10 HANSS PA23 PHONO PR\u00c9-AMPLIFICADOR RIAA MM &#8211; MC CHASSIS DE ALUM\u00cdNIO, PLUGUES DE ENTRADA RCA BANHADOS A OURO. O PA-23 criou uma sensa\u00e7\u00e3o de desempenho din\u00e2mico. Sem nenhum ru\u00eddo \u00f3bvio, parecia din\u00e2mico e com bom som. No fundo, conseguimos um bom controle com um corpo adequado que &#8211; talvez &#8211; se desviou ligeiramente [&hellip;]<\/p>\n","protected":false},"featured_media":41641,"template":"","meta":{"_acf_changed":false},"product_brand":[],"product_cat":[78,79],"product_tag":[],"class_list":{"0":"post-12078","1":"product","2":"type-product","3":"status-publish","4":"has-post-thumbnail","6":"product_cat-analogico-audio","7":"product_cat-pre-de-phono","9":"first","10":"instock","11":"sold-individually","12":"shipping-taxable","13":"purchasable","14":"product-type-simple"},"acf":[],"aioseo_notices":[],"_links":{"self":[{"href":"https:\/\/hificlub.com.br\/loja\/wp-json\/wp\/v2\/product\/12078","targetHints":{"allow":["GET"]}}],"collection":[{"href":"https:\/\/hificlub.com.br\/loja\/wp-json\/wp\/v2\/product"}],"about":[{"href":"https:\/\/hificlub.com.br\/loja\/wp-json\/wp\/v2\/types\/product"}],"wp:featuredmedia":[{"embeddable":true,"href":"https:\/\/hificlub.com.br\/loja\/wp-json\/wp\/v2\/media\/41641"}],"wp:attachment":[{"href":"https:\/\/hificlub.com.br\/loja\/wp-json\/wp\/v2\/media?parent=12078"}],"wp:term":[{"taxonomy":"product_brand","embeddable":true,"href":"https:\/\/hificlub.com.br\/loja\/wp-json\/wp\/v2\/product_brand?post=12078"},{"taxonomy":"product_cat","embeddable":true,"href":"https:\/\/hificlub.com.br\/loja\/wp-json\/wp\/v2\/product_cat?post=12078"},{"taxonomy":"product_tag","embeddable":true,"href":"https:\/\/hificlub.com.br\/loja\/wp-json\/wp\/v2\/product_tag?post=12078"}],"curies":[{"name":"wp","href":"https:\/\/api.w.org\/{rel}","templated":true}]}}