{"id":11931,"date":"2024-01-02T18:19:01","date_gmt":"2024-01-02T21:19:01","guid":{"rendered":"https:\/\/hificlub.com.br\/loja\/?post_type=product&#038;p=11931"},"modified":"2024-11-28T07:31:23","modified_gmt":"2024-11-28T10:31:23","slug":"elac-fs257","status":"publish","type":"product","link":"https:\/\/hificlub.com.br\/loja\/produto\/elac-fs257\/","title":{"rendered":"ELAC FS257"},"content":{"rendered":"<p>ESTADO 9\/10<\/p>\n<p>O FS 257 n\u00e3o compromete a ac\u00fastica,<br \/>\na apar\u00eancia ou a tecnologia. A membrana de folha dobrada<br \/>\ndo tweeter Jet III \u00e9 acionada por um poderoso<br \/>\nsistema de \u00edm\u00e3 de haste de neod\u00edmio. Este design<br \/>\nmove o ar muito mais r\u00e1pido, resultando em dinamismo extraordin\u00e1rio e efici\u00eancia excepcional. A<br \/>\nabertura de emiss\u00e3o de som ampliada do mais recente<br \/>\nmodelo JET III garante uma resposta de<br \/>\nfrequ\u00eancia absolutamente linear de at\u00e9 50 kHz.<br \/>\nDois cones de membrana de cristal de 150 mm fornecem<br \/>\na faixa m\u00e9dia. As membranas de cristal s\u00e3o<br \/>\nconstru\u00eddas a partir de um cone de celulose e especialmente<br \/>\nsandu\u00edche de folha de alum\u00ednio em relevo, de onde<br \/>\neles obt\u00eam seu nome. As aberturas de reflexo de graves<br \/>\nsuportam o chassi na reprodu\u00e7\u00e3o de graves. Em<br \/>\ncombina\u00e7\u00e3o com os crossovers rec\u00e9m-desenvolvidos, o FS 257 impressionar\u00e1 com um som est\u00e9reo neutro,<br \/>\nfinamente marcado e completamente tridimensional.<\/p>\n<p>Caracter\u00edsticas<br \/>\n\u2022 Base de som muito agrad\u00e1vel, mesmo em volumes altos.<br \/>\n\u2022 Resposta de frequ\u00eancia linear de at\u00e9 50 kHz, gra\u00e7as ao JET III.<br \/>\n\u2022 Din\u00e2mica fina excelente devido aos woofers com membrana de cristal.<br \/>\n\u2022 Grades fixadas magneticamente.<br \/>\n\u2022 Plugues bass reflex inclu\u00eddos.<br \/>\n\u2022 Design complementar atraente e atemporal.<\/p>\n<p>Altura X Largura X Profundidade &#8211; 989 \u00d7 220 \u00d7 320 mil\u00edmetros<br \/>\nPeso &#8211; 17,4kg<br \/>\nTipo &#8211; 2\u00bd vias, bassreflex Alto-falante &#8211; Cone AS-XR de 2 \u00d7 150 mm<br \/>\nTweeter &#8211; 1 \u00d7 JATO III<br \/>\nFrequencia cruzada &#8211; 700\/3.200Hz<br \/>\nFaixa de frequ\u00eancia (IEC 268-5) &#8211; 33&#8230;50.000Hz<br \/>\nSensibilidade &#8211; 88 dB\/2,83 V\/m<br \/>\nAdequado para amplificadores &#8211; 4&#8230;8\u03a9<br \/>\nPot\u00eancia recomendada do amplificador &#8211; 30 &#8211; 250 W\/canal<br \/>\nTratamento de pot\u00eancia nominal\/de pico &#8211; 120\/160W<br \/>\nImped\u00e2ncia Nominal &#8211; 4\u03a9<br \/>\nImped\u00e2ncia M\u00ednima &#8211; 3,1\u03a9\/230Hz<\/p>\n","protected":false},"excerpt":{"rendered":"<p>ESTADO 9\/10 O FS 257 n\u00e3o compromete a ac\u00fastica, a apar\u00eancia ou a tecnologia. A membrana de folha dobrada do tweeter Jet III \u00e9 acionada por um poderoso sistema de \u00edm\u00e3 de haste de neod\u00edmio. Este design move o ar muito mais r\u00e1pido, resultando em dinamismo extraordin\u00e1rio e efici\u00eancia excepcional. A abertura de emiss\u00e3o de [&hellip;]<\/p>\n","protected":false},"featured_media":18989,"template":"","meta":{"_acf_changed":false},"product_brand":[],"product_cat":[17,149,18],"product_tag":[],"class_list":{"0":"post-11931","1":"product","2":"type-product","3":"status-publish","4":"has-post-thumbnail","6":"product_cat-caixas","7":"product_cat-elac","8":"product_cat-torres","10":"first","11":"instock","12":"sold-individually","13":"shipping-taxable","14":"purchasable","15":"product-type-simple"},"acf":[],"aioseo_notices":[],"_links":{"self":[{"href":"https:\/\/hificlub.com.br\/loja\/wp-json\/wp\/v2\/product\/11931","targetHints":{"allow":["GET"]}}],"collection":[{"href":"https:\/\/hificlub.com.br\/loja\/wp-json\/wp\/v2\/product"}],"about":[{"href":"https:\/\/hificlub.com.br\/loja\/wp-json\/wp\/v2\/types\/product"}],"wp:featuredmedia":[{"embeddable":true,"href":"https:\/\/hificlub.com.br\/loja\/wp-json\/wp\/v2\/media\/18989"}],"wp:attachment":[{"href":"https:\/\/hificlub.com.br\/loja\/wp-json\/wp\/v2\/media?parent=11931"}],"wp:term":[{"taxonomy":"product_brand","embeddable":true,"href":"https:\/\/hificlub.com.br\/loja\/wp-json\/wp\/v2\/product_brand?post=11931"},{"taxonomy":"product_cat","embeddable":true,"href":"https:\/\/hificlub.com.br\/loja\/wp-json\/wp\/v2\/product_cat?post=11931"},{"taxonomy":"product_tag","embeddable":true,"href":"https:\/\/hificlub.com.br\/loja\/wp-json\/wp\/v2\/product_tag?post=11931"}],"curies":[{"name":"wp","href":"https:\/\/api.w.org\/{rel}","templated":true}]}}