{"id":1191,"date":"2023-10-17T19:54:48","date_gmt":"2023-10-17T22:54:48","guid":{"rendered":"https:\/\/hificlub.com.br\/loja2\/produto\/audiopax-model-stereo-88-single-ended-classe-a-15-watts\/"},"modified":"2026-04-22T03:35:19","modified_gmt":"2026-04-22T06:35:19","slug":"audiopax-model-stereo-88-single-ended-classe-a-15-watts","status":"publish","type":"product","link":"https:\/\/hificlub.com.br\/loja\/produto\/audiopax-model-stereo-88-single-ended-classe-a-15-watts\/","title":{"rendered":"AUDIOPAX STEREO 88 a4   15 watts"},"content":{"rendered":"<p>&nbsp;<\/p>\n<h3 class=\"title\"><b>Model 88 &#8211; Uma lenda em amplifica\u00e7\u00e3o<\/b><\/h3>\n<div class=\"post-content top-pad\">\n<p class=\"texto\">Pense em um amplificador. Qualquer amplificador.<\/p>\n<p class=\"texto\">Acompanhe agora sua hist\u00f3ria \u2013 seus reviews, pr\u00eamios recebidos, reconhecimento como o melhor setup em suas participa\u00e7\u00f5es nas principais feiras de \u00e1udio high-end do mundo e os relatos de seus propriet\u00e1rios.<\/p>\n<p class=\"texto\">Compare ent\u00e3o o resultado obtido com a incr\u00edvel hist\u00f3ria de sucesso do\u00a0<b>Model 88<\/b>. Provavelmente apenas neste momento voc\u00ea ter\u00e1 a dimens\u00e3o exata da revolu\u00e7\u00e3o que ele representa no mercado de \u00e1udio e reconhecer\u00e1 que est\u00e1 diante de um produto \u00fanico, absolutamente sem paralelos. E projetado e fabricado no Brasil.<\/p>\n<p class=\"texto\">Sua topologia \u00e9 t\u00e3o revolucion\u00e1ria entre os amplificadores a v\u00e1lvula, que provavelmente \u00e9 a \u00fanica grande inova\u00e7\u00e3o nessa categoria nas \u00faltimas d\u00e9cadas. Foi o equipamento que lan\u00e7ou o conceito do\u00a0<b>Timbre Lock\u00ae<\/b>\u00a0como ajuste para m\u00ednima distor\u00e7\u00e3o no sistema, resultado de anos de intensa pesquisa sobre a intera\u00e7\u00e3o de amplificadores e caixas ac\u00fasticas e ganhador do mais importante pr\u00eamio da Hi-Fi News, a mais tradicional revista especializada em audiofilia da Inglaterra (que o descreveu como \u201cuma aplica\u00e7\u00e3o genial, que funciona; pura e simplesmente\u201d). Ele esteve por 7 anos consecutivos (um recorde) como amplificador recomendado pela conceituada publica\u00e7\u00e3o\u00a0<i>Stereophile<\/i>\u00a0como Classe A e continua como refer\u00eancia para os reviews desta publica\u00e7\u00e3o. O\u00a0<i>6Moons<\/i>, o mais importante site de \u00e1udio high end do mundo, concedeu a ele o pr\u00eamio &#8220;Blue Moon Award\u201d, termo que indica as raras ocasi\u00f5es em que temos duas luas cheias no mesmo m\u00eas e que foi pela primeira vez citado Srajan Ebaen (editor e propriet\u00e1rio da\u00a0<b>6Moons<\/b>) em seu primeiro review do\u00a0<b>Model 88<\/b>, citando que algo como ele apenas aparece no mercado &#8220;once in a blue moon\u201d.<\/p>\n<p>&nbsp;<\/p>\n<\/div>\n<h3 class=\"title\"><b>Especifica\u00e7\u00f5es:<\/b><\/h3>\n<p><b class=\"texto\">Topologia<\/b><\/p>\n<p class=\"texto\">Single Ended Valvulado, Classe A1 (12AT7 + KT88)<\/p>\n<p class=\"texto\"><b>M\u00e1xima pot\u00eancia de sa\u00edda (no clipping)<\/b><\/p>\n<p class=\"texto\"><b>Stereo 88:<\/b>\u00a015W RMS at 1KHz, 4 ou 8 ohms<\/p>\n<p class=\"texto\"><b>Resposta de Frequ\u00eancia<\/b><\/p>\n<p class=\"texto\">14Hz to 90KHz, -3dB<\/p>\n<p class=\"texto\"><b>Rela\u00e7\u00e3o Sinal\/Ru\u00eddo<\/b><\/p>\n<p class=\"texto\">&gt; 90dB (A-weighted) ref 30W<\/p>\n<p class=\"texto\"><b>Ganho<\/b><\/p>\n<p class=\"texto\">18 dB<\/p>\n<p class=\"texto\"><b>Imped\u00e2ncias de Entrada<\/b><\/p>\n<p class=\"texto\">220K ohms<\/p>\n<p class=\"texto\"><b>Tens\u00e3o de Entrada<\/b><\/p>\n<p class=\"texto\">127V ou 220V (definido na encomenda), +- 5%<\/p>\n<p class=\"texto\"><b>Dimens\u00f5es por monobloco (AxLxP, cm)<\/b><\/p>\n<p class=\"texto\">31 x 21 x 36<\/p>\n<p class=\"texto\"><b>Acabamentos<\/b><\/p>\n<p class=\"texto\">Chassis cromado com laterais Red Piano<\/p>\n","protected":false},"excerpt":{"rendered":"<p>&nbsp; Model 88 &#8211; Uma lenda em amplifica\u00e7\u00e3o Pense em um amplificador. Qualquer amplificador. Acompanhe agora sua hist\u00f3ria \u2013 seus reviews, pr\u00eamios recebidos, reconhecimento como o melhor setup em suas participa\u00e7\u00f5es nas principais feiras de \u00e1udio high-end do mundo e os relatos de seus propriet\u00e1rios. Compare ent\u00e3o o resultado obtido com a incr\u00edvel hist\u00f3ria de [&hellip;]<\/p>\n","protected":false},"featured_media":42415,"template":"","meta":{"_acf_changed":false},"product_brand":[],"product_cat":[27,242,28],"product_tag":[],"class_list":{"0":"post-1191","1":"product","2":"type-product","3":"status-publish","4":"has-post-thumbnail","6":"product_cat-amplificador","7":"product_cat-audiopax","8":"product_cat-estereo","10":"first","11":"instock","12":"sold-individually","13":"shipping-taxable","14":"purchasable","15":"product-type-simple"},"acf":[],"aioseo_notices":[],"_links":{"self":[{"href":"https:\/\/hificlub.com.br\/loja\/wp-json\/wp\/v2\/product\/1191","targetHints":{"allow":["GET"]}}],"collection":[{"href":"https:\/\/hificlub.com.br\/loja\/wp-json\/wp\/v2\/product"}],"about":[{"href":"https:\/\/hificlub.com.br\/loja\/wp-json\/wp\/v2\/types\/product"}],"wp:featuredmedia":[{"embeddable":true,"href":"https:\/\/hificlub.com.br\/loja\/wp-json\/wp\/v2\/media\/42415"}],"wp:attachment":[{"href":"https:\/\/hificlub.com.br\/loja\/wp-json\/wp\/v2\/media?parent=1191"}],"wp:term":[{"taxonomy":"product_brand","embeddable":true,"href":"https:\/\/hificlub.com.br\/loja\/wp-json\/wp\/v2\/product_brand?post=1191"},{"taxonomy":"product_cat","embeddable":true,"href":"https:\/\/hificlub.com.br\/loja\/wp-json\/wp\/v2\/product_cat?post=1191"},{"taxonomy":"product_tag","embeddable":true,"href":"https:\/\/hificlub.com.br\/loja\/wp-json\/wp\/v2\/product_tag?post=1191"}],"curies":[{"name":"wp","href":"https:\/\/api.w.org\/{rel}","templated":true}]}}