{"id":11839,"date":"2024-01-02T18:18:26","date_gmt":"2024-01-02T21:18:26","guid":{"rendered":"https:\/\/hificlub.com.br\/loja\/?post_type=product&#038;p=11839"},"modified":"2025-09-29T07:59:22","modified_gmt":"2025-09-29T10:59:22","slug":"conrad-johnson-lp70s-valvulado-70-watts","status":"publish","type":"product","link":"https:\/\/hificlub.com.br\/loja\/produto\/conrad-johnson-lp70s-valvulado-70-watts\/","title":{"rendered":"CONRAD JOHNSON LP70S  Amplificador Valvulado 70 watts"},"content":{"rendered":"<p>ESTADO 9\/10<\/p>\n<p>Amplificador Valvulado Conrad Johnson LP 70S. Amplificador est\u00e9reo a v\u00e1lvula (2&#215;6550 por canal) escolhidas por sua precis\u00e3o musical, for\u00e7a e confiabilidade. Opera\u00e7\u00e3o em modo ultralinear, oferecendo uma combina\u00e7\u00e3o de for\u00e7a e baixa distor\u00e7\u00e3o 2&#215;70 Watts RMS.<\/p>\n<p>Power: 70 watts per channel RMS both channels driven into 4 ohms from 30Hz to 15KHz at no more than 1.5% total harmonic distortion or intermodulation distortion (can be re-connected internally for 8 or 16 ohm loads).<br \/>\nSensitivity: .5 V rms to rated power<br \/>\nSmall Signal Distortion: less than .2% at mid-band<br \/>\nFrequency Response: 20Hz to 20 kHz +0\/-.25 dB<br \/>\nHum and Noise: 102 dB below rated power output<br \/>\nPhase: phase correct Input<br \/>\nImpedance: 100 kOhms<\/p>\n","protected":false},"excerpt":{"rendered":"<p>ESTADO 9\/10 Amplificador Valvulado Conrad Johnson LP 70S. Amplificador est\u00e9reo a v\u00e1lvula (2&#215;6550 por canal) escolhidas por sua precis\u00e3o musical, for\u00e7a e confiabilidade. Opera\u00e7\u00e3o em modo ultralinear, oferecendo uma combina\u00e7\u00e3o de for\u00e7a e baixa distor\u00e7\u00e3o 2&#215;70 Watts RMS. Power: 70 watts per channel RMS both channels driven into 4 ohms from 30Hz to 15KHz at [&hellip;]<\/p>\n","protected":false},"featured_media":11834,"template":"","meta":{"_acf_changed":false},"product_brand":[],"product_cat":[27,32,28],"product_tag":[],"class_list":{"0":"post-11839","1":"product","2":"type-product","3":"status-publish","4":"has-post-thumbnail","6":"product_cat-amplificador","7":"product_cat-conrad-johnson","8":"product_cat-estereo","10":"first","11":"instock","12":"sold-individually","13":"shipping-taxable","14":"purchasable","15":"product-type-simple"},"acf":[],"aioseo_notices":[],"_links":{"self":[{"href":"https:\/\/hificlub.com.br\/loja\/wp-json\/wp\/v2\/product\/11839","targetHints":{"allow":["GET"]}}],"collection":[{"href":"https:\/\/hificlub.com.br\/loja\/wp-json\/wp\/v2\/product"}],"about":[{"href":"https:\/\/hificlub.com.br\/loja\/wp-json\/wp\/v2\/types\/product"}],"wp:featuredmedia":[{"embeddable":true,"href":"https:\/\/hificlub.com.br\/loja\/wp-json\/wp\/v2\/media\/11834"}],"wp:attachment":[{"href":"https:\/\/hificlub.com.br\/loja\/wp-json\/wp\/v2\/media?parent=11839"}],"wp:term":[{"taxonomy":"product_brand","embeddable":true,"href":"https:\/\/hificlub.com.br\/loja\/wp-json\/wp\/v2\/product_brand?post=11839"},{"taxonomy":"product_cat","embeddable":true,"href":"https:\/\/hificlub.com.br\/loja\/wp-json\/wp\/v2\/product_cat?post=11839"},{"taxonomy":"product_tag","embeddable":true,"href":"https:\/\/hificlub.com.br\/loja\/wp-json\/wp\/v2\/product_tag?post=11839"}],"curies":[{"name":"wp","href":"https:\/\/api.w.org\/{rel}","templated":true}]}}