{"id":11784,"date":"2024-01-02T18:18:14","date_gmt":"2024-01-02T21:18:14","guid":{"rendered":"https:\/\/hificlub.com.br\/loja\/?post_type=product&#038;p=11784"},"modified":"2026-03-03T22:18:38","modified_gmt":"2026-03-04T01:18:38","slug":"marantz-reference-pm10s1-200-watts","status":"publish","type":"product","link":"https:\/\/hificlub.com.br\/loja\/produto\/marantz-reference-pm10s1-200-watts\/","title":{"rendered":"MARANTZ REFERENCE PM10S1 200 watts"},"content":{"rendered":"<p>Os amplificadores est\u00e3o no centro da hist\u00f3ria da Marantz: seu primeiro produto foi um pr\u00e9-amplificador de alta qualidade projetado para aproveitar ao m\u00e1ximo o ent\u00e3o novo formato de disco LP. E com uma hist\u00f3ria que se estende at\u00e9 o inovador Audio Consolette &#8211; que Saul B Marantz come\u00e7ou a fabricar em 1952 e que logo se tornou o primeiro produto real da Marantz, o pr\u00e9-amplificador Modelo 1 &#8211; n\u00e3o \u00e9 surpresa que o mais recente modelo Premium Series da empresa, o PM-10, seja um amplificador integrado constru\u00eddo para definir novos padr\u00f5es com todos os formatos musicais atuais.<\/p>\n<p>Na verdade, este amplificador integrado extremamente poderoso \u00e9 constru\u00eddo mais como um pr\u00e9-amplificador separado de ponta e um par de amplificadores de pot\u00eancia monobloco, mas tudo em um gabinete lindamente acabado, projetado para maximizar o desempenho e criar uma forte declara\u00e7\u00e3o visual.<\/p>\n<p>Fazer um amplificador integrado com design monobloco duplo caber em um gabinete de tamanho normal \u00e9 poss\u00edvel pelo uso de um amplificador de comuta\u00e7\u00e3o est\u00e9reo. Seu objetivo? Para revelar o m\u00e1ximo envolvimento musical de tudo, desde LPs at\u00e9 os mais recentes arquivos de \u00e1udio de alta resolu\u00e7\u00e3o e muito mais, e com toda a pot\u00eancia e controle necess\u00e1rios para acionar os alto-falantes mais exigentes, permitindo que eles tenham o melhor desempenho.<\/p>\n<p>Especifica\u00e7\u00f5es<br \/>\nPot\u00eancia de sa\u00edda RMS:  200 W x 2 (8 \u03a9, 1 kHz, THD 0,05%), 400 W x 2 (4 \u03a9, 1 kHz, THD 0,1%)<\/p>\n<p>Distor\u00e7\u00e3o harm\u00f4nica total (1 kHz, acionamento simult\u00e2neo de ambos os canais, 100 W, 8 \u03a9): 0,005%<\/p>\n<p>Resposta de frequ\u00eancia (CD, 1 W, 8 \u03a9): 5 Hz \u2013 50 kHz \u00b13 dB<\/p>\n<p>Fator de amortecimento (8 \u03a9, 20 Hz \u2013 20 kHz): 500<\/p>\n<p>Sensibilidade de entrada\/Imped\u00e2ncia de entrada<br \/>\nPhono (MC baixo): 280 \u03bcV\/10 \u03a9<br \/>\nPhono (MC alto): 280 \u03bcV\/49 \u03a9<br \/>\nPhono (MM): 2,6 mV\/47 k\u03a9<br \/>\nBalanceado: 880 mV\/40 k\u03a9<br \/>\nRCA: 440 mV\/20 k\u03a9<br \/>\nAmplificador de pot\u00eancia: 1,5 V\/20 k\u03a9<\/p>\n<p>N\u00edvel m\u00e1ximo de entrada de phono permitido (1 kHz) MC \/ MM:  8 mV \/ 80 mV<\/p>\n<p>Desvio RIAA (20 Hz \u2013 20 kHz): \u00b10,5 dB<\/p>\n<p>S\/N (IHF-A, carga de 8 \u03a9\/ohms)<br \/>\nPhono (MC): 76 dB (entrada de 0,5 mV, sa\u00edda de 1 W)<br \/>\nPhono (MM): 88 dB (entrada de 5 mV, sa\u00edda de 1 W)<br \/>\nBalanceado: 111 dB (entrada de 4 V, nominal sa\u00edda)<br \/>\nRCA:  111 dB (entrada de 2 V, sa\u00edda nominal)<\/p>\n<p>Consumo de energia:  270 W<\/p>\n<p>Consumo de energia em modo de espera:  0,3 W<\/p>\n<p>Dimens\u00f5es (WHD): 17,3&#8243; x 6,6&#8243; x 17,8&#8243;<\/p>\n<p>Peso: 49,9 lb<\/p>\n","protected":false},"excerpt":{"rendered":"<p>Os amplificadores est\u00e3o no centro da hist\u00f3ria da Marantz: seu primeiro produto foi um pr\u00e9-amplificador de alta qualidade projetado para aproveitar ao m\u00e1ximo o ent\u00e3o novo formato de disco LP. E com uma hist\u00f3ria que se estende at\u00e9 o inovador Audio Consolette &#8211; que Saul B Marantz come\u00e7ou a fabricar em 1952 e que logo [&hellip;]<\/p>\n","protected":false},"featured_media":11783,"template":"","meta":{"_acf_changed":false},"product_brand":[],"product_cat":[27,51,92],"product_tag":[],"class_list":{"0":"post-11784","1":"product","2":"type-product","3":"status-publish","4":"has-post-thumbnail","6":"product_cat-amplificador","7":"product_cat-integrado","8":"product_cat-marantz","10":"first","11":"instock","12":"sold-individually","13":"shipping-taxable","14":"purchasable","15":"product-type-simple"},"acf":[],"aioseo_notices":[],"_links":{"self":[{"href":"https:\/\/hificlub.com.br\/loja\/wp-json\/wp\/v2\/product\/11784","targetHints":{"allow":["GET"]}}],"collection":[{"href":"https:\/\/hificlub.com.br\/loja\/wp-json\/wp\/v2\/product"}],"about":[{"href":"https:\/\/hificlub.com.br\/loja\/wp-json\/wp\/v2\/types\/product"}],"wp:featuredmedia":[{"embeddable":true,"href":"https:\/\/hificlub.com.br\/loja\/wp-json\/wp\/v2\/media\/11783"}],"wp:attachment":[{"href":"https:\/\/hificlub.com.br\/loja\/wp-json\/wp\/v2\/media?parent=11784"}],"wp:term":[{"taxonomy":"product_brand","embeddable":true,"href":"https:\/\/hificlub.com.br\/loja\/wp-json\/wp\/v2\/product_brand?post=11784"},{"taxonomy":"product_cat","embeddable":true,"href":"https:\/\/hificlub.com.br\/loja\/wp-json\/wp\/v2\/product_cat?post=11784"},{"taxonomy":"product_tag","embeddable":true,"href":"https:\/\/hificlub.com.br\/loja\/wp-json\/wp\/v2\/product_tag?post=11784"}],"curies":[{"name":"wp","href":"https:\/\/api.w.org\/{rel}","templated":true}]}}