{"id":11766,"date":"2024-01-02T18:18:04","date_gmt":"2024-01-02T21:18:04","guid":{"rendered":"https:\/\/hificlub.com.br\/loja\/?post_type=product&#038;p=11766"},"modified":"2026-03-03T22:18:38","modified_gmt":"2026-03-04T01:18:38","slug":"rega-exact-capsula-mm","status":"publish","type":"product","link":"https:\/\/hificlub.com.br\/loja\/produto\/rega-exact-capsula-mm\/","title":{"rendered":"REGA EXACT Capsula MM"},"content":{"rendered":"<p>ESTADO Demo<\/p>\n<p>O Exact \u00e9 o n\u00edvel superior de nossa linha de cartuchos magn\u00e9ticos m\u00f3veis feitos \u00e0 m\u00e3o. Constru\u00eddo com as toler\u00e2ncias mais rigorosas poss\u00edveis e usando um perfil &#8216;Vital&#8217; avan\u00e7ado (um micro-retificado de linha fina complexa a partir de um tarugo de diamante retangular). Este perfil avan\u00e7ado garante extrair mais m\u00fasica do seu vinil, usando seu perfil exclusivo para rastrear os grooves com maior precis\u00e3o. Dispon\u00edvel instalado de f\u00e1brica no Planar 6 e um parceiro magn\u00e9tico m\u00f3vel ideal para Planar 3 e Planar 8.<\/p>\n<p>Para ser exato<br \/>\nCada Exact usa um par de bobinas paralelas enroladas internamente da mais alta qualidade. O conjunto de bobinas selecionado \u00e9 cuidadosamente montado em um gabarito personalizado para criar a lacuna polar mais estreita poss\u00edvel na faixa do \u00edm\u00e3 m\u00f3vel. Alcan\u00e7ando um incr\u00edvel equil\u00edbrio de canal fino de \u00b10,1 mV, o Exact oferece a melhor imagem est\u00e9reo e a maior sa\u00edda dispon\u00edvel em nossa linha magn\u00e9tica. Este processo de teste pode levar tr\u00eas vezes mais tempo do que outros modelos magn\u00e9ticos, mas a maior precis\u00e3o vale o esfor\u00e7o, pois voc\u00ea experimentar\u00e1 graves tensos e agudos incisivos. A adi\u00e7\u00e3o do exclusivo sistema de montagem de tr\u00eas pontos Rega (que ajusta automaticamente a sali\u00eancia e melhora a rigidez da montagem na cabe\u00e7a do bra\u00e7o nos bra\u00e7os Rega) \u00e9 o que torna o Exact nosso cartucho magn\u00e9tico m\u00f3vel superior.<\/p>\n<p>Cartucho est\u00e9reo feito \u00e0 m\u00e3o<br \/>\nRega fixa\u00e7\u00e3o de 3 pontos<br \/>\nPerfil de diamante nu &#8216;vital&#8217;<br \/>\nCantil\u00e9ver de alum\u00ednio<br \/>\nO melhor equil\u00edbrio de canais ajustado manualmente para uma imagem est\u00e9reo ideal<br \/>\nBalan\u00e7o de canal fino \u00b10,1 mV<\/p>\n<p>ESPECIFICA\u00c7\u00d5ES T\u00c9CNICAS<br \/>\nSa\u00edda<br \/>\n6,8 &#8211; 7,2 mV<\/p>\n<p>Caneta<br \/>\n&#8216;Vital&#8217; &#8211; Micro-mo\u00eddo complexo de linhas finas a partir de um tarugo de diamante retangular<\/p>\n<p>Consertando<br \/>\nRega fixa\u00e7\u00e3o de 3 pontos<\/p>\n<p>Bobinas<br \/>\nBobinas enroladas paralelamente de alta especifica\u00e7\u00e3o<\/p>\n<p>Cor<br \/>\nAmarelo<\/p>\n<p>Press\u00e3o de rastreamento<br \/>\n1,75g<\/p>\n<p>Imped\u00e2ncia<br \/>\n47 mil<\/p>\n<p>Capacit\u00e2ncia<br \/>\n100 pF<\/p>\n","protected":false},"excerpt":{"rendered":"<p>ESTADO Demo O Exact \u00e9 o n\u00edvel superior de nossa linha de cartuchos magn\u00e9ticos m\u00f3veis feitos \u00e0 m\u00e3o. Constru\u00eddo com as toler\u00e2ncias mais rigorosas poss\u00edveis e usando um perfil &#8216;Vital&#8217; avan\u00e7ado (um micro-retificado de linha fina complexa a partir de um tarugo de diamante retangular). Este perfil avan\u00e7ado garante extrair mais m\u00fasica do seu vinil, [&hellip;]<\/p>\n","protected":false},"featured_media":17610,"template":"","meta":{"_acf_changed":false},"product_brand":[],"product_cat":[78,99,55],"product_tag":[],"class_list":{"0":"post-11766","1":"product","2":"type-product","3":"status-publish","4":"has-post-thumbnail","6":"product_cat-analogico-audio","7":"product_cat-capsulas","8":"product_cat-rega","10":"first","11":"instock","12":"sold-individually","13":"shipping-taxable","14":"purchasable","15":"product-type-simple"},"acf":[],"aioseo_notices":[],"_links":{"self":[{"href":"https:\/\/hificlub.com.br\/loja\/wp-json\/wp\/v2\/product\/11766","targetHints":{"allow":["GET"]}}],"collection":[{"href":"https:\/\/hificlub.com.br\/loja\/wp-json\/wp\/v2\/product"}],"about":[{"href":"https:\/\/hificlub.com.br\/loja\/wp-json\/wp\/v2\/types\/product"}],"wp:featuredmedia":[{"embeddable":true,"href":"https:\/\/hificlub.com.br\/loja\/wp-json\/wp\/v2\/media\/17610"}],"wp:attachment":[{"href":"https:\/\/hificlub.com.br\/loja\/wp-json\/wp\/v2\/media?parent=11766"}],"wp:term":[{"taxonomy":"product_brand","embeddable":true,"href":"https:\/\/hificlub.com.br\/loja\/wp-json\/wp\/v2\/product_brand?post=11766"},{"taxonomy":"product_cat","embeddable":true,"href":"https:\/\/hificlub.com.br\/loja\/wp-json\/wp\/v2\/product_cat?post=11766"},{"taxonomy":"product_tag","embeddable":true,"href":"https:\/\/hificlub.com.br\/loja\/wp-json\/wp\/v2\/product_tag?post=11766"}],"curies":[{"name":"wp","href":"https:\/\/api.w.org\/{rel}","templated":true}]}}