{"id":11717,"date":"2024-01-02T18:17:53","date_gmt":"2024-01-02T21:17:53","guid":{"rendered":"https:\/\/hificlub.com.br\/loja\/?post_type=product&#038;p=11717"},"modified":"2024-10-07T16:58:15","modified_gmt":"2024-10-07T19:58:15","slug":"polk-audio-lsim-702-f-x","status":"publish","type":"product","link":"https:\/\/hificlub.com.br\/loja\/produto\/polk-audio-lsim-702-f-x\/","title":{"rendered":"POLK AUDIO LSiM 702 F\/X"},"content":{"rendered":"<p>Polk Audio LsiM 702 f\/x<br \/>\nO ALTO-FALANTE SURROUND PARA OUVINTES S\u00c9RIOS<\/p>\n<p>Como os modelos LSi M maiores e de ch\u00e3o, cada um desses alto-falantes surround possui o Dynamic Sonic Engine da Polk. Composto por um driver de m\u00e9dio porte de 3-1\/4&#8243; e um tweeter com radiador de anel de 1&#8243; em seu pr\u00f3prio gabinete acusticamente selado, esta dupla bem espa\u00e7ada atua como um &#8220;mini-monitor&#8221;. O alinhamento preciso dos m\u00e9dios e do tweeter permite dispersar o som em uma \u00e1rea ampla e uniforme, com excelente resposta fora do eixo na faixa m\u00e9dia cr\u00edtica de 200 Hz a 2.000 Hz.<\/p>\n<p>Ambiente Realista<br \/>\nMesmo nas maiores salas, voc\u00ea pode se cercar dos efeitos deste lindo alto-falante. O mecanismo s\u00f4nico din\u00e2mico offset alimenta uma paleta enorme de som surround de alcance total que pode ser personalizado para o seu espa\u00e7o. <\/p>\n<p>O Dynamic Balance \u00e9 uma tecnologia propriet\u00e1ria da Polk Audio que usa imagens a laser para determinar qual combina\u00e7\u00e3o de materiais de alto-falante cria a menor quantidade de resson\u00e2ncia. A elimina\u00e7\u00e3o da resson\u00e2ncia em alto-falantes resulta em uma resposta ampla e suave e baixa distor\u00e7\u00e3o.<\/p>\n<p>Os alto-falantes surround da s\u00e9rie Polk Audio LSiM empregam um sistema de driver de 3 vias para agudos n\u00edtidos e detalhados; m\u00e9dios naturais e realistas; e m\u00e9dios-graves precisos e din\u00e2micos.<\/p>\n<p>&#8220;Os surrounds 702F\/X n\u00e3o s\u00e3o bipolares nem dipolo, mas alto-falantes convencionais com radia\u00e7\u00e3o frontal com um layout incomum de dupla face. Fiquei repetidamente impressionado com o qu\u00e3o eficazes eles eram tanto no envolvimento quanto nos efeitos discretos, suaves e n\u00e3o localizados em um grau que eu pensava que apenas os dipolos eram capazes.<br \/>\nQuanto ao n\u00edvel, o sistema Polk tocou muito mais alto do que eu jamais pediria atrav\u00e9s do meu amplificador de pot\u00eancia de 150 watts por canal, sem o menor sinal de tens\u00e3o ou mudan\u00e7a. Todos os tr\u00eas modelos Polk s\u00e3o de sensibilidade comparativamente alta (pelo menos no que diz respeito \u00e0s especifica\u00e7\u00f5es do fabricante), e eu poderia de fato reproduzir o som do filme muitos decib\u00e9is al\u00e9m do \u201cn\u00edvel de refer\u00eancia\u201d sem nenhum ind\u00edcio de estresse \u2013 muito, muito mais alto do que qualquer casa s\u00e3 o teatr\u00f3filo jamais exigiria. &#8221;<br \/>\nSound &amp; Vision Magazine Review<\/p>\n<p>Caracter\u00edsticas do Polk Audio M702<br \/>\nMaterial de driver avan\u00e7ado para um som ainda mais realista: os alto-falantes LSi originais apresentavam um cone de polipropileno leve e r\u00edgido, preenchido com minerais, que era &#8220;inflado&#8221; com ar injetado para formar uma estrutura semelhante a um favo de mel<br \/>\nTecnologia PowerPort para graves suaves e profundos: como todos os alto-falantes LSi M, o woofer de 6-1\/2&#8243; em cada um dos alto-falantes 702 f\/x tem seu pr\u00f3prio PowerPort. Projetado exclusivamente pela Polk, este &#8220;cone&#8221; especialmente projetado na boca da porta de graves direciona o ar em movimento para eliminar a turbul\u00eancia que rouba os graves<br \/>\nDesign de gabinete s\u00f3lido para posicionamento vers\u00e1til: Os gabinetes 702 f\/x s\u00e3o feitos de MDF de 3\/4&#8243; de espessura fortemente refor\u00e7ado com defletores frontais ainda mais grossos (1-1\/4&#8243;) para manter as resson\u00e2ncias de colora\u00e7\u00e3o sonora no m\u00ednimo. As grades magn\u00e9ticas encaixam e desencaixam facilmente<\/p>\n<p>Especifica\u00e7\u00f5es:<br \/>\nResposta de frequ\u00eancia: 55-30.000 Hz (-3dB)<br \/>\nClassifica\u00e7\u00e3o de pot\u00eancia: 20-200 watts<br \/>\nSensibilidade: 88 dB<br \/>\nImped\u00e2ncia: 8 ohms<br \/>\nTweeter: 1 \/ 2,54 cm M\u00e9dio alcance de polipropileno: 3-1\/4 \/ 8,25 cm Woofer de polipropileno: 6-1\/2 \/ 16,51 cm<br \/>\nDimens\u00f5es (L x A x P): 19-15\/16 x 16-1\/4 x 6-3\/4 \/ 50,6 x 41,2 x 17,1 cm<br \/>\nPeso: 28,9 lbs \/ 13,1 kg<\/p>\n","protected":false},"excerpt":{"rendered":"<p>Polk Audio LsiM 702 f\/x O ALTO-FALANTE SURROUND PARA OUVINTES S\u00c9RIOS Como os modelos LSi M maiores e de ch\u00e3o, cada um desses alto-falantes surround possui o Dynamic Sonic Engine da Polk. Composto por um driver de m\u00e9dio porte de 3-1\/4&#8243; e um tweeter com radiador de anel de 1&#8243; em seu pr\u00f3prio gabinete acusticamente [&hellip;]<\/p>\n","protected":false},"featured_media":16598,"template":"","meta":{"_acf_changed":false},"product_brand":[],"product_cat":[17,173,197],"product_tag":[],"class_list":{"0":"post-11717","1":"product","2":"type-product","3":"status-publish","4":"has-post-thumbnail","6":"product_cat-caixas","7":"product_cat-caixas-de-embutir","8":"product_cat-polk-audio","10":"first","11":"instock","12":"sold-individually","13":"shipping-taxable","14":"purchasable","15":"product-type-simple"},"acf":[],"aioseo_notices":[],"_links":{"self":[{"href":"https:\/\/hificlub.com.br\/loja\/wp-json\/wp\/v2\/product\/11717","targetHints":{"allow":["GET"]}}],"collection":[{"href":"https:\/\/hificlub.com.br\/loja\/wp-json\/wp\/v2\/product"}],"about":[{"href":"https:\/\/hificlub.com.br\/loja\/wp-json\/wp\/v2\/types\/product"}],"wp:featuredmedia":[{"embeddable":true,"href":"https:\/\/hificlub.com.br\/loja\/wp-json\/wp\/v2\/media\/16598"}],"wp:attachment":[{"href":"https:\/\/hificlub.com.br\/loja\/wp-json\/wp\/v2\/media?parent=11717"}],"wp:term":[{"taxonomy":"product_brand","embeddable":true,"href":"https:\/\/hificlub.com.br\/loja\/wp-json\/wp\/v2\/product_brand?post=11717"},{"taxonomy":"product_cat","embeddable":true,"href":"https:\/\/hificlub.com.br\/loja\/wp-json\/wp\/v2\/product_cat?post=11717"},{"taxonomy":"product_tag","embeddable":true,"href":"https:\/\/hificlub.com.br\/loja\/wp-json\/wp\/v2\/product_tag?post=11717"}],"curies":[{"name":"wp","href":"https:\/\/api.w.org\/{rel}","templated":true}]}}