{"id":11693,"date":"2024-01-02T18:17:48","date_gmt":"2024-01-02T21:17:48","guid":{"rendered":"https:\/\/hificlub.com.br\/loja\/?post_type=product&#038;p=11693"},"modified":"2026-03-03T22:18:38","modified_gmt":"2026-03-04T01:18:38","slug":"focal-clear-mg-headphone-open-back","status":"publish","type":"product","link":"https:\/\/hificlub.com.br\/loja\/produto\/focal-clear-mg-headphone-open-back\/","title":{"rendered":"FOCAL CLEAR MG Headphone Open Back"},"content":{"rendered":"<p>Fones de ouvido hi-fi abertos para uso dom\u00e9stico<br \/>\nfocal-naim-pim::products.handcrafted_in_fr<br \/>\nGra\u00e7as aos seus exclusivos drivers abertos, Clear Mg revela os melhores detalhes da sua m\u00fasica com precis\u00e3o e delicadeza. Os fones de ouvido fazem voc\u00ea esquecer tudo deles&#8230; O suporte de alum\u00ednio s\u00f3lido oferece um design puro e perfeito. Clear Mg tamb\u00e9m \u00e9 a eleg\u00e2ncia de um acabamento combinado com o conforto de uma faixa de couro e protetores de ouvido de microfibra.<br \/>\nSOM PURO<br \/>\nUma refer\u00eancia entre os fones de ouvido Focal com parte traseira aberta, o Clear Mg oferece excelente desempenho de som gra\u00e7as aos seus alto-falantes de diafragma de magn\u00e9sio. Isso garante uma reprodu\u00e7\u00e3o fina, precisa e de alto impacto, proporcionando um amplo palco sonoro.<br \/>\nCONFORTO TOTAL<br \/>\nO conforto \u00e9 a chave para o prazer auditivo. O suporte de alum\u00ednio s\u00f3lido foi desenvolvido para abra\u00e7ar o rosto e oferecer um design perfeito. A faixa de cabe\u00e7a coberta de couro genu\u00edno e microfibra oferece uma curvatura constante, qualquer que seja o tamanho da cabe\u00e7a, para um assento ideal depois de usada.<br \/>\nFONES DE OUVIDO REFINADOS<br \/>\nCom seu acabamento quente e de alto brilho em Castanha e Metais Mistos e materiais nobres (couro, alum\u00ednio s\u00f3lido, etc.), o Clear Mg \u00e9 um fone de ouvido de eleg\u00e2ncia altamente polida. Outra caracter\u00edstica importante do design \u00e9 a grade em forma de favo de mel nos fones de ouvido, que garante uma abertura de som perfeita e aprimora a eleg\u00e2ncia dos fones de ouvido Clear Mg.<br \/>\nCORRENDO EM<br \/>\nEsses fones de ouvido precisam de um per\u00edodo de rodagem para atingir o desempenho total. Isso acontecer\u00e1 naturalmente ap\u00f3s v\u00e1rias horas de audi\u00e7\u00e3o. Se desejar acelerar o processo, recomendamos que voc\u00ea toque os fones de ouvido por pelo menos 24 horas em um n\u00edvel de volume relativamente alto, em faixas ricas em baixas frequ\u00eancias. Isso estabilizar\u00e1 os alto-falantes e permitir\u00e1 que voc\u00ea aproveite ao m\u00e1ximo seus fones de ouvido.<br \/>\nACESS\u00d3RIOS FORNECIDOS<br \/>\nClear Mg vem com um estojo de transporte tecido nas cores dos fones de ouvido e cabos de alta fidelidade para se adequar a diferentes estilos de audi\u00e7\u00e3o. Um suporte opcional est\u00e1 dispon\u00edvel para exibir os fones de ouvido com eleg\u00e2ncia em casa.<\/p>\n<p>ESPECIFICA\u00c7\u00d5ES<\/p>\n<p>Som &#8211; Ac\u00fastica<br \/>\nTipo de produto: Fones de ouvido abertos<br \/>\nAlto-falantes:<br \/>\nDomo em forma de &#8216;M&#8217; de magn\u00e9sio de 15\/8&#8243; (40 mm)<br \/>\nResposta de frequ\u00eancia (+\/- 3dB):<br \/>\n5 Hz \u2013 23 kHz<br \/>\nTaxa de distor\u00e7\u00e3o harm\u00f4nica: 0,25% a 1 kHz \/ 100 dB SPL<br \/>\nImped\u00e2ncia: 55\u03a9<br \/>\nSPL m\u00e1ximo (pico@1m):<br \/>\n104 dB SPL<\/p>\n","protected":false},"excerpt":{"rendered":"<p>Fones de ouvido hi-fi abertos para uso dom\u00e9stico focal-naim-pim::products.handcrafted_in_fr Gra\u00e7as aos seus exclusivos drivers abertos, Clear Mg revela os melhores detalhes da sua m\u00fasica com precis\u00e3o e delicadeza. Os fones de ouvido fazem voc\u00ea esquecer tudo deles&#8230; O suporte de alum\u00ednio s\u00f3lido oferece um design puro e perfeito. Clear Mg tamb\u00e9m \u00e9 a eleg\u00e2ncia de [&hellip;]<\/p>\n","protected":false},"featured_media":15194,"template":"","meta":{"_acf_changed":false},"product_brand":[],"product_cat":[15,89,45,107],"product_tag":[],"class_list":{"0":"post-11693","1":"product","2":"type-product","3":"status-publish","4":"has-post-thumbnail","6":"product_cat-sem-categoria","7":"product_cat-acessorios","8":"product_cat-focal","9":"product_cat-fones-de-ouvido","11":"first","12":"instock","13":"sold-individually","14":"shipping-taxable","15":"purchasable","16":"product-type-simple"},"acf":[],"aioseo_notices":[],"_links":{"self":[{"href":"https:\/\/hificlub.com.br\/loja\/wp-json\/wp\/v2\/product\/11693","targetHints":{"allow":["GET"]}}],"collection":[{"href":"https:\/\/hificlub.com.br\/loja\/wp-json\/wp\/v2\/product"}],"about":[{"href":"https:\/\/hificlub.com.br\/loja\/wp-json\/wp\/v2\/types\/product"}],"wp:featuredmedia":[{"embeddable":true,"href":"https:\/\/hificlub.com.br\/loja\/wp-json\/wp\/v2\/media\/15194"}],"wp:attachment":[{"href":"https:\/\/hificlub.com.br\/loja\/wp-json\/wp\/v2\/media?parent=11693"}],"wp:term":[{"taxonomy":"product_brand","embeddable":true,"href":"https:\/\/hificlub.com.br\/loja\/wp-json\/wp\/v2\/product_brand?post=11693"},{"taxonomy":"product_cat","embeddable":true,"href":"https:\/\/hificlub.com.br\/loja\/wp-json\/wp\/v2\/product_cat?post=11693"},{"taxonomy":"product_tag","embeddable":true,"href":"https:\/\/hificlub.com.br\/loja\/wp-json\/wp\/v2\/product_tag?post=11693"}],"curies":[{"name":"wp","href":"https:\/\/api.w.org\/{rel}","templated":true}]}}