{"id":11619,"date":"2024-01-02T18:17:24","date_gmt":"2024-01-02T21:17:24","guid":{"rendered":"https:\/\/hificlub.com.br\/loja\/?post_type=product&#038;p=11619"},"modified":"2025-02-25T07:30:20","modified_gmt":"2025-02-25T10:30:20","slug":"dynaudio-confidence-c2-signature-mooca-hg","status":"publish","type":"product","link":"https:\/\/hificlub.com.br\/loja\/produto\/dynaudio-confidence-c2-signature-mooca-hg\/","title":{"rendered":"DYNAUDIO CONFIDENCE C2 SIGNATURE &#8211; MOOCA HG"},"content":{"rendered":"<p>ESTADO 9\/10<\/p>\n<p>Este alto-falante extraordin\u00e1rio adapta a tecnologia DDC de minimiza\u00e7\u00e3o de reflexos a um formato fino e elegante.<\/p>\n<p>Dois tweeters Esotar\u00b2 e dois drivers m\u00e9dios\/graves com formadores de bobina de voz Kapton especiais s\u00e3o perfeitamente integrados pelo crossover avan\u00e7ado para produzir um som perfeitamente equilibrado, mas detalhado, e um incr\u00edvel palco sonoro. Com a tecnologia DDC avan\u00e7ada e o mais recente ajuste fino, o novo Confidence C2 II e C2 Signature \u00e9 o melhor som e o mais refinado Confidence de todos os tempos. O projeto Confidence Signature foi inspirado pelo fundador da Dynaudio, Wilfried Ehrenholz.<br \/>\nEle sempre teve a ambi\u00e7\u00e3o de um dia tornar o melhor ainda melhor. Um novo e mais alto n\u00edvel de ajuste fino e a experi\u00eancia adquirida com a cria\u00e7\u00e3o do excepcional Dynaudio Sapphire e Consequence Ultimate Edition ajudaram a produzir esta edi\u00e7\u00e3o mais refinada do Confidence II e Signature.<\/p>\n<p>Incorporando woofers selecionados de alto desempenho e os melhores acabamentos de folheado de madeira feitos \u00e0 m\u00e3o, os novos modelos Confidence foram ainda mais refinados. Cada modelo incorpora o melhor Esotar\u00b2 da Dynaudio com \u00edm\u00e3 de neod\u00edmio. Em sua vers\u00e3o mais recente, ele \u00e9 ainda mais otimizado por meio do revestimento de precis\u00e3o da Dynaudio, melhorando a resposta excepcionalmente suave e a reprodu\u00e7\u00e3o aut\u00eantica de todos os detalhes musicais finos. O crossover foi ainda mais otimizado, enquanto a fia\u00e7\u00e3o interna foi atualizada. Com essas atualiza\u00e7\u00f5es, as designa\u00e7\u00f5es do modelo de segunda gera\u00e7\u00e3o agora s\u00e3o Confidence II e Confidence Signature.<\/p>\n<p>Esteticamente puro, mas tecnicamente avan\u00e7ado \u2013 o C2 II combina um gabinete fino exclusivo com um design de defletor inovador. No Confidence, um conceito de design completamente novo define a parte frontal do alto-falante como um elemento de design por si s\u00f3. O defletor de alta densidade de m\u00faltiplas camadas produz resson\u00e2ncia extremamente baixa e desacopla os drivers do alto-falante do pr\u00f3prio gabinete. Os modelos Confidence Signature est\u00e3o dispon\u00edveis exclusivamente em madeira real Mocca marrom-escura ou Bordeaux vermelho-escura com acabamento em laca de piano de alto brilho e apresentam orgulhosamente uma placa traseira de alum\u00ednio adornada com a assinatura do fundador e \u00fanico propriet\u00e1rio da Dynaudio, Wilfried Ehrenholz.<\/p>\n<p>Especifica\u00e7\u00e3o Tecnica<br \/>\nS\u00e9rie Confidence<br \/>\nTipo<br \/>\nSuporte de ch\u00e3o<br \/>\nSensibilidade (dB @ 2,83 V\/1 m)<br \/>\n87<br \/>\nManuseio de energia IEC (W)<br \/>\n300<br \/>\nImped\u00e2ncia nominal (Ohm)<br \/>\n4<br \/>\nCorte inferior (Hz @ +\/- 3 dB)<br \/>\n28<br \/>\nCorte superior (kHz @ +\/- 3 dB)<br \/>\n25<br \/>\nPrinc\u00edpio da caixa<br \/>\nBass reflex traseiro com porta<br \/>\nCruzamento<br \/>\nDDC bidirecional<br \/>\nFrequ\u00eancia de Crossover (Hz)<br \/>\n2200,(8000)Hz<br \/>\nTweeter<br \/>\n2x 28 mm Esotar2<br \/>\nM\u00e9dio\/Woofer<br \/>\n2&#215;17 cm MSP<br \/>\nPeso kg<br \/>\n40<br \/>\nPeso lbs<br \/>\n88,2<br \/>\nLargura mm<br \/>\n238<br \/>\nAltura mm<br \/>\n1550<br \/>\nProfundidade mm<br \/>\n445<br \/>\nLargura polegadas<br \/>\n9 3\/8<br \/>\nAltura polegadas<br \/>\n61<br \/>\nProfundidade polegadas<br \/>\n17 4\/8<br \/>\nLargura mm incl. p\u00e9s\/grelha\/suporte<br \/>\n420<br \/>\nAltura mm incl. p\u00e9s\/grelha\/suporte<br \/>\n1550<br \/>\nProfundidade mm incl. p\u00e9s\/grelha\/suporte<br \/>\n475<br \/>\nLargura polegadas incl. p\u00e9s\/grelha\/suporte<br \/>\n16 4\/8<br \/>\nAltura polegadas incl. p\u00e9s\/grelha\/suporte<br \/>\n61<br \/>\nProfundidade polegadas incl. p\u00e9s\/grelha\/suporte<br \/>\n18 6\/8<\/p>\n","protected":false},"excerpt":{"rendered":"<p>ESTADO 9\/10 Este alto-falante extraordin\u00e1rio adapta a tecnologia DDC de minimiza\u00e7\u00e3o de reflexos a um formato fino e elegante. Dois tweeters Esotar\u00b2 e dois drivers m\u00e9dios\/graves com formadores de bobina de voz Kapton especiais s\u00e3o perfeitamente integrados pelo crossover avan\u00e7ado para produzir um som perfeitamente equilibrado, mas detalhado, e um incr\u00edvel palco sonoro. Com a [&hellip;]<\/p>\n","protected":false},"featured_media":20268,"template":"","meta":{"_acf_changed":false},"product_brand":[],"product_cat":[17,44,18],"product_tag":[],"class_list":{"0":"post-11619","1":"product","2":"type-product","3":"status-publish","4":"has-post-thumbnail","6":"product_cat-caixas","7":"product_cat-dynaudio","8":"product_cat-torres","10":"first","11":"instock","12":"sold-individually","13":"shipping-taxable","14":"purchasable","15":"product-type-simple"},"acf":[],"aioseo_notices":[],"_links":{"self":[{"href":"https:\/\/hificlub.com.br\/loja\/wp-json\/wp\/v2\/product\/11619","targetHints":{"allow":["GET"]}}],"collection":[{"href":"https:\/\/hificlub.com.br\/loja\/wp-json\/wp\/v2\/product"}],"about":[{"href":"https:\/\/hificlub.com.br\/loja\/wp-json\/wp\/v2\/types\/product"}],"wp:featuredmedia":[{"embeddable":true,"href":"https:\/\/hificlub.com.br\/loja\/wp-json\/wp\/v2\/media\/20268"}],"wp:attachment":[{"href":"https:\/\/hificlub.com.br\/loja\/wp-json\/wp\/v2\/media?parent=11619"}],"wp:term":[{"taxonomy":"product_brand","embeddable":true,"href":"https:\/\/hificlub.com.br\/loja\/wp-json\/wp\/v2\/product_brand?post=11619"},{"taxonomy":"product_cat","embeddable":true,"href":"https:\/\/hificlub.com.br\/loja\/wp-json\/wp\/v2\/product_cat?post=11619"},{"taxonomy":"product_tag","embeddable":true,"href":"https:\/\/hificlub.com.br\/loja\/wp-json\/wp\/v2\/product_tag?post=11619"}],"curies":[{"name":"wp","href":"https:\/\/api.w.org\/{rel}","templated":true}]}}