{"id":11552,"date":"2024-01-02T18:17:06","date_gmt":"2024-01-02T21:17:06","guid":{"rendered":"https:\/\/hificlub.com.br\/loja\/?post_type=product&#038;p=11552"},"modified":"2026-02-13T06:38:11","modified_gmt":"2026-02-13T09:38:11","slug":"jamo-s606","status":"publish","type":"product","link":"https:\/\/hificlub.com.br\/loja\/produto\/jamo-s606\/","title":{"rendered":"JAMO S606"},"content":{"rendered":"<p>ESTADO 9\/10<\/p>\n<p>O sistema de alto-falantes de tr\u00eas vias S606 possui um design com bass-reflex (a porta fica na parede traseira). Uma c\u00fapula macia de tweeter de 25 mm possui uma base t\u00eaxtil. Para os m\u00e9dios, s\u00e3o fornecidas duas unidades MF\/LF de 127 mm, com uma bala met\u00e1lica est\u00e1tica em vez de uma tampa \u00e0 prova de poeira. O tweeter e as unidades MF s\u00e3o colocados em um compartimento selado separado, que melhora o isolamento com o woofer. O woofer fica em uma parede lateral da parte inferior do corpo.<\/p>\n<p>Som. Nos acostumamos com o fato de que os produtos ac\u00fasticos da empresa dinamarquesa sempre apresentam um n\u00edvel bastante alto nos testes. Este modelo tamb\u00e9m n\u00e3o traiu a tradi\u00e7\u00e3o. Levando em considera\u00e7\u00e3o a categoria de pre\u00e7o baixo, podemos concluir que o sistema de alto-falantes Jamo S606 \u00e9 capaz de fazer muitas coisas. O som \u00e9 focado, din\u00e2mico, aberto, preciso e neutro devido ao equil\u00edbrio tonal. O modelo pode ser criticado por uma leve frouxid\u00e3o nas letras min\u00fasculas e um leve excesso de brilho nas frequ\u00eancias agudas. Este produto bem projetado \u00e9 capaz de funcionar com efici\u00eancia em sistemas musicais ou na posi\u00e7\u00e3o frontal de home theater<\/p>\n<p>ESPECIFICA\u00c7\u00d5ES<br \/>\nTipo de sistema 3 vias<br \/>\nTipo de gabinete Reflexo de graves<br \/>\nResposta de frequ\u00eancia \u00b1 3dB 42 &#8211; 20000 Hz<br \/>\nImped\u00e2ncia nominal 6 Ohm<br \/>\nRequisitos do amplificador 15 &#8211; 210 W<br \/>\nSensibilidade (2,83 V\/1 m) 89 dB<br \/>\nTweeter 25 mm (1 pol.)<br \/>\nM\u00e9dio 2 x 127 mm (5 pol.)<br \/>\nAlto-falante 203 mm (8 pol.)<br \/>\nDimens\u00f5es (A x L x P) 1080 x 190 x 345 mm<br \/>\nPeso 24,1 kg<\/p>\n","protected":false},"excerpt":{"rendered":"<p>ESTADO 9\/10 O sistema de alto-falantes de tr\u00eas vias S606 possui um design com bass-reflex (a porta fica na parede traseira). Uma c\u00fapula macia de tweeter de 25 mm possui uma base t\u00eaxtil. Para os m\u00e9dios, s\u00e3o fornecidas duas unidades MF\/LF de 127 mm, com uma bala met\u00e1lica est\u00e1tica em vez de uma tampa \u00e0 [&hellip;]<\/p>\n","protected":false},"featured_media":21369,"template":"","meta":{"_acf_changed":false},"product_brand":[],"product_cat":[17,188,18],"product_tag":[],"class_list":{"0":"post-11552","1":"product","2":"type-product","3":"status-publish","4":"has-post-thumbnail","6":"product_cat-caixas","7":"product_cat-jamo","8":"product_cat-torres","10":"first","11":"instock","12":"sold-individually","13":"shipping-taxable","14":"purchasable","15":"product-type-simple"},"acf":[],"aioseo_notices":[],"_links":{"self":[{"href":"https:\/\/hificlub.com.br\/loja\/wp-json\/wp\/v2\/product\/11552","targetHints":{"allow":["GET"]}}],"collection":[{"href":"https:\/\/hificlub.com.br\/loja\/wp-json\/wp\/v2\/product"}],"about":[{"href":"https:\/\/hificlub.com.br\/loja\/wp-json\/wp\/v2\/types\/product"}],"wp:featuredmedia":[{"embeddable":true,"href":"https:\/\/hificlub.com.br\/loja\/wp-json\/wp\/v2\/media\/21369"}],"wp:attachment":[{"href":"https:\/\/hificlub.com.br\/loja\/wp-json\/wp\/v2\/media?parent=11552"}],"wp:term":[{"taxonomy":"product_brand","embeddable":true,"href":"https:\/\/hificlub.com.br\/loja\/wp-json\/wp\/v2\/product_brand?post=11552"},{"taxonomy":"product_cat","embeddable":true,"href":"https:\/\/hificlub.com.br\/loja\/wp-json\/wp\/v2\/product_cat?post=11552"},{"taxonomy":"product_tag","embeddable":true,"href":"https:\/\/hificlub.com.br\/loja\/wp-json\/wp\/v2\/product_tag?post=11552"}],"curies":[{"name":"wp","href":"https:\/\/api.w.org\/{rel}","templated":true}]}}