{"id":11535,"date":"2024-01-02T18:16:58","date_gmt":"2024-01-02T21:16:58","guid":{"rendered":"https:\/\/hificlub.com.br\/loja\/?post_type=product&#038;p=11535"},"modified":"2026-04-18T22:10:50","modified_gmt":"2026-04-19T01:10:50","slug":"accuphase-e-480-mosfet-180-watts","status":"publish","type":"product","link":"https:\/\/hificlub.com.br\/loja\/produto\/accuphase-e-480-mosfet-180-watts\/","title":{"rendered":"ACCUPHASE E-480 Amplificador Integrado Mosfet 180 watts"},"content":{"rendered":"<p>ESTADO 9\/10<\/p>\n<p>A se\u00e7\u00e3o de pr\u00e9-amplificador apresenta a mais recente implementa\u00e7\u00e3o do controle de volume AAVA para maior clareza adicional. O princ\u00edpio do amplificador de instrumenta\u00e7\u00e3o no est\u00e1gio de amplifica\u00e7\u00e3o de pot\u00eancia permite uma transmiss\u00e3o de sinal completamente equilibrada e fornece uma rela\u00e7\u00e3o sinal-ru\u00eddo de primeira classe. O sensoriamento remoto balanceado garante circuitos de sa\u00edda de baixa imped\u00e2ncia, resultando em um fator de amortecimento de 600. O est\u00e1gio de amplifica\u00e7\u00e3o de pot\u00eancia usa MOSFETs de alta pot\u00eancia em uma configura\u00e7\u00e3o push-pull paralela tripla, fornecendo 180 W em 8 ohms para audi\u00e7\u00e3o de m\u00fasica din\u00e2mica.<\/p>\n<p>Controle de volume AAVA revolucion\u00e1rio<br \/>\nEst\u00e1gio de amplifica\u00e7\u00e3o de pot\u00eancia com MOSFETs de alta pot\u00eancia em uma configura\u00e7\u00e3o push-pull de tr\u00eas paralelos<br \/>\nPot\u00eancia nominal 180 W a 8 ohms<br \/>\nFator de amortecimento 600<br \/>\nO princ\u00edpio do amplificador de instrumenta\u00e7\u00e3o no est\u00e1gio de amplifica\u00e7\u00e3o de pot\u00eancia permite uma transmiss\u00e3o de sinal completamente equilibrada<br \/>\nTopologia MCS+ e realimenta\u00e7\u00e3o de corrente no est\u00e1gio de amplifica\u00e7\u00e3o de pot\u00eancia<br \/>\nForte fonte de alimenta\u00e7\u00e3o com enorme transformador de alta efici\u00eancia e grandes capacitores de filtro<\/p>\n<p>Pot\u00eancia de sa\u00edda: 180 watts por canal em 8\u03a9 (est\u00e9reo)<br \/>\nResposta de frequ\u00eancia: 20Hz a 20kHz<br \/>\nDistor\u00e7\u00e3o harm\u00f4nica total: 0,05%<br \/>\nFator de amortecimento: 600<br \/>\nSensibilidade de entrada: 190mV (linha)<br \/>\nRela\u00e7\u00e3o sinal\/ru\u00eddo: 97dB (linha)<br \/>\nSa\u00edda: 1,51V (pr\u00e9-sa\u00edda)<br \/>\nImped\u00e2ncia de carga do alto-falante: 4\u03a9 a 16\u03a9<br \/>\nEntradas digitais: coaxial opcional, \u00f3ptica, USB<br \/>\nDimens\u00f5es: 465 x 181 x 428 mm<br \/>\nPeso: 24,6kg<br \/>\nAcess\u00f3rios: controle remoto RC-230<\/p>\n<p>Accuphase \u00e9 uma marca lend\u00e1ria no mundo do \u00e1udio de alta fidelidade e alta qualidade. undada no Jap\u00e3o em 1972, a Accuphase rapidamente se estabeleceu como uma das principais fabricantes de equipamentos de \u00e1udio de classe mundial. Desde o in\u00edcio, a miss\u00e3o da Accuphase tem sido criar produtos que ofere\u00e7am uma experi\u00eancia auditiva verdadeiramente excepcional, combinando tecnologia de ponta com artesanato de alta qualidade. Seus amplificadores, pr\u00e9-amplificadores, processadores de \u00e1udio e tocadores de CD s\u00e3o aclamados pela comunidade audi\u00f3fila por sua capacidade de reproduzir m\u00fasica com uma clareza e fidelidade not\u00e1veis. Al\u00e9m disso, a Accuphase \u00e9 conhecida por sua abordagem hol\u00edstica para o design de sistemas de \u00e1udio, reconhecendo que cada componente &#8211; desde o amplificador at\u00e9 os alto-falantes &#8211; desempenha um papel crucial na qualidade final do som. Como resultado, os produtos da Accuphase s\u00e3o projetados para funcionar em harmonia uns com os outros, criando sistemas de \u00e1udio que proporcionam uma experi\u00eancia auditiva verdadeiramente envolvente e imersiva. Ao longo dos anos, a Accuphase tem continuado a inovar e evoluir, incorporando novas tecnologias e t\u00e9cnicas de design em seus produtos para atender \u00e0s demandas em constante mudan\u00e7a do mercado. No entanto, sua dedica\u00e7\u00e3o aos princ\u00edpios fundamentais de qualidade sonora e integridade musical permanece inabal\u00e1vel, garantindo que a marca continue a ser uma refer\u00eancia no mundo do \u00e1udio de alta fidelidade e alta qualidade.<\/p>\n","protected":false},"excerpt":{"rendered":"<p>ESTADO 9\/10 A se\u00e7\u00e3o de pr\u00e9-amplificador apresenta a mais recente implementa\u00e7\u00e3o do controle de volume AAVA para maior clareza adicional. O princ\u00edpio do amplificador de instrumenta\u00e7\u00e3o no est\u00e1gio de amplifica\u00e7\u00e3o de pot\u00eancia permite uma transmiss\u00e3o de sinal completamente equilibrada e fornece uma rela\u00e7\u00e3o sinal-ru\u00eddo de primeira classe. O sensoriamento remoto balanceado garante circuitos de sa\u00edda [&hellip;]<\/p>\n","protected":false},"featured_media":11530,"template":"","meta":{"_acf_changed":false},"product_brand":[],"product_cat":[229,27,51],"product_tag":[],"class_list":{"0":"post-11535","1":"product","2":"type-product","3":"status-publish","4":"has-post-thumbnail","6":"product_cat-accuphase","7":"product_cat-amplificador","8":"product_cat-integrado","10":"first","11":"instock","12":"sold-individually","13":"shipping-taxable","14":"purchasable","15":"product-type-simple"},"acf":[],"aioseo_notices":[],"_links":{"self":[{"href":"https:\/\/hificlub.com.br\/loja\/wp-json\/wp\/v2\/product\/11535","targetHints":{"allow":["GET"]}}],"collection":[{"href":"https:\/\/hificlub.com.br\/loja\/wp-json\/wp\/v2\/product"}],"about":[{"href":"https:\/\/hificlub.com.br\/loja\/wp-json\/wp\/v2\/types\/product"}],"wp:featuredmedia":[{"embeddable":true,"href":"https:\/\/hificlub.com.br\/loja\/wp-json\/wp\/v2\/media\/11530"}],"wp:attachment":[{"href":"https:\/\/hificlub.com.br\/loja\/wp-json\/wp\/v2\/media?parent=11535"}],"wp:term":[{"taxonomy":"product_brand","embeddable":true,"href":"https:\/\/hificlub.com.br\/loja\/wp-json\/wp\/v2\/product_brand?post=11535"},{"taxonomy":"product_cat","embeddable":true,"href":"https:\/\/hificlub.com.br\/loja\/wp-json\/wp\/v2\/product_cat?post=11535"},{"taxonomy":"product_tag","embeddable":true,"href":"https:\/\/hificlub.com.br\/loja\/wp-json\/wp\/v2\/product_tag?post=11535"}],"curies":[{"name":"wp","href":"https:\/\/api.w.org\/{rel}","templated":true}]}}