{"id":11514,"date":"2024-01-02T18:16:53","date_gmt":"2024-01-02T21:16:53","guid":{"rendered":"https:\/\/hificlub.com.br\/loja\/?post_type=product&#038;p=11514"},"modified":"2026-03-03T22:18:38","modified_gmt":"2026-03-04T01:18:38","slug":"focal-aria-cc900","status":"publish","type":"product","link":"https:\/\/hificlub.com.br\/loja\/produto\/focal-aria-cc900\/","title":{"rendered":"FOCAL ARIA CC900"},"content":{"rendered":"<p>Descri\u00e7\u00e3o Geral<br \/>\nFocal Aria Cc900 Caixa Ac\u00fastica Central Home Theater 200W<\/p>\n<p>Informa\u00e7\u00f5es do Produto<br \/>\nO altofalante central de 2 vias Aria CC 900 pode ser facilmente combinado com os altifalantes frontais da gama. O CC 900 foi desenvolvido com especial aten\u00e7\u00e3o para a correspond\u00eancia de madeira, a fim de obter coer\u00eancia sonora e homogeneidade para todos os tipos de configura\u00e7\u00f5es.<\/p>\n<p>A gama Aria \u00e9 vasta, permitindo que uma enorme variedade de configura\u00e7\u00f5es de Cinema em Casa corresponda, entre outras coisas, ao tamanho da sala de audi\u00e7\u00e3o. O altifalante central CC 900 \u00e9 a pedra angular do sistema. Precisa trazer precis\u00e3o e consist\u00eancia entre a imagem visual e o palco sonoro. A contribui\u00e7\u00e3o da membrana de sandu\u00edche &#8216;Linho&#8217; para a defini\u00e7\u00e3o \u00e9 maravilhosamente aparente, com vozes que t\u00eam inteligibilidade e profundidade.<\/p>\n<p>O altifalante central Aria CC 900, quando utilizado com um par de Aria 936, dois altifalantes surround Aria SR 900 e um subwoofer Sub 300 P, proporciona resultados extraordin\u00e1rios, garantindo-lhe um sistema verdadeiramente fant\u00e1stico Home Cinema 5.1.<\/p>\n<p>Especifica\u00e7\u00f5es T\u00e9cnicas<br \/>\nTipo Altifalante central bass-reflex de duas vias<br \/>\nDrivers de alto-falante 2x 61\/2 &#8220;(16,5 cm) Baixo de linho &#8211; midrange<br \/>\n1 &#8220;(25 mm) Al \/ Mg TNF tweeter de c\u00fapula invertida<br \/>\nResposta de frequ\u00eancia (+\/- 3dB) 57Hz &#8211; 28kHz<br \/>\nPonto de baixa frequ\u00eancia &#8211; 6 dB 50Hz<br \/>\nSensibilidade (2.83V \/ 1m) 91dB<br \/>\nImped\u00e2ncia nominal 8 Ohms<br \/>\nImped\u00e2ncia M\u00ednima 4,3 Ohms<br \/>\nPot\u00eancia recomendada do amplificador 40 &#8211; 200W<br \/>\nFreq\u00fc\u00eancia de crossover 2800Hz.<\/p>\n<p>Dimens\u00f5es e Peso<br \/>\nProfundidade: 24,5 cm<br \/>\nLargura: 53,3 cm<br \/>\nAltura: 20 cm<br \/>\nPeso: 10,5 Kg<\/p>\n","protected":false},"excerpt":{"rendered":"<p>Descri\u00e7\u00e3o Geral Focal Aria Cc900 Caixa Ac\u00fastica Central Home Theater 200W Informa\u00e7\u00f5es do Produto O altofalante central de 2 vias Aria CC 900 pode ser facilmente combinado com os altifalantes frontais da gama. O CC 900 foi desenvolvido com especial aten\u00e7\u00e3o para a correspond\u00eancia de madeira, a fim de obter coer\u00eancia sonora e homogeneidade para [&hellip;]<\/p>\n","protected":false},"featured_media":18779,"template":"","meta":{"_acf_changed":false},"product_brand":[],"product_cat":[35,17,45],"product_tag":[],"class_list":{"0":"post-11514","1":"product","2":"type-product","3":"status-publish","4":"has-post-thumbnail","6":"product_cat-caixas-centrais","7":"product_cat-caixas","8":"product_cat-focal","10":"first","11":"instock","12":"sold-individually","13":"shipping-taxable","14":"purchasable","15":"product-type-simple"},"acf":[],"aioseo_notices":[],"_links":{"self":[{"href":"https:\/\/hificlub.com.br\/loja\/wp-json\/wp\/v2\/product\/11514","targetHints":{"allow":["GET"]}}],"collection":[{"href":"https:\/\/hificlub.com.br\/loja\/wp-json\/wp\/v2\/product"}],"about":[{"href":"https:\/\/hificlub.com.br\/loja\/wp-json\/wp\/v2\/types\/product"}],"wp:featuredmedia":[{"embeddable":true,"href":"https:\/\/hificlub.com.br\/loja\/wp-json\/wp\/v2\/media\/18779"}],"wp:attachment":[{"href":"https:\/\/hificlub.com.br\/loja\/wp-json\/wp\/v2\/media?parent=11514"}],"wp:term":[{"taxonomy":"product_brand","embeddable":true,"href":"https:\/\/hificlub.com.br\/loja\/wp-json\/wp\/v2\/product_brand?post=11514"},{"taxonomy":"product_cat","embeddable":true,"href":"https:\/\/hificlub.com.br\/loja\/wp-json\/wp\/v2\/product_cat?post=11514"},{"taxonomy":"product_tag","embeddable":true,"href":"https:\/\/hificlub.com.br\/loja\/wp-json\/wp\/v2\/product_tag?post=11514"}],"curies":[{"name":"wp","href":"https:\/\/api.w.org\/{rel}","templated":true}]}}