{"id":1137,"date":"2023-10-17T19:54:29","date_gmt":"2023-10-17T22:54:29","guid":{"rendered":"https:\/\/hificlub.com.br\/loja2\/produto\/yamaha-aventage-rx-a4a-7-2-hdr10-8k-earc-dolby-atmos-phono-110-watts\/"},"modified":"2026-03-03T22:21:03","modified_gmt":"2026-03-04T01:21:03","slug":"yamaha-aventage-rx-a4a-7-2-hdr10-8k-earc-dolby-atmos-phono-110-watts","status":"publish","type":"product","link":"https:\/\/hificlub.com.br\/loja\/produto\/yamaha-aventage-rx-a4a-7-2-hdr10-8k-earc-dolby-atmos-phono-110-watts\/","title":{"rendered":"YAMAHA AVENTAGE RX-A4A  7.2  HDR10  8K  eARC  Dolby Atmos Phono 110 Watts"},"content":{"rendered":"<p>Desfrute de som multicanal envolvente com o receptor A \/ V Yamaha AVENTAGE RX-A4A MusicCast de 7,2 canais . Ele fornece at\u00e9 110W de pot\u00eancia por canal a 8 ohms e apresenta compatibilidade com Dolby Atmos e DTS: X para suporte de \u00e1udio baseado em objeto. O suporte integrado para Bluetooth e AirPlay 2 permite que o receptor transmita m\u00fasica sem fio de fontes compat\u00edveis, como smartphones e tablets, enquanto o Compressed Music Enhancer da Yamaha ajuda a fornecer qualidade de som otimizada.<\/p>\n<p>A conectividade interna de Wi-Fi e Ethernet permite que o AVENTAGE RX-A4A acesse m\u00fasica de sua rede ou da Internet. A compatibilidade do Amazon Alexa, do Google Assistant e do Apple Siri permite que voc\u00ea controle certas fun\u00e7\u00f5es do receptor apenas com sua voz, por meio de seus dispositivos habilitados para assistente de voz. Com sete entradas HDMI e tr\u00eas sa\u00eddas, este receptor pode atuar como um switcher de v\u00eddeo para seus componentes de fonte HD. Ele passar\u00e1 por sinais HDR 4K UHD para visualiza\u00e7\u00e3o aprimorada de conte\u00fado compat\u00edvel quando emparelhado com um monitor compat\u00edvel. A otimiza\u00e7\u00e3o de som multiponto YPAO RSC ir\u00e1 calibrar o receptor para seus alto-falantes e configura\u00e7\u00e3o da sala para uma experi\u00eancia de audi\u00e7\u00e3o personalizada.<\/p>\n<p>Observa\u00e7\u00e3o:<br \/>\nO acesso a determinado conte\u00fado baseado na Internet pode exigir a assinatura de um servi\u00e7o.<br \/>\nSurround:AI<br \/>\nEssa intelig\u00eancia artificial analisa os par\u00e2metros DSP e otimiza o efeito surround de elementos de som distintos, como m\u00fasica de fundo, di\u00e1logo e efeitos sonoros. \u00c9 como ter um engenheiro de som profissional ajustando o som de acordo com a cena. O processamento de 64 bits \u00e9 obtido com o Qualcomm QCS407.<br \/>\nCriado para maior clareza<br \/>\nA tecnologia anti-resson\u00e2ncia (ART) rec\u00e9m-projetada, a moldura cruzada em forma de H e a estrutura mec\u00e2nica s\u00e3o uma defesa s\u00f3lida contra as vibra\u00e7\u00f5es internas e externas que afetam o som. Experimente um som cristalino que o comove, enquanto o receptor A \/ V permanece perfeitamente im\u00f3vel.<br \/>\nComponentes digitais de alta qualidade<br \/>\nO Qualcomm QCS407 leva o som surround do receptor para o pr\u00f3ximo n\u00edvel com suporte para Dolby Atmos e DTS: X. Com o ESS SABRE ES9007S Premier Audio DAC, voc\u00ea obt\u00e9m uma rela\u00e7\u00e3o sinal \/ ru\u00eddo extraordin\u00e1ria e at\u00e9 120 dB de faixa din\u00e2mica para \u00e1udio de qualidade profissional.<br \/>\nCinema DSP HD3<br \/>\nEsta tecnologia de reprodu\u00e7\u00e3o de campo de som exclusiva da Yamaha foi criada combinando dados de campo de som reais medidos com tecnologia de processamento de sinal digital de ponta. O renovado CINEMA DSP HD3 apresenta novos algoritmos de processamento de sinal e maximiza os efeitos sonoros, reproduzindo com precis\u00e3o uma nova dimens\u00e3o de realismo.<br \/>\n4K60 com suporte futuro para 8K60AB e 4K120AB<br \/>\nPor meio de uma atualiza\u00e7\u00e3o de firmware futura, este receptor suportar\u00e1 resolu\u00e7\u00f5es de 8K e 4K de ponta a ponta e taxas de atualiza\u00e7\u00e3o mais altas, proporcionando uma experi\u00eancia de visualiza\u00e7\u00e3o mais suave e realista.<br \/>\nSuporte HDR<br \/>\nHDR fornece contraste mais profundo e imagens mais realistas que permanecem fi\u00e9is \u00e0s inten\u00e7\u00f5es dos criadores. Inclui suporte para Dolby Vision, Hybrid Log Gamma e BT.2020, e uma futura atualiza\u00e7\u00e3o de firmware habilitar\u00e1 HDR10 +.<br \/>\nApp MusicCast<br \/>\nExplore o poder do \u00e1udio multiroom, acesse suas fontes e dispositivos de streaming e controle o receptor, tudo por meio de seu smartphone.<br \/>\nControle de voz<br \/>\nTrabalhando com o Amazon Alexa e o Google Assistant, o receptor est\u00e1 sempre ao seu comando. Por meio do AirPlay 2, voc\u00ea pode transmitir suas m\u00fasicas por controle de voz com Siri de seu dispositivo Apple iOS.<br \/>\nAplicativo de guia de configura\u00e7\u00e3o AV<br \/>\nEste aplicativo oferece orienta\u00e7\u00e3o especializada por meio da instala\u00e7\u00e3o, conex\u00f5es de cabos e v\u00e1rias outras configura\u00e7\u00f5es.<br \/>\nControle de terceiros<br \/>\nEste receptor est\u00e1 pronto para integra\u00e7\u00e3o com parceiros de controle de terceiros, incluindo Crestron, URC, RTI, Control4 e mais.<br \/>\nYPAO-RSC com medi\u00e7\u00e3o multiponto e equaliza\u00e7\u00e3o de precis\u00e3o<br \/>\nYPAO (Yamaha Room Acoustic Optimizer) analisa a ac\u00fastica da sala e mede as caracter\u00edsticas dos alto-falantes para otimizar todos os canais do home theater. RSC (Reflected Sound Control) tamb\u00e9m otimiza os par\u00e2metros de som para desempenho m\u00e1ximo de CINEMA DSP, Dolby Atmos e DTS: X. Este recurso inclui o modo de baixa frequ\u00eancia.<br \/>\nCompat\u00edvel com som surround sem fio<br \/>\nFique sem fios com MusicCast Surround, permitindo criar um sistema de som surround de 5.1 canais sem a necessidade de passar fios para o fundo da sala. Conecte-se sem fio conectando um MusicCast 50 ou dois alto-falantes sem fio MusicCast 20 ao receptor.<br \/>\nDesign din\u00e2mico e atraente<br \/>\nO artesanato cl\u00e1ssico da Yamaha encontra o design de ponta. Cada pe\u00e7a foi cuidadosamente elaborada para garantir que este receptor tenha uma apar\u00eancia e som perfeitos em sua casa.<br \/>\nRecursos de jogo aprimorados (ALLM, VRR, QMS e QFT) por meio de uma atualiza\u00e7\u00e3o de firmware futura<br \/>\nNovos jogos aprimorados e recursos de m\u00eddia oferecem movimento e transi\u00e7\u00f5es perfeitos para aprimorar seu desempenho.<br \/>\nSuporte para v\u00e1rios consoles de \u00faltima gera\u00e7\u00e3o por meio de uma atualiza\u00e7\u00e3o de firmware futura<br \/>\nTr\u00eas entradas HDMI e uma sa\u00edda suportar\u00e3o igualmente a mais recente tecnologia HDMI para permitir que v\u00e1rios consoles de jogos de \u00faltima gera\u00e7\u00e3o sejam conectados ao mesmo tempo.<br \/>\nCaracter\u00edsticas adicionais<br \/>\nProjeto de alta taxa de varia\u00e7\u00e3o<br \/>\nCompressed Music Enhancer<br \/>\nSpotify Connect<br \/>\nOs servi\u00e7os de streaming incluem Spotify, Amazon Music, Pandora, TIDAL, Deezer, Qobuz, Napster e SiriusXM<br \/>\nDesign elegante e moderno<br \/>\nCunha de tecnologia anti-resson\u00e2ncia (quinto p\u00e9)<br \/>\nAuto power standby<br \/>\nECO Mode<\/p>\n<p>Amplificador<br \/>\nCanais 7.2<br \/>\nSa\u00edda de energia por canal Acionado por 2 canais:<br \/>\n100 W a 8 Ohms \/ 20 Hz a 20 kHz \/ 0,06% THD<br \/>\nProcessamento de \u00c1udio<br \/>\nCompatibilidade DTS DTS: X<br \/>\nCompatibilidade Dolby Dolby Atmos<br \/>\nTecnologia de Upmixing DTS Neural: X, tecnologia de virtualiza\u00e7\u00e3o de altura Dolby Atmos<br \/>\nV\u00eddeo<br \/>\nCompatibilidade HDR HDR10, Dolby Vision, Hybrid Log Gamma<br \/>\nSuporte de passagem 4K60p<br \/>\nConectividade<br \/>\nEntradas A \/ V traseiras 7 x HDMI<br \/>\n1 x TOSLINK \u00f3ptico<br \/>\n1 x Coaxial digital<br \/>\n3 x RCA est\u00e9reo<br \/>\n1 x RCA est\u00e9reo (Phono) com parafuso de aterramento<br \/>\nSa\u00eddas A \/ V traseiras 1 x HDMI<br \/>\n2 x RCA Subwoofer Pre-Out<br \/>\n1 x Stereo RCA Zone 2<br \/>\n1 x Stereo RCA Pre-Out<br \/>\nI \/ O frontal Sa\u00edda de fone de ouvido de 1 x 1\/4 \u201c\/ 6,35 mm<br \/>\n1 x Entrada USB Tipo A<br \/>\n1 x 1\/8\u2033 \/ 3,5 mm Entrada de microfone de configura\u00e7\u00e3o<br \/>\nOutro I \/ O traseiro 1 x RJ45 (Ethernet)<br \/>\n2 x Terminal de antena Bluetooth \/ Wi-Fi<br \/>\n1 x 1\/8 \u201c\/ 3,5 mm (IR) Entrada<br \/>\n1 x 1\/8\u2033 \/ 3,5 mm (IR) Sa\u00edda<br \/>\n1 x 1\/8 \u201c\/ 3,5 mm (Disparador de 12 V) Sa\u00edda<br \/>\n1 x entrada do terminal da antena AM<br \/>\n1 x entrada do terminal da antena FM<br \/>\nConectores de alto-falante 9 x pares de postes de liga\u00e7\u00e3o<br \/>\nSuporte HDCP Vers\u00e3o 2.3<br \/>\nCanal de retorno de \u00e1udio (ARC) Sim, eARC<br \/>\nHDMI CEC sim<br \/>\nSlot para cart\u00e3o de m\u00eddia Nenhum<br \/>\nSele\u00e7\u00e3o de alto-falante A \/ B No<br \/>\nCapacidade Bi-Amp sim<br \/>\nConectividade sem fio<br \/>\nCodecs de \u00e1udio suportados AAC, SBC<br \/>\nProtocolos de \u00e1udio sem fio AirPlay 2, MusicCast<br \/>\nAo controle<br \/>\nSuporte para assistente virtual Amazon Alexa, Apple Siri, Google Assistant<br \/>\nSe\u00e7\u00e3o Tuner<br \/>\nTipo de afinador AM, FM<br \/>\nPoder<br \/>\nConsumo de energia Em espera: 0,1 W<br \/>\nFisica<br \/>\nDimens\u00f5es (L x A x P) 17,1 x 9,6 x 14,6 \u201c\/<br \/>\n43,4 x 24,4 x 37,1 cm (antena para baixo) 17,1 x 9,6 x 14,6\u2033 \/ 43,4 x 24,4 x 37,1 cm (antena para baixo)<br \/>\nPeso 22,5 lb \/ 10,2 kg<\/p>\n","protected":false},"excerpt":{"rendered":"<p>Desfrute de som multicanal envolvente com o receptor A \/ V Yamaha AVENTAGE RX-A4A MusicCast de 7,2 canais . Ele fornece at\u00e9 110W de pot\u00eancia por canal a 8 ohms e apresenta compatibilidade com Dolby Atmos e DTS: X para suporte de \u00e1udio baseado em objeto. O suporte integrado para Bluetooth e AirPlay 2 permite [&hellip;]<\/p>\n","protected":false},"featured_media":1133,"template":"","meta":{"_acf_changed":false},"product_brand":[],"product_cat":[21,22,112],"product_tag":[],"class_list":{"0":"post-1137","1":"product","2":"type-product","3":"status-publish","4":"has-post-thumbnail","6":"product_cat-home-theater","7":"product_cat-receivers","8":"product_cat-yamaha","10":"first","11":"instock","12":"sold-individually","13":"shipping-taxable","14":"purchasable","15":"product-type-simple"},"acf":[],"aioseo_notices":[],"_links":{"self":[{"href":"https:\/\/hificlub.com.br\/loja\/wp-json\/wp\/v2\/product\/1137","targetHints":{"allow":["GET"]}}],"collection":[{"href":"https:\/\/hificlub.com.br\/loja\/wp-json\/wp\/v2\/product"}],"about":[{"href":"https:\/\/hificlub.com.br\/loja\/wp-json\/wp\/v2\/types\/product"}],"wp:featuredmedia":[{"embeddable":true,"href":"https:\/\/hificlub.com.br\/loja\/wp-json\/wp\/v2\/media\/1133"}],"wp:attachment":[{"href":"https:\/\/hificlub.com.br\/loja\/wp-json\/wp\/v2\/media?parent=1137"}],"wp:term":[{"taxonomy":"product_brand","embeddable":true,"href":"https:\/\/hificlub.com.br\/loja\/wp-json\/wp\/v2\/product_brand?post=1137"},{"taxonomy":"product_cat","embeddable":true,"href":"https:\/\/hificlub.com.br\/loja\/wp-json\/wp\/v2\/product_cat?post=1137"},{"taxonomy":"product_tag","embeddable":true,"href":"https:\/\/hificlub.com.br\/loja\/wp-json\/wp\/v2\/product_tag?post=1137"}],"curies":[{"name":"wp","href":"https:\/\/api.w.org\/{rel}","templated":true}]}}