{"id":11171,"date":"2024-01-02T18:15:07","date_gmt":"2024-01-02T21:15:07","guid":{"rendered":"https:\/\/hificlub.com.br\/loja\/?post_type=product&#038;p=11171"},"modified":"2026-02-18T07:18:06","modified_gmt":"2026-02-18T10:18:06","slug":"kubala-sosna-emotion-xlr-1-metro","status":"publish","type":"product","link":"https:\/\/hificlub.com.br\/loja\/produto\/kubala-sosna-emotion-xlr-1-metro\/","title":{"rendered":"KUBALA SOSNA EMOTION XLR   1 metro"},"content":{"rendered":"<p><span dir=\"auto\">As capacidades desses cabos de componentes s\u00e3o dif\u00edceis de descrever porque os termos j\u00e1 foram usados \u200b\u200b\u00e0 exaust\u00e3o. Todos alegam desempenho &#8220;perfeito&#8221;, por\u00e9m, a maioria dos cabos soa muito semelhante em quase todos os aspectos, diferindo apenas em um ou dois pontos.<\/span><\/p>\n<p><span dir=\"auto\">Os cabos Kubala-Sosna t\u00eam um som diferente \u2013 facilmente reconhec\u00edvel \u2013 obviamente superior.<\/span><\/p>\n<p><span dir=\"auto\">O Emotion Ensemble \u00e9 um\u00a0 cabo\u00a0<\/span><a href=\"http:\/\/www.kubala-sosna.com\/news\/revolutionz.htm\" target=\"_blank\" rel=\"noopener\"><span dir=\"auto\">da s\u00e9rie RevolutionZ\u2122<\/span><\/a><span dir=\"auto\">\u00a0\u00a0com\u00a0\u00a0<\/span><a href=\"http:\/\/www.kubala-sosna.com\/news\/technology\/technology.htm\" target=\"_blank\" rel=\"noopener\"><span dir=\"auto\">arquitetura OptimiZ\u2122<\/span><\/a><span dir=\"auto\">\u00a0. Todos os cabos Kubala-Sosna incluem nossa\u00a0\u00a0<\/span><a href=\"http:\/\/www.kubala-sosna.com\/resources\/warranty.htm\" target=\"_blank\" rel=\"noopener\"><span dir=\"auto\">garantia exclusiva de satisfa\u00e7\u00e3o de 30\/60\/90 dias<\/span><\/a><span dir=\"auto\">\u00a0\u00a0e\u00a0 privil\u00e9gios\u00a0<\/span><a href=\"http:\/\/www.kubala-sosna.com\/resources\/upgrade.htm\" target=\"_blank\" rel=\"noopener\"><span dir=\"auto\">de upgrade<\/span><\/a><span dir=\"auto\">\u00a0\u00a0para compras futuras (aplicam-se restri\u00e7\u00f5es. Consulte a pol\u00edtica de upgrade para obter detalhes).<\/span><\/p>\n<p>Emo\u00e7\u00e3o\u2026 Conecte-se \u00e0 Performance\u2122 com estilo de classe mundial!<\/p>\n","protected":false},"excerpt":{"rendered":"<p>As capacidades desses cabos de componentes s\u00e3o dif\u00edceis de descrever porque os termos j\u00e1 foram usados \u200b\u200b\u00e0 exaust\u00e3o. Todos alegam desempenho &#8220;perfeito&#8221;, por\u00e9m, a maioria dos cabos soa muito semelhante em quase todos os aspectos, diferindo apenas em um ou dois pontos. Os cabos Kubala-Sosna t\u00eam um som diferente \u2013 facilmente reconhec\u00edvel \u2013 obviamente superior. [&hellip;]<\/p>\n","protected":false},"featured_media":11170,"template":"","meta":{"_acf_changed":false},"product_brand":[],"product_cat":[61,73,156],"product_tag":[],"class_list":{"0":"post-11171","1":"product","2":"type-product","3":"status-publish","4":"has-post-thumbnail","6":"product_cat-cabos","7":"product_cat-interconnect-xlr","8":"product_cat-kubala-sosna","10":"first","11":"instock","12":"sold-individually","13":"shipping-taxable","14":"purchasable","15":"product-type-simple"},"acf":[],"aioseo_notices":[],"_links":{"self":[{"href":"https:\/\/hificlub.com.br\/loja\/wp-json\/wp\/v2\/product\/11171","targetHints":{"allow":["GET"]}}],"collection":[{"href":"https:\/\/hificlub.com.br\/loja\/wp-json\/wp\/v2\/product"}],"about":[{"href":"https:\/\/hificlub.com.br\/loja\/wp-json\/wp\/v2\/types\/product"}],"wp:featuredmedia":[{"embeddable":true,"href":"https:\/\/hificlub.com.br\/loja\/wp-json\/wp\/v2\/media\/11170"}],"wp:attachment":[{"href":"https:\/\/hificlub.com.br\/loja\/wp-json\/wp\/v2\/media?parent=11171"}],"wp:term":[{"taxonomy":"product_brand","embeddable":true,"href":"https:\/\/hificlub.com.br\/loja\/wp-json\/wp\/v2\/product_brand?post=11171"},{"taxonomy":"product_cat","embeddable":true,"href":"https:\/\/hificlub.com.br\/loja\/wp-json\/wp\/v2\/product_cat?post=11171"},{"taxonomy":"product_tag","embeddable":true,"href":"https:\/\/hificlub.com.br\/loja\/wp-json\/wp\/v2\/product_tag?post=11171"}],"curies":[{"name":"wp","href":"https:\/\/api.w.org\/{rel}","templated":true}]}}