{"id":1114,"date":"2023-10-17T19:54:25","date_gmt":"2023-10-17T22:54:25","guid":{"rendered":"https:\/\/hificlub.com.br\/loja2\/produto\/marantz-av-10-8k-154-dolby-atmos-apple-airplay-2-bluetooth-e-heos-integrados\/"},"modified":"2026-03-03T22:21:03","modified_gmt":"2026-03-04T01:21:03","slug":"marantz-av-10-8k-154-dolby-atmos-apple-airplay-2-bluetooth-e-heos-integrados","status":"publish","type":"product","link":"https:\/\/hificlub.com.br\/loja\/produto\/marantz-av-10-8k-154-dolby-atmos-apple-airplay-2-bluetooth-e-heos-integrados\/","title":{"rendered":"MARANTZ AV10 Pre Processador AV 8K 15,4  Dolby Atmos\u00ae, Apple AirPlay\u00ae 2, Bluetooth\u00ae e HEOS integrados"},"content":{"rendered":"<p><strong>Uma experi\u00eancia ultracinem\u00e1tica<\/strong><\/p>\n<p>Para desempenho de primeira linha e flexibilidade de home theater, escolha o pr\u00e9-amplificador\/processador Marantz AV 10.\u00a0Seu processamento de \u00faltima gera\u00e7\u00e3o e circuitos de \u00e1udio de ponta permitem que voc\u00ea construa o sistema de som surround dos seus sonhos, com at\u00e9 15 alto-falantes colocados em sua sala e at\u00e9 quatro subwoofers.<\/p>\n<p>A principal diferen\u00e7a entre esta unidade e um receptor de home theater tradicional \u00e9 que n\u00e3o h\u00e1 amplifica\u00e7\u00e3o interna.\u00a0Isso remove o calor e o ru\u00eddo gerado durante a amplifica\u00e7\u00e3o, fato que ajuda a melhorar a qualidade do que voc\u00ea v\u00ea e ouve.<\/p>\n<p>O Marantz\u00a0<a href=\"https:\/\/www-crutchfield-com.translate.goog\/p_642AMP10\/Marantz-AMP-10.html?_x_tr_sl=en&amp;_x_tr_tl=pt&amp;_x_tr_hl=pt-BR&amp;_x_tr_pto=sc\">AMP 10<\/a>\u00a0\u00e9 o amplificador companheiro de design personalizado para o AV 10. Mas voc\u00ea pode conectar este pr\u00e9\/profissional \u00e0 sua escolha de\u00a0<a href=\"https:\/\/www-crutchfield-com.translate.goog\/g_10450\/Power-Amplifiers.html?_x_tr_sl=en&amp;_x_tr_tl=pt&amp;_x_tr_hl=pt-BR&amp;_x_tr_pto=sc\">amplificadores de pot\u00eancia externos<\/a>\u00a0, usando\u00a0cabos balanceados (\u00a0<a href=\"https:\/\/www-crutchfield-com.translate.goog\/g_308550\/XLR-Cables.html?_x_tr_sl=en&amp;_x_tr_tl=pt&amp;_x_tr_hl=pt-BR&amp;_x_tr_pto=sc\">XLR<\/a>\u00a0) ou n\u00e3o balanceados (\u00a0<a href=\"https:\/\/www-crutchfield-com.translate.goog\/g_20110\/RCA-Audio-Cables.html?_x_tr_sl=en&amp;_x_tr_tl=pt&amp;_x_tr_hl=pt-BR&amp;_x_tr_pto=sc\">RCA ).\u00a0<\/a>Eu recomendo usar conex\u00f5es XLR se o seu amplificador as suportar, pois elas cancelam o ru\u00eddo potencial e ajudam a alimentar seu amplificador com o sinal mais limpo e forte poss\u00edvel.<\/p>\n<h3>Processamento avan\u00e7ado de \u00e1udio e v\u00eddeo<\/h3>\n<p>A Marantz colocou muita tecnologia no chassi de cobre do AV 10. Mostradores de processamento multicanal Audyssey MultEQ\u00ae XT32 em seus alto-falantes de home theater.\u00a0Um redutor de jitter do rel\u00f3gio oferece som puro de seus arquivos de m\u00fasica digital e servi\u00e7os de streaming com profundidade e detalhes.\u00a0O conversor digital-anal\u00f3gico de \u00faltima gera\u00e7\u00e3o decodifica arquivos de m\u00fasica de alta resolu\u00e7\u00e3o com extrema precis\u00e3o.\u00a0Curta sua m\u00fasica como ela deveria ser, o mais pr\u00f3ximo poss\u00edvel do &#8220;original&#8221;.<\/p>\n<p>A Marantz certificou-se de que o AV 10 \u00e9 compat\u00edvel com a mais recente tecnologia de processamento de v\u00eddeo.\u00a0Todas as sete entradas HDMI e duas das tr\u00eas sa\u00eddas suportam conte\u00fado de v\u00eddeo 8K\/60Hz e 4K\/120Hz (pense no PlayStation\u00ae 5 da Sony ou no Xbox Series X).\u00a0Ou use uma fonte de alta qualidade como um\u00a0<a href=\"https:\/\/www-crutchfield-com.translate.goog\/g_279850\/Blu-ray-Players.html?tp=171&amp;_x_tr_sl=en&amp;_x_tr_tl=pt&amp;_x_tr_hl=pt-BR&amp;_x_tr_pto=sc#&amp;nvpair=AG_General_Features|YC4K_Ultra_HD\">reprodutor de Blu-ray 4K Ultra HD<\/a>\u00a0ou uma\u00a0<a href=\"https:\/\/www-crutchfield-com.translate.goog\/g_467250\/Apple-TV.html?_x_tr_sl=en&amp;_x_tr_tl=pt&amp;_x_tr_hl=pt-BR&amp;_x_tr_pto=sc\">Apple TV<\/a>\u00a0.<\/p>\n<h3>Som envolvente e realista<\/h3>\n<p>O AV 10 se destaca no processamento de formatos de som surround &#8220;baseados em objetos&#8221;, como Dolby Atmos ou DTS:X\u2122, que colocam efeitos sonoros no espa\u00e7o ao seu redor com precis\u00e3o.<\/p>\n<p>Com suporte para at\u00e9 15 alto-falantes, voc\u00ea ouvir\u00e1 a trilha sonora e os efeitos especiais do filme acima, atr\u00e1s, na frente e ao seu lado \u2014 exatamente como faria em um cinema real.<\/p>\n<h3>Mais graves para home theater pulsante<\/h3>\n<p>Para o som surround mais envolvente, Marantz incluiu quatro sa\u00eddas de subwoofer.\u00a0Sua m\u00fasica com graves pesados \u200b\u200be trilhas sonoras de filmes estrondosas ter\u00e3o uma nova profundidade emocionante.\u00a0O uso de v\u00e1rios subs alimentados obviamente oferece mais graves, mas tamb\u00e9m\u00a0graves\u00a0<em>mais equilibrados .\u00a0<\/em>Escolha a configura\u00e7\u00e3o de subwoofer &#8220;Padr\u00e3o&#8221; para desempenho de graves distribu\u00eddo uniformemente por toda a sala ou &#8220;Direcional&#8221; para adaptar o desempenho de graves de cada sub ao alto-falante mais pr\u00f3ximo.<\/p>\n<h3>M\u00fasica em uma sala ou em v\u00e1rias<\/h3>\n<p>Este pr\u00e9\/pro tamb\u00e9m permite transmitir m\u00fasicas de seu telefone ou tablet por meio de Wi-Fi, Bluetooth ou Apple AirPlay 2. Use as entradas digitais \u00f3pticas ou coaxiais para conectar um CD player ou abrir sua cole\u00e7\u00e3o de vinis e conectar seu toca-discos ao entrada phono dedicada.\u00a0Voc\u00ea pode at\u00e9 reproduzir faixas de alta resolu\u00e7\u00e3o de uma unidade USB ou computador em rede.<\/p>\n<p>A tecnologia HEOS Built-in permite que voc\u00ea acesse todos os tipos de conte\u00fado diferente por meio do AV 10. Ou\u00e7a esta\u00e7\u00f5es de r\u00e1dio da Internet ou servi\u00e7os de assinatura populares como Pandora\u00ae, Spotify\u00ae e TIDAL.<\/p>\n<p>Voc\u00ea tamb\u00e9m pode integrar o AV 10 em um sistema de \u00e1udio multi-sala sem fio com\u00a0<a href=\"https:\/\/www-crutchfield-com.translate.goog\/shopsearch\/heos.html?_x_tr_sl=en&amp;_x_tr_tl=pt&amp;_x_tr_hl=pt-BR&amp;_x_tr_pto=sc\">alto-falantes compat\u00edveis ou componentes de streaming<\/a>\u00a0.\u00a0Confira esta\u00a0<a href=\"https:\/\/www-crutchfield-com.translate.goog\/learn\/denon-wireless-speakers-review.html?_x_tr_sl=en&amp;_x_tr_tl=pt&amp;_x_tr_hl=pt-BR&amp;_x_tr_pto=sc\">an\u00e1lise pr\u00e1tica<\/a>\u00a0de alguns alto-falantes habilitados para HEOS para saber mais sobre como essa plataforma funciona.<\/p>\n<h3>Calibra\u00e7\u00e3o de sala avan\u00e7ada<\/h3>\n<p>O Audyssey MultEQ\u00ae XT32 \u00e9 uma das melhores plataformas de corre\u00e7\u00e3o de ambientes do setor.\u00a0Ele mede a ac\u00fastica da sua sala com o microfone inclu\u00eddo e, em seguida, ajusta a sa\u00edda do seu sistema para melhor corresponder \u00e0s caracter\u00edsticas sonoras exclusivas do seu espa\u00e7o.<\/p>\n<p>Para discar totalmente em seu sistema, baixe o aplicativo opcional Audyssey MultEQ Editor.\u00a0Ele permite que voc\u00ea direcione o processo de calibra\u00e7\u00e3o do alto-falante de seu telefone ou tablet, em vez de usar o controle remoto port\u00e1til.\u00a0O aplicativo tamb\u00e9m desbloqueia recursos Audyssey adicionais, como ajuste de curva EQ, controle de compensa\u00e7\u00e3o de m\u00e9dios e a capacidade de salvar v\u00e1rios perfis de calibra\u00e7\u00e3o.<\/p>\n<p>Em 2023, voc\u00ea tamb\u00e9m ter\u00e1 a op\u00e7\u00e3o de comprar e baixar o programa avan\u00e7ado de calibra\u00e7\u00e3o de alto-falantes Dirac Live\u00ae para seu Mac\u00ae ou PC, outro sistema de corre\u00e7\u00e3o de sala de \u00faltima gera\u00e7\u00e3o que pode fazer seu sistema soar da melhor forma.<\/p>\n<p><strong>Destaques do produto:<\/strong><\/p>\n<ul>\n<li>Pr\u00e9-amplificador\/processador de home theater com processamento de 15,4 canais<\/li>\n<li>suporta at\u00e9 15 alto-falantes com amplificadores de pot\u00eancia externos, como o\u00a0<a href=\"https:\/\/www-crutchfield-com.translate.goog\/p_642AMP10\/Marantz-AMP-10.html?_x_tr_sl=en&amp;_x_tr_tl=pt&amp;_x_tr_hl=pt-BR&amp;_x_tr_pto=sc\">AMP 10 correspondente<\/a><\/li>\n<li>As placas de circuito HDAM (Hyper Dynamic Amplifier Modules) da Marantz oferecem detalhes requintados e uma ampla faixa din\u00e2mica<\/li>\n<li>A fonte de alimenta\u00e7\u00e3o toroidal garante imagem e som de baixo ru\u00eddo e alto desempenho<\/li>\n<li>Decodifica\u00e7\u00e3o de som surround Dolby\u00ae, DTS\u00ae e Auro-3D\u00ae\n<ul>\n<li>Processamento Dolby Atmos para uso com alto-falantes embutidos ou de &#8220;altura&#8221; para um som de home theater mais envolvente<\/li>\n<li>Dolby Atmos Height Virtualization e DTS Virtual:X\u00ae criam efeitos tridimensionais sem alto-falantes de altura<\/li>\n<\/ul>\n<\/li>\n<li>O IMAX\u00ae Enhanced reproduz toda a faixa din\u00e2mica de trilhas sonoras IMAX especialmente codificadas de fontes compat\u00edveis<\/li>\n<li>A convers\u00e3o de v\u00eddeo HDMI aumenta os sinais de 1080p e 4K at\u00e9 8K<\/li>\n<li>A calibra\u00e7\u00e3o do alto-falante Audyssey e a otimiza\u00e7\u00e3o do sistema incluem:\n<ul>\n<li>A configura\u00e7\u00e3o autom\u00e1tica do MultEQ XT32 e a calibra\u00e7\u00e3o da sala oferecem um som din\u00e2mico e balanceado com desempenho surround aprimorado<\/li>\n<li>O Dynamic Volume antecipa sons altos para manter os n\u00edveis de volume uniformes<\/li>\n<li>O EQ din\u00e2mico melhora o di\u00e1logo, a resposta dos graves e os n\u00edveis do canal surround em volumes mais baixos<\/li>\n<li>O Sub EQ HT fornece calibra\u00e7\u00e3o individual para quatro subwoofers, para uma resposta de graves uniforme em toda a sala<\/li>\n<li>A conten\u00e7\u00e3o de baixa frequ\u00eancia reduz a quantidade de graves que vaza para outras salas<\/li>\n<li>Aplicativo Audyssey MultEQ Editor para maior personaliza\u00e7\u00e3o de \u00e1udio (aplicativo pago; n\u00e3o inclu\u00eddo)<\/li>\n<\/ul>\n<\/li>\n<li>compatibilidade futura com o sistema opcional de calibra\u00e7\u00e3o de alto-falante avan\u00e7ado Dirac Live\u00ae (em breve em 2023; requer a compra de licen\u00e7a de software)\n<ul>\n<li>requer a instala\u00e7\u00e3o do software Dirac Live em um Mac ou PC antes da calibra\u00e7\u00e3o<\/li>\n<\/ul>\n<\/li>\n<\/ul>\n<h5>Op\u00e7\u00f5es de m\u00fasica digital e streaming:<\/h5>\n<ul>\n<li>Wi-Fi\u00ae integrado para ouvir m\u00fasica de um PC em rede, r\u00e1dio gratuito na Internet e servi\u00e7os de m\u00fasica<\/li>\n<li>A tecnologia integrada HEOS conecta sem fio componentes HEOS compat\u00edveis para \u00e1udio dom\u00e9stico completo\n<ul>\n<li>inclui suporte para Pandora\u00ae, TIDAL, SiriusXM e Spotify\u00ae (assinatura necess\u00e1ria para alguns servi\u00e7os)<\/li>\n<li>O aplicativo HEOS gratuito oferece f\u00e1cil controle de Wi-Fi, ajustes de configura\u00e7\u00f5es e sele\u00e7\u00e3o e reprodu\u00e7\u00e3o de m\u00fasicas<\/li>\n<li>funciona com\u00a0os assistentes de controle de voz\u00a0<a href=\"https:\/\/www-crutchfield-com.translate.goog\/g_463250\/Voice-Control-Assistants.html?tp=72967&amp;_x_tr_sl=en&amp;_x_tr_tl=pt&amp;_x_tr_hl=pt-BR&amp;_x_tr_pto=sc#&amp;nvpair=AG_Voice%20Control%20Platform|FFAmazon_Echo_@Alexa@_\">Amazon Alexa<\/a>\u00a0e\u00a0<a href=\"https:\/\/www-crutchfield-com.translate.goog\/g_463250\/Voice-Control-Assistants.html?_x_tr_sl=en&amp;_x_tr_tl=pt&amp;_x_tr_hl=pt-BR&amp;_x_tr_pto=sc#&amp;nvpair=AG_Voice%20Control%20Platform|FFGoogle_Assistant\">Google Assistant<\/a><\/li>\n<\/ul>\n<\/li>\n<li>O Apple AirPlay 2 permite transmitir diretamente de um iPhone\u00ae ou iPad\u00ae e pedir \u00e0 Siri para tocar Apple Music\u00ae\n<ul>\n<li>suporta \u00e1udio em v\u00e1rias salas com alto-falantes sem fio compat\u00edveis<\/li>\n<\/ul>\n<\/li>\n<li>Bluetooth integrado para ouvir m\u00fasica sem fio com smartphones, tablets e computadores compat\u00edveis<\/li>\n<li>Transmiss\u00e3o Bluetooth para enviar \u00e1udio do receptor para fones de ouvido habilitados para Bluetooth\n<ul>\n<li>reproduzir \u00e1udio apenas por meio de fones de ouvido Bluetooth ou por meio de fones de ouvido Bluetooth e alto-falantes conectados simultaneamente<\/li>\n<\/ul>\n<\/li>\n<li>reproduz arquivos de m\u00fasica digital de alta resolu\u00e7\u00e3o via dispositivo de armazenamento USB ou um computador em rede (resolu\u00e7\u00e3o PCM de at\u00e9 24 bits\/192 kHz; DSD de at\u00e9 5,6 MHz)<\/li>\n<li>funciona como Roon player (requer assinatura e Roon Core em execu\u00e7\u00e3o na sua rede)\n<ul>\n<li>Roon Core \u00e9 um software de servidor de m\u00eddia executado em seu computador, unidade NAS ou outro hardware compat\u00edvel<\/li>\n<\/ul>\n<\/li>\n<\/ul>\n<h5>\u00c1udio\/v\u00eddeo em v\u00e1rias salas:<\/h5>\n<ul>\n<li>sa\u00edda de tr\u00eas ambientes\/tr\u00eas fontes<\/li>\n<li>a reprodu\u00e7\u00e3o multizona suporta conex\u00f5es de \u00e1udio anal\u00f3gicas e digitais<\/li>\n<li>Fontes de \u00e1udio compat\u00edveis com zona 2 e 3: \u00e1udio HDMI, entradas digitais \u00f3pticas\/coaxiais, entradas de \u00e1udio anal\u00f3gicas, sintonizador AM\/FM, aplicativos de m\u00fasica USB, Bluetooth e HEOS\n<ul>\n<li><em>n\u00e3o pode selecionar diferentes fontes USB\/Bluetooth\/rede para cada zona<\/em><\/li>\n<\/ul>\n<\/li>\n<li>Comuta\u00e7\u00e3o de zona dupla HDMI para assistir a conte\u00fado de v\u00eddeo de diferentes fontes em duas zonas simultaneamente<\/li>\n<\/ul>\n<h5>Recursos HDMI:<\/h5>\n<ul>\n<li>Comuta\u00e7\u00e3o de \u00e1udio\/v\u00eddeo HDMI 2.1: 7 entradas, 3 sa\u00eddas\n<ul>\n<li>todas as entradas e 2 sa\u00eddas suportam v\u00eddeo 8K\/60Hz e 4K\/120Hz<\/li>\n<li>todas as entradas e sa\u00eddas suportam v\u00eddeo 4K\/60Hz<\/li>\n<li>A tecnologia HDCP 2.3 garante compatibilidade com fontes Ultra HD e TVs<\/li>\n<li>Compat\u00edvel com HDR para maior contraste e brilho da imagem com TVs compat\u00edveis e conte\u00fado codificado em HDR<\/li>\n<li>suporta HDR10, HDR10+, Dolby Vision\u00ae e HLG<\/li>\n<\/ul>\n<\/li>\n<li>tecnologias de processamento de v\u00eddeo otimizadas para jogos para uma experi\u00eancia de jogo suave e sem atrasos\n<ul>\n<li>Taxa de atualiza\u00e7\u00e3o vari\u00e1vel (VRR), modo autom\u00e1tico de baixa lat\u00eancia (ALLM) e Quick Frame Transport (QFT) reduzem ou eliminam o atraso e o rompimento do quadro<\/li>\n<\/ul>\n<\/li>\n<li>suporta ARC (Audio Return Channel) e eARC (Enhanced Audio Return Channel)\n<ul>\n<li>O eARC recebe sinais de som surround n\u00e3o compactados, incluindo Dolby Atmos e DTS:X por meio da conex\u00e3o HDMI com sua TV compat\u00edvel<\/li>\n<\/ul>\n<\/li>\n<\/ul>\n<h5>Outras conex\u00f5es:<\/h5>\n<ul>\n<li>XLR balanceado de 17,4 canais e sa\u00eddas RCA n\u00e3o balanceadas para conex\u00e3o com amplificadores de pot\u00eancia externos\n<ul>\n<li>inclui quatro sa\u00eddas discretas de subwoofer de n\u00edvel de linha<\/li>\n<li><em>canais m\u00e1ximos de processamento \u00e9 15,4<\/em><\/li>\n<\/ul>\n<\/li>\n<li>entradas de \u00e1udio digital: 2 Toslink \u00f3ptico, 2 coaxiais<\/li>\n<li>5 entradas est\u00e9reo anal\u00f3gicas de n\u00edvel de linha RCA<\/li>\n<li>1 entrada XLR est\u00e9reo balanceada<\/li>\n<li>Entrada phono MM (\u00edm\u00e3 m\u00f3vel) para conectar um toca-discos<\/li>\n<li>Entrada USB tipo A no painel frontal para conectar um pen drive<\/li>\n<\/ul>\n<h5>Garantia e outras informa\u00e7\u00f5es:<\/h5>\n<ul>\n<li>O aplicativo gratuito Marantz AVR Remote permite que voc\u00ea use seu dispositivo Apple\u00ae, Android\u2122 ou Amazon Kindle como um controle remoto Wi-Fi<\/li>\n<li>17-7\/16&#8243; L x 7-7\/16&#8243; A x 19-15\/16&#8243; P (9-15\/16&#8243; A com antenas Wi-Fi levantadas)<\/li>\n<li>peso: 37 libras.<\/li>\n<li>garantia: 5 anos<\/li>\n<\/ul>\n","protected":false},"excerpt":{"rendered":"<p>Uma experi\u00eancia ultracinem\u00e1tica Para desempenho de primeira linha e flexibilidade de home theater, escolha o pr\u00e9-amplificador\/processador Marantz AV 10.\u00a0Seu processamento de \u00faltima gera\u00e7\u00e3o e circuitos de \u00e1udio de ponta permitem que voc\u00ea construa o sistema de som surround dos seus sonhos, com at\u00e9 15 alto-falantes colocados em sua sala e at\u00e9 quatro subwoofers. A principal [&hellip;]<\/p>\n","protected":false},"featured_media":1113,"template":"","meta":{"_acf_changed":false},"product_brand":[],"product_cat":[21,92,23],"product_tag":[],"class_list":{"0":"post-1114","1":"product","2":"type-product","3":"status-publish","4":"has-post-thumbnail","6":"product_cat-home-theater","7":"product_cat-marantz","8":"product_cat-processador","10":"first","11":"instock","12":"sold-individually","13":"shipping-taxable","14":"purchasable","15":"product-type-simple"},"acf":[],"aioseo_notices":[],"_links":{"self":[{"href":"https:\/\/hificlub.com.br\/loja\/wp-json\/wp\/v2\/product\/1114","targetHints":{"allow":["GET"]}}],"collection":[{"href":"https:\/\/hificlub.com.br\/loja\/wp-json\/wp\/v2\/product"}],"about":[{"href":"https:\/\/hificlub.com.br\/loja\/wp-json\/wp\/v2\/types\/product"}],"wp:featuredmedia":[{"embeddable":true,"href":"https:\/\/hificlub.com.br\/loja\/wp-json\/wp\/v2\/media\/1113"}],"wp:attachment":[{"href":"https:\/\/hificlub.com.br\/loja\/wp-json\/wp\/v2\/media?parent=1114"}],"wp:term":[{"taxonomy":"product_brand","embeddable":true,"href":"https:\/\/hificlub.com.br\/loja\/wp-json\/wp\/v2\/product_brand?post=1114"},{"taxonomy":"product_cat","embeddable":true,"href":"https:\/\/hificlub.com.br\/loja\/wp-json\/wp\/v2\/product_cat?post=1114"},{"taxonomy":"product_tag","embeddable":true,"href":"https:\/\/hificlub.com.br\/loja\/wp-json\/wp\/v2\/product_tag?post=1114"}],"curies":[{"name":"wp","href":"https:\/\/api.w.org\/{rel}","templated":true}]}}