{"id":11127,"date":"2024-01-02T18:14:57","date_gmt":"2024-01-02T21:14:57","guid":{"rendered":"https:\/\/hificlub.com.br\/loja\/?post_type=product&#038;p=11127"},"modified":"2026-03-16T07:35:58","modified_gmt":"2026-03-16T10:35:58","slug":"focal-aria-926-black-high-gloss","status":"publish","type":"product","link":"https:\/\/hificlub.com.br\/loja\/produto\/focal-aria-926-black-high-gloss\/","title":{"rendered":"FOCAL ARIA 926  Black High Gloss"},"content":{"rendered":"<p>Focal Aria 926 &#8211; Caixa Ac\u00fastica Torre &#8211; Preto<\/p>\n<p>Informa\u00e7\u00f5es do Produto:<br \/>\nAs caixas torre Focal Aria 926 \u00e9 um modelo de 3 vias e 4 altofalantes, da nova gama Aria, que \u00e9 t\u00e3o potente em Hi-Fi como no cinema em casa.<br \/>\nA Focal est\u00e1 mais uma vez demonstrando seu know-how e sua vontade de inovar de novo e de novo. N\u00e3o menos de 5 anos foram necess\u00e1rios para o desenvolvimento da nova gama Aria. A Focal criou uma s\u00e9rie de alto-falantes in\u00e9ditos de baixo e m\u00e9dio, chamada Flax. Dezoito anos ap\u00f3s a introdu\u00e7\u00e3o da estrutura em sandu\u00edche da s\u00e9rie W, a s\u00e9rie Linho adota o princ\u00edpio ao incorporar novos materiais. Assim, a membrana dos alto-falantes graves e m\u00e9dios \u00e9 composta por um sandu\u00edche de duas folhas de fibra de vidro envolvendo uma fina camada de linho. O linho natural foi escolhido por suas propriedades mec\u00e2nicas: \u00e9 uma fibra oca ideal para conciliar neutralidade e leveza, cuja baixa elasticidade e alta rigidez s\u00e3o compar\u00e1veis \u00bf\u00bfao carbono e ao Kevlar.<\/p>\n<p>Orador de Linho Focal Aria 926<br \/>\nFocal Aria 926: novos alto-falantes de linho<br \/>\nO gabinete da coluna Focal Aria 926 tem zamak injetado (liga de zinco, alum\u00ednio e liga de magn\u00e9sio), leve e ultra-r\u00edgido. Outro novo tweeter TNF, de alum\u00ednio e de magn\u00e9sio camp\u00e2nula invertida, emprega um Poron lama, uma mem\u00f3ria de forma uretano microcelular, que permite uma divis\u00e3o por tr\u00eas da distor\u00e7\u00e3o de 2000 a 3000 Hz, em um intervalo de freq\u00fc\u00eancias em que o ouvido \u00e9 muito sens\u00edvel. Um guia de ondas em forma de uretano preto fosco fornece \u00f3tima dispers\u00e3o horizontal e vertical. As formas s\u00e3o feitas de MDF grosso, com refor\u00e7os internos e paredes n\u00e3o paralelas, para eliminar as ondas estacion\u00e1rias e reduzir a distor\u00e7\u00e3o. Finalmente, os filtros passivos t\u00eam, como sempre na Focal, sido objeto de uma longa otimiza\u00e7\u00e3o a ser respeitada na melhor fase el\u00e9trica e ac\u00fastica.<\/p>\n<p>Couro Focal Aria 926<br \/>\nEm termos de design, a linha Aria \u00e9 uma grande evolu\u00e7\u00e3o na Focal, com linhas limpas e mais s\u00f3brias. Nenhum parafuso \u00e9 vis\u00edvel gra\u00e7as ao uso de an\u00e9is de metal s\u00f3lido escovado, as fachadas t\u00eam um acabamento de couro e uma cobertura de tecido de fixa\u00e7\u00e3o magn\u00e9tica, enquanto as faces superiores s\u00e3o feitas de vidro. Finalmente, a nova linha Aria foi projetada, desenvolvida e fabricada na Fran\u00e7a.<\/p>\n<p>Especifica\u00e7\u00f5es T\u00e9cnicas:<br \/>\nColuna de 3 vias<br \/>\nReflexo Charge-bass<br \/>\nAltifalantes de linho e TNF<br \/>\nPedestal de alum\u00ednio ajust\u00e1vel em altura (chave fornecida)<br \/>\nCapas de tecido magn\u00e9tico<br \/>\nPot\u00eancia recomendada: 40W a 250W<br \/>\nResposta de frequ\u00eancia (+ &#8211; 3 dB): 45 Hz a 28 kHz<br \/>\nResposta a -6 dB: 37 Hz<br \/>\nSensibilidade: 91,5 dB para 1 W a 1 m<br \/>\nImped\u00e2ncia nominal: 8 ohms<br \/>\nImped\u00e2ncia m\u00ednima: 2,9 Ohms<br \/>\nFreq\u00fc\u00eancias de corte: 290 Hz e 2400 Hz<br \/>\nAlto-falantes<br \/>\n2x alto-falantes graves de 16,5 cm Flax<br \/>\n1x altifalante de gama m\u00e9dia de 16,5 cm de linho<br \/>\n1x tweeter TNF de c\u00fapula invertida de 2,5 cm<\/p>\n<p>Dimens\u00f5es e Peso:<br \/>\nProfundidade: 37,1 cm<br \/>\nLargura: 29,4 cm<br \/>\nAltura: 1,35 m<br \/>\nPeso: 25 Kg (cada caixa)<\/p>\n","protected":false},"excerpt":{"rendered":"<p>Focal Aria 926 &#8211; Caixa Ac\u00fastica Torre &#8211; Preto Informa\u00e7\u00f5es do Produto: As caixas torre Focal Aria 926 \u00e9 um modelo de 3 vias e 4 altofalantes, da nova gama Aria, que \u00e9 t\u00e3o potente em Hi-Fi como no cinema em casa. A Focal est\u00e1 mais uma vez demonstrando seu know-how e sua vontade de [&hellip;]<\/p>\n","protected":false},"featured_media":11123,"template":"","meta":{"_acf_changed":false},"product_brand":[],"product_cat":[17,45,18],"product_tag":[],"class_list":{"0":"post-11127","1":"product","2":"type-product","3":"status-publish","4":"has-post-thumbnail","6":"product_cat-caixas","7":"product_cat-focal","8":"product_cat-torres","10":"first","11":"instock","12":"sold-individually","13":"shipping-taxable","14":"purchasable","15":"product-type-simple"},"acf":[],"aioseo_notices":[],"_links":{"self":[{"href":"https:\/\/hificlub.com.br\/loja\/wp-json\/wp\/v2\/product\/11127","targetHints":{"allow":["GET"]}}],"collection":[{"href":"https:\/\/hificlub.com.br\/loja\/wp-json\/wp\/v2\/product"}],"about":[{"href":"https:\/\/hificlub.com.br\/loja\/wp-json\/wp\/v2\/types\/product"}],"wp:featuredmedia":[{"embeddable":true,"href":"https:\/\/hificlub.com.br\/loja\/wp-json\/wp\/v2\/media\/11123"}],"wp:attachment":[{"href":"https:\/\/hificlub.com.br\/loja\/wp-json\/wp\/v2\/media?parent=11127"}],"wp:term":[{"taxonomy":"product_brand","embeddable":true,"href":"https:\/\/hificlub.com.br\/loja\/wp-json\/wp\/v2\/product_brand?post=11127"},{"taxonomy":"product_cat","embeddable":true,"href":"https:\/\/hificlub.com.br\/loja\/wp-json\/wp\/v2\/product_cat?post=11127"},{"taxonomy":"product_tag","embeddable":true,"href":"https:\/\/hificlub.com.br\/loja\/wp-json\/wp\/v2\/product_tag?post=11127"}],"curies":[{"name":"wp","href":"https:\/\/api.w.org\/{rel}","templated":true}]}}