{"id":11033,"date":"2024-01-02T18:14:25","date_gmt":"2024-01-02T21:14:25","guid":{"rendered":"https:\/\/hificlub.com.br\/loja\/?post_type=product&#038;p=11033"},"modified":"2025-11-29T05:31:18","modified_gmt":"2025-11-29T08:31:18","slug":"rogue-audio-sphinx-amplificador-integrado100-watts","status":"publish","type":"product","link":"https:\/\/hificlub.com.br\/loja\/produto\/rogue-audio-sphinx-amplificador-integrado100-watts\/","title":{"rendered":"ROGUE AUDIO SPHINX V1 &#8211; Amplificador Integrado H\u00edbrido,100 watts"},"content":{"rendered":"<p data-path-to-node=\"2\">O <strong>Rogue Audio Sphinx<\/strong> \u00e9 um amplificador integrado que se destaca por combinar a tecnologia de v\u00e1lvulas (tubos) no est\u00e1gio de pr\u00e9-amplifica\u00e7\u00e3o com a efici\u00eancia e pot\u00eancia do estado s\u00f3lido (solid-state) no est\u00e1gio de pot\u00eancia. Essa abordagem h\u00edbrida \u00e9 a assinatura do design da Rogue Audio.<\/p>\n<p data-path-to-node=\"3\"><b>Filosofia H\u00edbrida e Qualidade Sonora<\/b><\/p>\n<p data-path-to-node=\"4\">O Sphinx foi projetado para oferecer o melhor dos dois mundos: o calor, a musicalidade e a riqueza harm\u00f4nica que as v\u00e1lvulas de v\u00e1cuo (tubos) proporcionam no est\u00e1gio de pr\u00e9-amplifica\u00e7\u00e3o, combinados com o controle, a pot\u00eancia e a confiabilidade dos transistores no est\u00e1gio de sa\u00edda (Classe D, em algumas vers\u00f5es). O resultado \u00e9 um som que \u00e9 din\u00e2mico e potente, mas ao mesmo tempo suave e envolvente.<\/p>\n<p data-path-to-node=\"5\"><b>Funcionalidades de \u00c1udio<\/b><\/p>\n<p data-path-to-node=\"6\">Al\u00e9m de seu design h\u00edbrido \u00fanico, o Sphinx \u00e9 um componente vers\u00e1til. Ele geralmente inclui um pr\u00e9-amplificador phono de alta qualidade integrado, o que o torna uma excelente escolha para amantes de vinil. Al\u00e9m disso, ele possui uma sa\u00edda de fone de ouvido dedicada e v\u00e1rias entradas para fontes digitais e anal\u00f3gicas.<\/p>\n<p data-path-to-node=\"7\"><b>Constru\u00e7\u00e3o e Montagem<\/b><\/p>\n<p data-path-to-node=\"8\">O amplificador \u00e9 constru\u00eddo \u00e0 m\u00e3o nos Estados Unidos, refletindo o compromisso da Rogue Audio com a qualidade de fabrica\u00e7\u00e3o e durabilidade. Seu design \u00e9 tipicamente robusto e funcional, com destaque para a \u00e1rea onde as v\u00e1lvulas est\u00e3o expostas.<\/p>\n<p data-path-to-node=\"9\">Em resumo, o Rogue Audio Sphinx \u00e9 um amplificador integrado de alto desempenho que oferece uma combina\u00e7\u00e3o rara de pot\u00eancia de estado s\u00f3lido e o timbre musical e envolvente da v\u00e1lvula, sendo um componente muito popular entre audi\u00f3filos por seu valor e qualidade sonora.<\/p>\n<p data-path-to-node=\"9\"><img loading=\"lazy\" decoding=\"async\" class=\"\" src=\"https:\/\/hificlub.com.br\/loja\/wp-content\/uploads\/2024\/01\/ROGUE-AUDIO-SPHINX-V1-D-150x150.png\" width=\"110\" height=\"110\" \/><\/p>\n<p data-path-to-node=\"9\">\n","protected":false},"excerpt":{"rendered":"<p>O Rogue Audio Sphinx \u00e9 um amplificador integrado que se destaca por combinar a tecnologia de v\u00e1lvulas (tubos) no est\u00e1gio de pr\u00e9-amplifica\u00e7\u00e3o com a efici\u00eancia e pot\u00eancia do estado s\u00f3lido (solid-state) no est\u00e1gio de pot\u00eancia. Essa abordagem h\u00edbrida \u00e9 a assinatura do design da Rogue Audio. Filosofia H\u00edbrida e Qualidade Sonora O Sphinx foi projetado [&hellip;]<\/p>\n","protected":false},"featured_media":27966,"template":"","meta":{"_acf_changed":false},"product_brand":[],"product_cat":[27,51,163],"product_tag":[],"class_list":{"0":"post-11033","1":"product","2":"type-product","3":"status-publish","4":"has-post-thumbnail","6":"product_cat-amplificador","7":"product_cat-integrado","8":"product_cat-rogue","10":"first","11":"instock","12":"sold-individually","13":"shipping-taxable","14":"purchasable","15":"product-type-simple"},"acf":[],"aioseo_notices":[],"_links":{"self":[{"href":"https:\/\/hificlub.com.br\/loja\/wp-json\/wp\/v2\/product\/11033","targetHints":{"allow":["GET"]}}],"collection":[{"href":"https:\/\/hificlub.com.br\/loja\/wp-json\/wp\/v2\/product"}],"about":[{"href":"https:\/\/hificlub.com.br\/loja\/wp-json\/wp\/v2\/types\/product"}],"wp:featuredmedia":[{"embeddable":true,"href":"https:\/\/hificlub.com.br\/loja\/wp-json\/wp\/v2\/media\/27966"}],"wp:attachment":[{"href":"https:\/\/hificlub.com.br\/loja\/wp-json\/wp\/v2\/media?parent=11033"}],"wp:term":[{"taxonomy":"product_brand","embeddable":true,"href":"https:\/\/hificlub.com.br\/loja\/wp-json\/wp\/v2\/product_brand?post=11033"},{"taxonomy":"product_cat","embeddable":true,"href":"https:\/\/hificlub.com.br\/loja\/wp-json\/wp\/v2\/product_cat?post=11033"},{"taxonomy":"product_tag","embeddable":true,"href":"https:\/\/hificlub.com.br\/loja\/wp-json\/wp\/v2\/product_tag?post=11033"}],"curies":[{"name":"wp","href":"https:\/\/api.w.org\/{rel}","templated":true}]}}