{"id":1094,"date":"2023-10-17T19:54:21","date_gmt":"2023-10-17T22:54:21","guid":{"rendered":"https:\/\/hificlub.com.br\/loja2\/produto\/yamaha-aventage-rx-a8a-8k-11-2-dolby-atmos-150-watts\/"},"modified":"2026-03-03T22:21:04","modified_gmt":"2026-03-04T01:21:04","slug":"yamaha-aventage-rx-a8a-8k-11-2-dolby-atmos-150-watts","status":"publish","type":"product","link":"https:\/\/hificlub.com.br\/loja\/produto\/yamaha-aventage-rx-a8a-8k-11-2-dolby-atmos-150-watts\/","title":{"rendered":"YAMAHA AVENTAGE RX-A8A  8K 11.2 Dolby Atmos 150 Watts"},"content":{"rendered":"<p>COR: PRETO<br \/>\nCONDI\u00c7\u00c3O: NOVO<\/p>\n<h5>Pot\u00eancia e processamento:<\/h5>\n<ul>\n<li>amplificador de 11 canais<\/li>\n<li>150 watts por canal em 8 ohms (20-20.000 Hz) a 0,06% THD, com 2 canais acionados<\/li>\n<li>design de alta taxa de varia\u00e7\u00e3o para desempenho claro e consistente em uma ampla faixa de frequ\u00eancia<\/li>\n<li>Decodifica\u00e7\u00e3o de som surround Dolby\u00ae e DTS\u00ae\n<ul>\n<li>Processamento Dolby Atmos\u00ae e DTS:X\u2122 para uso com alto-falantes de teto ou &#8220;altura&#8221; para efeitos sonoros suspensos envolventes<\/li>\n<li>A virtualiza\u00e7\u00e3o de altura Dolby Atmos cria efeitos tridimensionais sem alto-falantes de altura (via atualiza\u00e7\u00e3o de firmware futura gratuita)<\/li>\n<\/ul>\n<\/li>\n<li>O Cinema DSP HD3 adiciona riqueza e profundidade \u00e0s trilhas sonoras de m\u00fasica e filmes<\/li>\n<li>A tecnologia Surround:AI\u2122 analisa seu conte\u00fado e cria efeitos surround ideais em tempo real<\/li>\n<li>A estrutura cruzada em forma de H adiciona estabilidade adicional ao chassi enquanto reduz as vibra\u00e7\u00f5es<\/li>\n<li>Calibra\u00e7\u00e3o autom\u00e1tica de alto-falante YPAO (Yamaha Parametric Room Acoustic Optimizer)\n<ul>\n<li>o microfone inclu\u00eddo ajuda a ajustar o seu sistema para melhor corresponder \u00e0 ac\u00fastica da sua sala<\/li>\n<li>RSC (Reflected Sound Control) com medi\u00e7\u00e3o multiponto ajuda a fornecer som surround suave e bem equilibrado em diferentes posi\u00e7\u00f5es de assento<\/li>\n<\/ul>\n<\/li>\n<\/ul>\n<h5>Op\u00e7\u00f5es de m\u00fasica digital e streaming:<\/h5>\n<ul>\n<li>Wi-Fi de banda dupla integrado para ouvir m\u00fasica de um PC em rede, r\u00e1dio gratuito na Internet e servi\u00e7os de m\u00fasica<\/li>\n<li>MusicCast conecta sem fio\u00a0<a href=\"https:\/\/www-crutchfield-com.translate.goog\/shopsearch\/musiccast_products.html?_x_tr_sl=en&amp;_x_tr_tl=pt&amp;_x_tr_hl=pt-BR&amp;_x_tr_pto=sc\">componentes Yamaha compat\u00edveis<\/a>\u00a0para \u00e1udio perfeito em toda a casa\n<ul>\n<li>inclui suporte para Pandora\u00ae, SiriusXM e Spotify\u00ae (assinatura necess\u00e1ria para alguns servi\u00e7os)<\/li>\n<li>O aplicativo MusicCast gratuito oferece controle Wi-Fi f\u00e1cil, ajustes de configura\u00e7\u00f5es e sele\u00e7\u00e3o e reprodu\u00e7\u00e3o de m\u00fasicas<\/li>\n<li>suporta som surround traseiro sem fio quando emparelhado com alto-\u00a0falantes sem fio\u00a0<a href=\"https:\/\/www-crutchfield-com.translate.goog\/shopsearch\/MusicCast_50.html?_x_tr_sl=en&amp;_x_tr_tl=pt&amp;_x_tr_hl=pt-BR&amp;_x_tr_pto=sc\">MusicCast 50<\/a>\u00a0ou\u00a0<a href=\"https:\/\/www-crutchfield-com.translate.goog\/shopsearch\/MusicCast_20.html?_x_tr_sl=en&amp;_x_tr_tl=pt&amp;_x_tr_hl=pt-BR&amp;_x_tr_pto=sc\">MusicCast 20<\/a><\/li>\n<\/ul>\n<\/li>\n<li>funciona com\u00a0dispositivos de controle de voz\u00a0<a href=\"https:\/\/www-crutchfield-com.translate.goog\/g_463250\/Voice-Control-Assistants.html?tp=72967&amp;_x_tr_sl=en&amp;_x_tr_tl=pt&amp;_x_tr_hl=pt-BR&amp;_x_tr_pto=sc#&amp;nvpair=AG_Voice%20Control%20Platform|FFAmazon_Echo_@Alexa@_\">Amazon Alexa<\/a>\u00a0e\u00a0<a href=\"https:\/\/www-crutchfield-com.translate.goog\/g_463250\/Voice-Control-Assistants.html?_x_tr_sl=en&amp;_x_tr_tl=pt&amp;_x_tr_hl=pt-BR&amp;_x_tr_pto=sc#&amp;nvpair=AG_Voice%20Control%20Platform|FFGoogle_Assistant\">Google Assistant<\/a><\/li>\n<li>O Apple AirPlay 2 permite transmitir diretamente de um iPhone\u00ae ou iPad\u00ae e pedir \u00e0 Siri para reproduzir o Apple Music\u00ae<\/li>\n<li>Bluetooth integrado para ouvir m\u00fasica sem fio com smartphones, tablets e computadores compat\u00edveis<\/li>\n<\/ul>\n<h5>\u00c1udio em v\u00e1rias salas:<\/h5>\n<ul>\n<li>sa\u00edda de tr\u00eas salas\/tr\u00eas fontes\n<ul>\n<li>A fun\u00e7\u00e3o de atribui\u00e7\u00e3o de amplificador permite que voc\u00ea use sa\u00eddas de alto-falante selecionadas em diferentes configura\u00e7\u00f5es, como biamplifica\u00e7\u00e3o dos alto-falantes frontais ou para uso em Zona 2 ou 3<\/li>\n<li>o uso da sa\u00edda de 2\u00aa sala alimentada permite som de 9,2 canais na sala principal<\/li>\n<li><em>n\u00e3o \u00e9 poss\u00edvel selecionar diferentes fontes USB\/Bluetooth\/rede para cada zona<\/em><\/li>\n<\/ul>\n<\/li>\n<li>Sa\u00eddas de pr\u00e9-amplificador est\u00e9reo Zona 2 e 3 para uso com amplificadores externos opcionais<\/li>\n<\/ul>\n<h5>Caracter\u00edsticas HDMI:<\/h5>\n<ul>\n<li>Comuta\u00e7\u00e3o de \u00e1udio\/v\u00eddeo HDMI 2.1: 7 entradas, 3 sa\u00eddas\n<ul>\n<li>todas as conex\u00f5es HDMI suportam v\u00eddeo 4K\/60Hz<\/li>\n<li>As conex\u00f5es HDMI suportar\u00e3o v\u00eddeo de 8K\/60Hz e 4K\/120Hz com atualiza\u00e7\u00e3o de firmware futura gratuita<\/li>\n<li>A tecnologia HDCP 2.3 garante compatibilidade com fontes e TVs Ultra HD<\/li>\n<li>Compat\u00edvel com HDR para contraste e brilho de imagem estendidos com TVs compat\u00edveis e conte\u00fado codificado em HDR<\/li>\n<li>suporta HDR10, HDR10+, Dolby Vision\u2122 e HLG (Hybrid Log Gamma)<\/li>\n<li><em>HDR10+ habilitado via atualiza\u00e7\u00e3o de firmware futura gratuita<\/em><\/li>\n<\/ul>\n<\/li>\n<li>tecnologias de processamento de v\u00eddeo otimizadas para jogos para uma experi\u00eancia de jogo suave e sem atrasos\n<ul>\n<li>A taxa de atualiza\u00e7\u00e3o vari\u00e1vel (VRR), o modo autom\u00e1tico de baixa lat\u00eancia (ALLM), a troca r\u00e1pida de m\u00eddia (QMS) e o transporte r\u00e1pido de quadros (QFT) reduzem ou eliminam o atraso e o rasgo de quadros<\/li>\n<li><em>VRR, ALLM, QMS e QFT habilitados por meio de atualiza\u00e7\u00e3o de firmware futura gratuita<\/em><\/li>\n<\/ul>\n<\/li>\n<li>suporta ARC (Audio Return Channel) e eARC (Enhanced Audio Return Channel)\n<ul>\n<li>O eARC recebe sinais de som surround sem compress\u00e3o, incluindo Dolby Atmos e DTS:X atrav\u00e9s da conex\u00e3o HDMI com sua TV compat\u00edvel<\/li>\n<\/ul>\n<\/li>\n<\/ul>\n<h5>Outras conex\u00f5es:<\/h5>\n<ul>\n<li>entradas de v\u00eddeo anal\u00f3gico: 2 composto, 1 componente<\/li>\n<li>entradas de \u00e1udio digital: 3 \u00f3pticas Toslink, 2 coaxiais<\/li>\n<li>5 entradas de \u00e1udio RCA est\u00e9reo anal\u00f3gicas<\/li>\n<li>Entrada fono MM (\u00edman m\u00f3vel) para conectar um toca-discos<\/li>\n<li>conex\u00f5es XLR balanceadas est\u00e9reo: 1 entrada, 1 sa\u00edda<\/li>\n<li>porta USB do painel frontal para reprodu\u00e7\u00e3o de \u00e1udio de unidades flash USB<\/li>\n<li>Sa\u00eddas de pr\u00e9-amplificador RCA de 11,2 canais\n<ul>\n<li>inclui 2 sa\u00eddas de subwoofer mono de n\u00edvel de linha<\/li>\n<\/ul>\n<\/li>\n<li>sa\u00eddas para 13 alto-falantes (Front L\/R, Center, Surround L\/R, Surround Back L\/R, Front Presence L\/R, Rear Presence L\/R, Extra SP. L\/R)<\/li>\n<li><em>receptor pode alimentar um m\u00e1ximo de 11 canais ao mesmo tempo<\/em><\/li>\n<li>conector de fone de ouvido do painel frontal de tamanho normal<\/li>\n<\/ul>\n<h5>Dimens\u00f5es e outras informa\u00e7\u00f5es:<\/h5>\n<ul>\n<li>O aplicativo MusicCast gratuito permite que voc\u00ea use seu dispositivo Apple\u00ae ou Android\u2122 como um controle remoto Wi-Fi<\/li>\n<li>controle remoto port\u00e1til inclu\u00eddo<\/li>\n<li>17-3\/16&#8243;L x 7-9\/16&#8243;H x 19-7\/16&#8243;D (10-3\/4&#8243;H com Bluetooth e antenas Wi-Fi levantadas)<\/li>\n<li>peso: 48,2 libras.<\/li>\n<li>garantia: 3 anos (5 anos com cria\u00e7\u00e3o de conta Yamaha e registro de modelo)<\/li>\n<li><\/li>\n<\/ul>\n","protected":false},"excerpt":{"rendered":"<p>COR: PRETO CONDI\u00c7\u00c3O: NOVO Pot\u00eancia e processamento: amplificador de 11 canais 150 watts por canal em 8 ohms (20-20.000 Hz) a 0,06% THD, com 2 canais acionados design de alta taxa de varia\u00e7\u00e3o para desempenho claro e consistente em uma ampla faixa de frequ\u00eancia Decodifica\u00e7\u00e3o de som surround Dolby\u00ae e DTS\u00ae Processamento Dolby Atmos\u00ae e [&hellip;]<\/p>\n","protected":false},"featured_media":17840,"template":"","meta":{"_acf_changed":false},"product_brand":[],"product_cat":[21,22,112],"product_tag":[],"class_list":{"0":"post-1094","1":"product","2":"type-product","3":"status-publish","4":"has-post-thumbnail","6":"product_cat-home-theater","7":"product_cat-receivers","8":"product_cat-yamaha","10":"first","11":"instock","12":"sold-individually","13":"shipping-taxable","14":"purchasable","15":"product-type-simple"},"acf":[],"aioseo_notices":[],"_links":{"self":[{"href":"https:\/\/hificlub.com.br\/loja\/wp-json\/wp\/v2\/product\/1094","targetHints":{"allow":["GET"]}}],"collection":[{"href":"https:\/\/hificlub.com.br\/loja\/wp-json\/wp\/v2\/product"}],"about":[{"href":"https:\/\/hificlub.com.br\/loja\/wp-json\/wp\/v2\/types\/product"}],"wp:featuredmedia":[{"embeddable":true,"href":"https:\/\/hificlub.com.br\/loja\/wp-json\/wp\/v2\/media\/17840"}],"wp:attachment":[{"href":"https:\/\/hificlub.com.br\/loja\/wp-json\/wp\/v2\/media?parent=1094"}],"wp:term":[{"taxonomy":"product_brand","embeddable":true,"href":"https:\/\/hificlub.com.br\/loja\/wp-json\/wp\/v2\/product_brand?post=1094"},{"taxonomy":"product_cat","embeddable":true,"href":"https:\/\/hificlub.com.br\/loja\/wp-json\/wp\/v2\/product_cat?post=1094"},{"taxonomy":"product_tag","embeddable":true,"href":"https:\/\/hificlub.com.br\/loja\/wp-json\/wp\/v2\/product_tag?post=1094"}],"curies":[{"name":"wp","href":"https:\/\/api.w.org\/{rel}","templated":true}]}}