{"id":10932,"date":"2024-01-02T18:13:56","date_gmt":"2024-01-02T21:13:56","guid":{"rendered":"https:\/\/hificlub.com.br\/loja\/?post_type=product&#038;p=10932"},"modified":"2024-10-07T16:58:16","modified_gmt":"2024-10-07T19:58:16","slug":"audible-illusions-modulus-3-c-pre-phono-mm-valvulado","status":"publish","type":"product","link":"https:\/\/hificlub.com.br\/loja\/produto\/audible-illusions-modulus-3-c-pre-phono-mm-valvulado\/","title":{"rendered":"AUDIBLE ILLUSIONS MODULUS 3 c\/ Pre Phono MM Valvulado"},"content":{"rendered":"<p>ESTADO 9\/10<\/p>\n<p>O M\u00f3dulo 3A foi lan\u00e7ado em 1995 ou 1996 e, para uma marca menor, eles conseguiram movimentar muitos produtos naquela \u00e9poca. A Audible Illusions vendeu mais de 15.000 pr\u00e9-amplificadores totalmente valvulados durante seus primeiros 15 anos de atividade, o que \u00e9 muito para qualquer marca de ponta em 2021.<\/p>\n<p>O Modulus n\u00e3o se tornou muito popular nos EUA at\u00e9 1984 ou 1985 e foi necess\u00e1ria uma s\u00e9rie de cr\u00edticas muito positivas antes que a marca come\u00e7asse a ser notada pelo p\u00fablico sofisticado na Am\u00e9rica.<\/p>\n<p>A Audible Illusions foi fundada por Art Ferris, um exportador de sucesso de equipamentos vintage McIntosh e Marantz para clientes salivantes na \u00c1sia. Quando a oferta come\u00e7ou a diminuir, ele criou a marca para satisfazer a demanda por engrenagens tubulares de fabrica\u00e7\u00e3o americana no Jap\u00e3o.<\/p>\n<p><span class=\"\">H\u00e1 quarenta anos, a Audible Illusions iniciou a produ\u00e7\u00e3o do primeiro pr\u00e9-amplificador Modulus, um componente que estabeleceu novos padr\u00f5es de desempenho sonoro e confiabilidade.\u00a0<\/span>At\u00e9 o momento, mais de 20.000 pr\u00e9-amplificadores Modulus foram fabricados com mais de 150 excelentes an\u00e1lises de produtos de cr\u00edticos de \u00e1udio de todo o mundo.<\/p>\n<p>Aderindo \u00e0 nossa filosofia de design de circuito de que \u201cmais simples \u00e9 melhor\u201d e com base na superioridade comprovada dos designs de tubo triodo de termina\u00e7\u00e3o \u00fanica, nossos engenheiros refinaram continuamente o pr\u00e9-amplificador.\u00a0Seria dif\u00edcil listar todas as inova\u00e7\u00f5es trazidas pelos nossos designs.\u00a0A elimina\u00e7\u00e3o de seguidores de c\u00e1todo, buffers, feedback negativo, est\u00e1gios de sa\u00edda de v\u00e1lvula em paralelo, design de novos capacitores de filme de Teflon e explora\u00e7\u00e3o de melhores interfaces mec\u00e2nicas s\u00e3o apenas algumas inova\u00e7\u00f5es que fizeram da Audible Illusions uma pioneira na tecnologia de v\u00e1lvulas moderna.<\/p>\n<p>Comparado com as gera\u00e7\u00f5es anteriores, o novo M3B adiciona uma s\u00e9rie de recursos e refinamentos.\u00a0As placas de circuito foram reprojetadas para simplificar ainda mais o caminho do sinal, melhorar a comuta\u00e7\u00e3o e reduzir a vibra\u00e7\u00e3o.\u00a0Este projeto mais recente utiliza comuta\u00e7\u00e3o direta de rel\u00e9 especial, resultando em melhor defini\u00e7\u00e3o.<\/p>\n<p>Hoje o M3B \u00e9 um dos poucos pr\u00e9-amplificadores com fun\u00e7\u00f5es completas fabricados.\u00a0Para os amantes de discos de vinil e CD, este pr\u00e9-amplificador oferece desempenho musical incompar\u00e1vel.\u00a0\u00c9 o melhor pr\u00e9-amplificador que j\u00e1 fabricamos e continua a ser a refer\u00eancia pela qual muitos outros s\u00e3o comparados.<\/p>\n<div>\n<p><strong>Fun\u00e7\u00f5es de controle:<\/strong>\u00a0Controles de volume do atenuador escalonado duplo-mono esquerdo e direito, filtro subs\u00f4nico, fonte de fita, est\u00e9reo-mono, mudo, liga-desliga.\u00a0<strong>Sele\u00e7\u00e3o de entrada:<\/strong>\u00a0CD, DVD, Phono, Sintonizador, V\u00eddeo, Auxiliar, Fita<\/p>\n<p><strong>Sele\u00e7\u00e3o de sa\u00edda:<\/strong>\u00a0fita principal (2)<\/p>\n<p><strong>Opcional:<\/strong>\u00a0Placas de circuito de canal L&amp;R internas banhadas a ouro para cartuchos M\/C de baixa sa\u00edda.\u00a0Rack Mt.Faceplates dispon\u00edveis como pedido especial.<\/p>\n<p><strong>Caracter\u00edsticas:<\/strong><\/p>\n<ul>\n<li>O design do circuito \u00e9 Dual-Mono, Classe A, Triodo de termina\u00e7\u00e3o \u00fanica, Loop aberto.<\/li>\n<li>A fonte de alimenta\u00e7\u00e3o externa, que abriga tr\u00eas fontes separadas, evita distor\u00e7\u00f5es indesejadas induzidas por CA.<\/li>\n<li>O chassi principal possui cinco fontes de alimenta\u00e7\u00e3o FET separadas e totalmente reguladas, al\u00e9m de fontes de filamento separadas.<\/li>\n<li>O circuito de \u00e1udio n\u00e3o possui seguidores cat\u00f3dicos ou buffers.<\/li>\n<li>O circuito Standby Soft-Start prolonga a vida \u00fatil do tubo e dos componentes do circuito.<\/li>\n<li>Silenciamento temporizado autom\u00e1tico.<\/li>\n<li>Os bot\u00f5es de controle t\u00eam ilumina\u00e7\u00e3o retroiluminada com pouca luz.<\/li>\n<li>Controles de volume separados s\u00e3o atenuadores escalonados de precis\u00e3o.<\/li>\n<li>Tomadas RCA exclusivas banhadas a ouro com isoladores de Teflon.<\/li>\n<li>Todas as placas de circuito s\u00e3o soldadas manualmente com solda prateada.<\/li>\n<li>Todos os capacitores de polipropileno, teflon e poliestireno s\u00e3o projetos propriet\u00e1rios.<\/li>\n<li>Totalmente feito \u00e0 m\u00e3o nos EUA.<\/li>\n<\/ul>\n<p><b><span class=\"\">Especifica\u00e7\u00f5es<\/span><\/b><\/p>\n<p><b>Descri\u00e7\u00e3o:<\/b>\u00a0Ganho da se\u00e7\u00e3o fono: 28dB a 1kHz (MM), 27dB (MC).\u00a0Ganho de se\u00e7\u00e3o de linha: 30dB.\u00a0Imped\u00e2ncia de sa\u00edda: 1,2k ohms (principal), 150 ohms (fita).\u00a0Imped\u00e2ncia de entrada: 47k ohms.\u00a0Resposta de frequ\u00eancia: 2Hz-100kHz dentro de 1dB, medida com uma sonda 1:1\/carga de 100k ohm.\u00a0Erro RIAA da se\u00e7\u00e3o fono: 20Hz-20kHz \u00b10,25dB.\u00a0Distor\u00e7\u00e3o: 0,02% (se\u00e7\u00e3o fono MC);\u00a0\u00b10,015% a 20kHz (se\u00e7\u00e3o fono MM);\u00a0\u00b10,15% na sa\u00edda de 1,5V RMS, 20Hz-20kHz em 50k ohms, \u00b10,12% na sa\u00edda de 500mV RMS, 20Hz-20kHz, na carga IHF (se\u00e7\u00e3o de alto n\u00edvel).\u00a0Rela\u00e7\u00e3o S\/R: 74dB ref.\u00a0Entrada de banda larga de 5mV (se\u00e7\u00e3o phono MM);\u00a085dB ref.\u00a0Entrada de banda larga de 1,5 V RMS (se\u00e7\u00e3o de alto n\u00edvel).<br \/>\n<b>Dimens\u00f5es:<\/b>\u00a017&#8243; W por 3&#8243; H por 10&#8243; D (pr\u00e9-amplificador); 5&#8243; W por \u00bd&#8221; H por 10&#8243; D (fonte de alimenta\u00e7\u00e3o).<\/p>\n<\/div>\n","protected":false},"excerpt":{"rendered":"<p>ESTADO 9\/10 O M\u00f3dulo 3A foi lan\u00e7ado em 1995 ou 1996 e, para uma marca menor, eles conseguiram movimentar muitos produtos naquela \u00e9poca. A Audible Illusions vendeu mais de 15.000 pr\u00e9-amplificadores totalmente valvulados durante seus primeiros 15 anos de atividade, o que \u00e9 muito para qualquer marca de ponta em 2021. O Modulus n\u00e3o se [&hellip;]<\/p>\n","protected":false},"featured_media":13766,"template":"","meta":{"_acf_changed":false},"product_brand":[],"product_cat":[78,79,38,26],"product_tag":[],"class_list":{"0":"post-10932","1":"product","2":"type-product","3":"status-publish","4":"has-post-thumbnail","6":"product_cat-analogico-audio","7":"product_cat-pre-de-phono","8":"product_cat-pre-amplificador","9":"product_cat-vintage","11":"first","12":"instock","13":"sold-individually","14":"shipping-taxable","15":"purchasable","16":"product-type-simple"},"acf":[],"aioseo_notices":[],"_links":{"self":[{"href":"https:\/\/hificlub.com.br\/loja\/wp-json\/wp\/v2\/product\/10932","targetHints":{"allow":["GET"]}}],"collection":[{"href":"https:\/\/hificlub.com.br\/loja\/wp-json\/wp\/v2\/product"}],"about":[{"href":"https:\/\/hificlub.com.br\/loja\/wp-json\/wp\/v2\/types\/product"}],"wp:featuredmedia":[{"embeddable":true,"href":"https:\/\/hificlub.com.br\/loja\/wp-json\/wp\/v2\/media\/13766"}],"wp:attachment":[{"href":"https:\/\/hificlub.com.br\/loja\/wp-json\/wp\/v2\/media?parent=10932"}],"wp:term":[{"taxonomy":"product_brand","embeddable":true,"href":"https:\/\/hificlub.com.br\/loja\/wp-json\/wp\/v2\/product_brand?post=10932"},{"taxonomy":"product_cat","embeddable":true,"href":"https:\/\/hificlub.com.br\/loja\/wp-json\/wp\/v2\/product_cat?post=10932"},{"taxonomy":"product_tag","embeddable":true,"href":"https:\/\/hificlub.com.br\/loja\/wp-json\/wp\/v2\/product_tag?post=10932"}],"curies":[{"name":"wp","href":"https:\/\/api.w.org\/{rel}","templated":true}]}}