{"id":10876,"date":"2024-01-02T18:13:45","date_gmt":"2024-01-02T21:13:45","guid":{"rendered":"https:\/\/hificlub.com.br\/loja\/?post_type=product&#038;p=10876"},"modified":"2025-09-23T05:15:02","modified_gmt":"2025-09-23T08:15:02","slug":"bw-cm-centre-2-black-gloss","status":"publish","type":"product","link":"https:\/\/hificlub.com.br\/loja\/produto\/bw-cm-centre-2-black-gloss\/","title":{"rendered":"B&#038;W CM CENTRE 2  Black Gloss"},"content":{"rendered":"<p>&nbsp;<\/p>\n<p>Al\u00e9m do tweeter Nautilus com membrana de alum\u00ednio de 25 mm e dois alto-falantes de graves de 165 mm com membranas de papel\/Kevlar, o CM Center 2 central de tr\u00eas vias tamb\u00e9m est\u00e1 equipado com um alto-falante de m\u00e9dio porte FST exclusivo com membrana de Kevlar tecida. Isto torna este centro um parceiro ideal para alto-falantes CM9 ou CM7.<\/p>\n<p>Descri\u00e7\u00e3o: Centro bass reflex de 3 bandas<br \/>\nConversores: 1 tweeter de 25 mm com diafragma de alum\u00ednio, 1 m\u00e9dio FST\u2122 de 100 mm com diafragma de Kevlar\u00ae tecido, 2 graves de 165 mm com diafragma de papel\/Kevlar\u00ae<br \/>\nFaixa de frequ\u00eancia: -6dB a 40Hz e 50kHz<br \/>\nAlcance de frequ\u00eancia: 56Hz &#8211; 22kHz \u00b13dB no eixo de refer\u00eancia<br \/>\nDispers\u00e3o: Na banda de 2dB da caracter\u00edstica de refer\u00eancia<br \/>\nHorizontalmente: mais de 60\u00b0<br \/>\nVerticalmente: mais de 10\u00b0<br \/>\nSensibilidade: 89dB Spl (2,83V, 1m)<br \/>\nDistor\u00e7\u00e3o harm\u00f4nica: 2\u00ba e 3\u00ba harm\u00f4nico (90dB, 1m), &lt;1% 90Hz &#8211; 22kHz, &lt;0,5% 120Hz &#8211; 20kHz<br \/>\nImped\u00e2ncia nominal: 8 ohms (m\u00ednimo 3,0 ohms)<br \/>\nFrequ\u00eancia de divis\u00e3o: 350Hz, 4kHz<br \/>\nPot\u00eancia recomendada do amplificador: 30W &#8211; 200W a 8ohm<br \/>\nImped\u00e2ncia m\u00e1xima recomendada do cabo: 0,1ohm<br \/>\nAltura: 218 mm<br \/>\nonde: 590 mm<br \/>\nProfundidade: 301 mm (incluindo grade e terminais)<br \/>\nPeso: 18,7kg<\/p>\n","protected":false},"excerpt":{"rendered":"<p>&nbsp; Al\u00e9m do tweeter Nautilus com membrana de alum\u00ednio de 25 mm e dois alto-falantes de graves de 165 mm com membranas de papel\/Kevlar, o CM Center 2 central de tr\u00eas vias tamb\u00e9m est\u00e1 equipado com um alto-falante de m\u00e9dio porte FST exclusivo com membrana de Kevlar tecida. Isto torna este centro um parceiro ideal [&hellip;]<\/p>\n","protected":false},"featured_media":14659,"template":"","meta":{"_acf_changed":false},"product_brand":[],"product_cat":[19,35,17],"product_tag":[],"class_list":{"0":"post-10876","1":"product","2":"type-product","3":"status-publish","4":"has-post-thumbnail","6":"product_cat-bw","7":"product_cat-caixas-centrais","8":"product_cat-caixas","10":"first","11":"instock","12":"sold-individually","13":"shipping-taxable","14":"purchasable","15":"product-type-simple"},"acf":[],"aioseo_notices":[],"_links":{"self":[{"href":"https:\/\/hificlub.com.br\/loja\/wp-json\/wp\/v2\/product\/10876","targetHints":{"allow":["GET"]}}],"collection":[{"href":"https:\/\/hificlub.com.br\/loja\/wp-json\/wp\/v2\/product"}],"about":[{"href":"https:\/\/hificlub.com.br\/loja\/wp-json\/wp\/v2\/types\/product"}],"wp:featuredmedia":[{"embeddable":true,"href":"https:\/\/hificlub.com.br\/loja\/wp-json\/wp\/v2\/media\/14659"}],"wp:attachment":[{"href":"https:\/\/hificlub.com.br\/loja\/wp-json\/wp\/v2\/media?parent=10876"}],"wp:term":[{"taxonomy":"product_brand","embeddable":true,"href":"https:\/\/hificlub.com.br\/loja\/wp-json\/wp\/v2\/product_brand?post=10876"},{"taxonomy":"product_cat","embeddable":true,"href":"https:\/\/hificlub.com.br\/loja\/wp-json\/wp\/v2\/product_cat?post=10876"},{"taxonomy":"product_tag","embeddable":true,"href":"https:\/\/hificlub.com.br\/loja\/wp-json\/wp\/v2\/product_tag?post=10876"}],"curies":[{"name":"wp","href":"https:\/\/api.w.org\/{rel}","templated":true}]}}