{"id":10772,"date":"2024-01-02T18:13:05","date_gmt":"2024-01-02T21:13:05","guid":{"rendered":"https:\/\/hificlub.com.br\/loja\/?post_type=product&#038;p=10772"},"modified":"2026-04-16T21:29:31","modified_gmt":"2026-04-17T00:29:31","slug":"classe-delta-ca2300-300-watts","status":"publish","type":"product","link":"https:\/\/hificlub.com.br\/loja\/produto\/classe-delta-ca2300-300-watts\/","title":{"rendered":"CLASSE DELTA CA-2300  Amplificador Stereo 300 watts"},"content":{"rendered":"<p>Os equipamentos eletr\u00f4nicos da Classe s\u00e3o projetados e desenvolvidos no Canad\u00e1 e fabricados em uma moderna instala\u00e7\u00e3o na China. Eles oferecem duas vers\u00f5es deste amplificador: o CT-2300, para montagem em rack (pre\u00e7o sugerido: US$ 6.500), e o CA-2300, da s\u00e9rie Delta (pre\u00e7o sugerido: US$ 7.000), para uso independente. Ambos os amplificadores compartilham os mesmos componentes internos; a \u00fanica diferen\u00e7a \u00e9 que a vers\u00e3o Delta possui um acabamento est\u00e9tico mais refinado, j\u00e1 que foi projetada para ser exibida como pe\u00e7a de destaque, ao contr\u00e1rio da s\u00e9rie CT, que \u00e9 montada em rack e fica escondida. A diferen\u00e7a de US$ 500 entre os dois modelos reflete o custo adicional de fabrica\u00e7\u00e3o da Classe para o gabinete mais sofisticado. Recebi o CT-2300 por ser mais f\u00e1cil de encontrar, mas se eu estivesse procurando comprar este amplificador, teria optado pelo CA-2300.<\/p>\n<p>O CT-2300 emprega uma topologia de amplificador classe AB com 18 dispositivos bipolares por canal e 67.200 \u00b5F de capacit\u00e2ncia (12 x 5.600 \u00b5F) por canal. Agrupar v\u00e1rios capacitores menores \u00e9 uma \u00f3tima maneira n\u00e3o s\u00f3 de economizar espa\u00e7o, mas tamb\u00e9m de reduzir a ESR (Resist\u00eancia S\u00e9rie Efetiva), j\u00e1 que cada capacitor em paralelo reduz a resist\u00eancia pela metade enquanto dobra o valor da capacit\u00e2ncia, assumindo que os mesmos valores sejam usados \u200b\u200bem todo o circuito. Os capacitores de pot\u00eancia s\u00e3o classificados para 100 V \/ 85 \u00b0C. A classifica\u00e7\u00e3o de tens\u00e3o \u00e9 mais do que suficiente para atender \u00e0 pot\u00eancia cont\u00ednua de 300 watts (e tens\u00e3o de alimenta\u00e7\u00e3o CC de 87,5 V), mas fiquei um pouco surpreso que a Classe n\u00e3o tenha usado componentes de 105 \u00b0C. 85 \u00b0C \u00e9 praticamente o padr\u00e3o da ind\u00fastria, mas algumas empresas v\u00e3o al\u00e9m e usam componentes para temperaturas mais altas para aumentar a vida \u00fatil. Como engenheiro eletricista que gosta de projetar com margem de seguran\u00e7a, aprecio esses pequenos detalhes. A topologia do amplificador \u00e9 diferencial em todo o circuito, at\u00e9 o est\u00e1gio final de corrente. O transformador de pot\u00eancia \u00e9 do tipo toroidal, com pot\u00eancia nominal de 2356VA, o que \u00e9 \u00f3timo e robusto. N\u00e3o tenho d\u00favidas, considerando o conjunto de componentes at\u00e9 agora, de que este amplificador tem muita personalidade.<\/p>\n<p><span dir=\"auto\">Uma caracter\u00edstica \u00fanica deste amplificador \u00e9 a forma como a Classe optou por mant\u00ea-lo refrigerado. Seu m\u00e9todo propriet\u00e1rio \u00e9 o que eles chamam de ICTunnel. O sistema ICTunnel funciona como o hipot\u00e1lamo humano, que regula a temperatura corporal. O ICTunnel utiliza um dissipador de calor com aletas de alum\u00ednio coladas. Ele explora o princ\u00edpio da baixa massa t\u00e9rmica, aquecendo e resfriando rapidamente. Dentro de seu chassi relativamente pequeno, as aletas do dissipador de calor oferecem quase 31 p\u00e9s quadrados (aproximadamente 2,9 m\u00b2) de \u00e1rea de superf\u00edcie. As aletas s\u00e3o espa\u00e7adas bem pr\u00f3ximas umas das outras para maximizar a \u00e1rea de superf\u00edcie dentro do t\u00fanel, mas n\u00e3o t\u00e3o pr\u00f3ximas a ponto de aquecerem umas \u00e0s outras. Em conjunto com o espa\u00e7amento preciso das aletas, um ventilador silencioso, juntamente com sensores de press\u00e3o e temperatura, mant\u00eam a temperatura ideal do amplificador.<\/span><\/p>\n<p><span dir=\"auto\">O sistema ICTunnel permite que o amplificador atinja a estabilidade t\u00e9rmica em at\u00e9 15 minutos ap\u00f3s ser ligado. Uma vez atingida a estabilidade t\u00e9rmica, os sensores de temperatura e a ventoinha manter\u00e3o a temperatura de opera\u00e7\u00e3o est\u00e1vel, independentemente do tempo de uso do amplificador (horas, semanas, meses). O amplificador tamb\u00e9m funcionar\u00e1 mais frio do que um amplificador convencional com dissipadores de calor, o que \u00e9 um fator muito importante tanto para a qualidade do som quanto para a confiabilidade a longo prazo. O formato saliente da placa frontal \u00e9 resultado do design da entrada de ar, que foi projetada para permitir a livre circula\u00e7\u00e3o do ar no ICTunnel, mantendo as turbul\u00eancias e o ru\u00eddo resultante baixos. Eu at\u00e9 medi o consumo de energia em modo ocioso ao conectar este amplificador ao meu condicionador de energia ACP S20 e o resultado foi bem abaixo de 100 watts.<\/span><\/p>\n<h2 class=\"ce_headline\"><span dir=\"auto\">Especifica\u00e7\u00f5es<\/span><\/h2>\n<section class=\"ce_accordionSingle specifications ce_accordion ce_text block\">\n<div id=\"ui-id-1\" class=\"toggler ui-accordion-header ui-state-default ui-corner-all ui-accordion-icons\" role=\"tab\" aria-controls=\"ui-id-2\" aria-expanded=\"false\"><span dir=\"auto\">\u00a0Detalhes<\/span><\/div>\n<div id=\"ui-id-2\" class=\"accordion ui-accordion-content ui-helper-reset ui-widget-content ui-corner-bottom\" role=\"tabpanel\" aria-labelledby=\"ui-id-1\" aria-hidden=\"true\">\n<div>\n<table>\n<tbody>\n<tr>\n<td colspan=\"3\"><span dir=\"auto\">Todos os testes foram realizados sem pondera\u00e7\u00e3o e com largura de banda de medi\u00e7\u00e3o de 500 kHz (exceto a rela\u00e7\u00e3o sinal-ru\u00eddo).<\/span><\/td>\n<\/tr>\n<tr>\n<td valign=\"top\" width=\"30%\"><strong><span dir=\"auto\">Resposta de frequ\u00eancia<\/span><\/strong><\/td>\n<td valign=\"top\" width=\"20\"><\/td>\n<td valign=\"top\"><span dir=\"auto\">1 Hz \u2013 80 kHz, -3 dB<\/span><\/td>\n<\/tr>\n<tr>\n<td valign=\"top\" width=\"30%\"><strong><span dir=\"auto\">Pot\u00eancia de sa\u00edda<\/span><\/strong><\/td>\n<td valign=\"top\"><\/td>\n<td valign=\"top\"><span dir=\"auto\">300 W RMS em 8 \u03a9 (24,8 dBW)<\/span><br \/>\n<span dir=\"auto\">600 W RMS em 4 \u03a9 (24,8 dBW)<\/span><br \/>\n<span dir=\"auto\">Ambos os canais acionados<\/span><\/td>\n<\/tr>\n<tr>\n<td valign=\"top\" width=\"30%\"><strong><span dir=\"auto\">Distor\u00e7\u00e3o Harm\u00f4nica<\/span><\/strong><\/td>\n<td valign=\"top\"><\/td>\n<td valign=\"top\"><span dir=\"auto\">&lt;0,002% a 1 kHz balanceado<\/span><br \/>\n<span dir=\"auto\">&lt;0,004% a 1 kHz n\u00e3o balanceado<\/span><\/td>\n<\/tr>\n<tr>\n<td valign=\"top\" width=\"30%\"><strong><span dir=\"auto\">Tens\u00e3o de sa\u00edda de pico<\/span><\/strong><\/td>\n<td valign=\"top\"><\/td>\n<td valign=\"top\"><span dir=\"auto\">150 V pico a pico, 53 V rms sem carga;<\/span><br \/>\n<span dir=\"auto\">136 V pico a pico, 48 V rms em 8 \u03a9<\/span><\/td>\n<\/tr>\n<tr>\n<td valign=\"top\" width=\"30%\"><strong><span dir=\"auto\">Imped\u00e2ncia de entrada<\/span><\/strong><\/td>\n<td valign=\"top\"><\/td>\n<td valign=\"top\"><span dir=\"auto\">50k\u03a9 balanceado \/ n\u00e3o balanceado<\/span><\/td>\n<\/tr>\n<tr>\n<td valign=\"top\" width=\"30%\"><strong><span dir=\"auto\">Ganho de tens\u00e3o<\/span><\/strong><\/td>\n<td valign=\"top\"><\/td>\n<td valign=\"top\"><span dir=\"auto\">29dB balanceado \/ n\u00e3o balanceado<\/span><\/td>\n<\/tr>\n<tr>\n<td valign=\"top\" width=\"30%\"><strong><span dir=\"auto\">N\u00edvel de entrada no limite de recorte<\/span><\/strong><\/td>\n<td valign=\"top\"><\/td>\n<td valign=\"top\"><span dir=\"auto\">1,88V rms balanceado \/ single ending<\/span><\/td>\n<\/tr>\n<tr>\n<td valign=\"top\" width=\"30%\"><span dir=\"auto\"><strong>Distor\u00e7\u00e3o\u00a0<\/strong><strong>de intermodula\u00e7\u00e3o<\/strong><\/span><\/td>\n<td valign=\"top\"><\/td>\n<td valign=\"top\"><span dir=\"auto\">&gt;90dB abaixo da fundamental em<\/span><br \/>\n<span dir=\"auto\">8\u03a9 balanceado\/n\u00e3o balanceado<\/span><span dir=\"auto\">&gt;90dB abaixo da fundamental em<\/span><br \/>\n<span dir=\"auto\">4\u03a9 balanceado\/n\u00e3o balanceado<\/span><\/td>\n<\/tr>\n<tr>\n<td valign=\"top\" width=\"30%\"><strong><span dir=\"auto\">Rela\u00e7\u00e3o sinal-ru\u00eddo<\/span><\/strong><\/td>\n<td valign=\"top\"><\/td>\n<td valign=\"top\"><span dir=\"auto\">-116dB no pico de sa\u00edda em 8\u03a9.<\/span><br \/>\n<span dir=\"auto\">Largura de banda de medi\u00e7\u00e3o: 22 kHz.<\/span><\/td>\n<\/tr>\n<tr>\n<td valign=\"top\" width=\"30%\"><strong><span dir=\"auto\">Imped\u00e2ncia de sa\u00edda<\/span><\/strong><\/td>\n<td valign=\"top\"><\/td>\n<td valign=\"top\"><span dir=\"auto\">0,015 \u03a9 a 1 kHz<\/span><\/td>\n<\/tr>\n<tr>\n<td valign=\"top\" width=\"30%\"><strong><br \/>\n<span dir=\"auto\">Consumo\u00a0de energia em modo de espera<\/span><\/strong><\/td>\n<td valign=\"top\"><\/td>\n<td valign=\"top\"><span dir=\"auto\">3W a 120V; 5W a 230V<\/span><\/td>\n<\/tr>\n<tr>\n<td valign=\"top\" width=\"30%\"><strong><br \/>\n<span dir=\"auto\">Consumo\u00a0de energia nominal<\/span><\/strong><\/td>\n<td valign=\"top\"><\/td>\n<td valign=\"top\"><span dir=\"auto\">763 W a 1\/8 da pot\u00eancia em 8 \u03a9<\/span><\/td>\n<\/tr>\n<tr>\n<td valign=\"top\" width=\"30%\"><strong><span dir=\"auto\">Largura<\/span><\/strong><\/td>\n<td valign=\"top\"><\/td>\n<td valign=\"top\"><span dir=\"auto\">19\u201d (483 mm) (incluindo a placa frontal)<\/span><\/td>\n<\/tr>\n<tr>\n<td valign=\"top\"><strong><span dir=\"auto\">Largura<\/span><\/strong><\/td>\n<td valign=\"top\"><\/td>\n<td valign=\"top\"><span dir=\"auto\">17\u201d (432 mm) (excluindo a placa frontal)<\/span><\/td>\n<\/tr>\n<tr>\n<td valign=\"top\" width=\"30%\"><strong><span dir=\"auto\">Profundidade<\/span><\/strong><\/td>\n<td valign=\"top\"><\/td>\n<td valign=\"top\"><span dir=\"auto\">18,625\u201d (473 mm) (excluindo conectores)<\/span><\/td>\n<\/tr>\n<tr>\n<td valign=\"top\" width=\"30%\"><strong><span dir=\"auto\">Altura<\/span><\/strong><\/td>\n<td valign=\"top\"><\/td>\n<td valign=\"top\"><span dir=\"auto\">6,97\u201d (177 mm)<\/span><\/td>\n<\/tr>\n<tr>\n<td valign=\"top\" width=\"30%\"><strong><span dir=\"auto\">Peso bruto<\/span><\/strong><\/td>\n<td valign=\"top\"><\/td>\n<td valign=\"top\"><span dir=\"auto\">109 libras (49,5 kg)<\/span><\/td>\n<\/tr>\n<tr>\n<td valign=\"top\" width=\"30%\"><strong><span dir=\"auto\">Peso l\u00edquido<\/span><\/strong><\/td>\n<td valign=\"top\"><\/td>\n<td valign=\"top\"><span dir=\"auto\">89 libras (40,5 kg)<\/span><\/td>\n<\/tr>\n<\/tbody>\n<\/table>\n<\/div>\n<\/div>\n<\/section>\n","protected":false},"excerpt":{"rendered":"<p>Os equipamentos eletr\u00f4nicos da Classe s\u00e3o projetados e desenvolvidos no Canad\u00e1 e fabricados em uma moderna instala\u00e7\u00e3o na China. Eles oferecem duas vers\u00f5es deste amplificador: o CT-2300, para montagem em rack (pre\u00e7o sugerido: US$ 6.500), e o CA-2300, da s\u00e9rie Delta (pre\u00e7o sugerido: US$ 7.000), para uso independente. Ambos os amplificadores compartilham os mesmos componentes [&hellip;]<\/p>\n","protected":false},"featured_media":42286,"template":"","meta":{"_acf_changed":false},"product_brand":[],"product_cat":[27,123,28],"product_tag":[],"class_list":{"0":"post-10772","1":"product","2":"type-product","3":"status-publish","4":"has-post-thumbnail","6":"product_cat-amplificador","7":"product_cat-classe","8":"product_cat-estereo","10":"first","11":"instock","12":"sold-individually","13":"shipping-taxable","14":"purchasable","15":"product-type-simple"},"acf":[],"aioseo_notices":[],"_links":{"self":[{"href":"https:\/\/hificlub.com.br\/loja\/wp-json\/wp\/v2\/product\/10772","targetHints":{"allow":["GET"]}}],"collection":[{"href":"https:\/\/hificlub.com.br\/loja\/wp-json\/wp\/v2\/product"}],"about":[{"href":"https:\/\/hificlub.com.br\/loja\/wp-json\/wp\/v2\/types\/product"}],"wp:featuredmedia":[{"embeddable":true,"href":"https:\/\/hificlub.com.br\/loja\/wp-json\/wp\/v2\/media\/42286"}],"wp:attachment":[{"href":"https:\/\/hificlub.com.br\/loja\/wp-json\/wp\/v2\/media?parent=10772"}],"wp:term":[{"taxonomy":"product_brand","embeddable":true,"href":"https:\/\/hificlub.com.br\/loja\/wp-json\/wp\/v2\/product_brand?post=10772"},{"taxonomy":"product_cat","embeddable":true,"href":"https:\/\/hificlub.com.br\/loja\/wp-json\/wp\/v2\/product_cat?post=10772"},{"taxonomy":"product_tag","embeddable":true,"href":"https:\/\/hificlub.com.br\/loja\/wp-json\/wp\/v2\/product_tag?post=10772"}],"curies":[{"name":"wp","href":"https:\/\/api.w.org\/{rel}","templated":true}]}}