{"id":10746,"date":"2024-01-02T18:12:57","date_gmt":"2024-01-02T21:12:57","guid":{"rendered":"https:\/\/hificlub.com.br\/loja\/?post_type=product&#038;p=10746"},"modified":"2026-03-18T09:25:54","modified_gmt":"2026-03-18T12:25:54","slug":"bose-vcs-10-caixa-central","status":"publish","type":"product","link":"https:\/\/hificlub.com.br\/loja\/produto\/bose-vcs-10-caixa-central\/","title":{"rendered":"BOSE VCS-10 Caixa Central"},"content":{"rendered":"<div class=\"Y3BBE\" data-sfc-cp=\"\" data-hveid=\"CAEQAA\" data-processed=\"true\">O Bose VCS-10 \u00e9 um\u00a0<mark class=\"HxTRcb\" data-processed=\"true\"><strong class=\"Yjhzub\" data-processed=\"true\">alto-falante de canal central (center channel)<\/strong>\u00a0projetado para sistemas de home theater<\/mark>, entregando di\u00e1logos claros e som surround, com design compacto, blindagem magn\u00e9tica para ficar perto da TV e tecnologia bass-reflex para graves mais profundos, sendo uma pe\u00e7a chave para a clareza de filmes e programas.<span class=\"uJ19be notranslate\" data-wiz-uids=\"qIT2w_d\" data-processed=\"true\"><span class=\"vKEkVd\" data-animation-atomic=\"\" data-wiz-attrbind=\"class=qIT2w_c\/TKHnVd\" data-processed=\"true\">\u00a0<button class=\"rBl3me\" data-amic=\"true\" data-icl-uuid=\"a342995c-5a2b-4818-92a0-a5d5ef2905b2\" aria-label=\"Mostrar links relacionados\" data-wiz-attrbind=\"disabled=qIT2w_c\/C5gNJc;aria-label=qIT2w_c\/bOjMyf;class=qIT2w_c\/UpSNec\" data-ved=\"2ahUKEwjz8qffmpCSAxXclJUCHWDCKSEQye0OegQIARAC\" data-processed=\"true\"><\/button><\/span><\/span><\/div>\n<div class=\"Y3BBE\" data-sfc-cp=\"\" data-hveid=\"CAIQAA\" data-processed=\"true\"><strong class=\"Yjhzub\" data-processed=\"true\">Principais caracter\u00edsticas:<\/strong><button class=\"rBl3me\" data-amic=\"true\" data-icl-uuid=\"a5f5214a-ab05-40be-a7b3-3c845c975514\" aria-label=\"Mostrar links relacionados\" data-wiz-attrbind=\"disabled=qIT2w_j\/C5gNJc;aria-label=qIT2w_j\/bOjMyf;class=qIT2w_j\/UpSNec\" data-ved=\"2ahUKEwjz8qffmpCSAxXclJUCHWDCKSEQye0OegQIAhAB\" data-processed=\"true\"><\/button><\/div>\n<ul class=\"KsbFXc U6u95\" data-processed=\"true\">\n<li data-hveid=\"CAMQAA\" data-processed=\"true\"><span class=\"T286Pc\" data-sfc-cp=\"\" data-processed=\"true\"><strong class=\"Yjhzub\" data-processed=\"true\">Fun\u00e7\u00e3o:<\/strong>\u00a0Canal central para sistemas de som surround, focado em di\u00e1logos e \u00e1udio frontal.<\/span><\/li>\n<li data-hveid=\"CAMQAQ\" data-processed=\"true\"><span class=\"T286Pc\" data-sfc-cp=\"\" data-processed=\"true\"><strong class=\"Yjhzub\" data-processed=\"true\">Tecnologia:<\/strong>\u00a0Drivers Compound Loaded para di\u00e1logo n\u00edtido e Articulated Array para um campo sonoro amplo.<\/span><\/li>\n<li data-hveid=\"CAMQAg\" data-processed=\"true\"><span class=\"T286Pc\" data-sfc-cp=\"\" data-processed=\"true\"><strong class=\"Yjhzub\" data-processed=\"true\">Design:<\/strong>\u00a0Gabinete de pol\u00edmero com porta sintonizada (tuned-port), baixo perfil para se encaixar com TVs e monitores.<\/span><\/li>\n<li data-hveid=\"CAMQAw\" data-processed=\"true\"><span class=\"T286Pc\" data-sfc-cp=\"\" data-processed=\"true\"><strong class=\"Yjhzub\" data-processed=\"true\">Blindagem Magn\u00e9tica:<\/strong>\u00a0Permite coloc\u00e1-lo sobre ou perto de uma TV sem distorcer a imagem.<\/span><\/li>\n<li data-hveid=\"CAMQBQ\" data-processed=\"true\"><span class=\"T286Pc\" data-sfc-cp=\"\" data-processed=\"true\"><strong class=\"Yjhzub\" data-processed=\"true\">Conex\u00e3o:<\/strong>\u00a0Conectores de mola (spring clip) e compat\u00edvel com fio de alto-falante padr\u00e3o (zip cord).<\/span><\/li>\n<li data-hveid=\"CAMQBg\" data-processed=\"true\"><span class=\"T286Pc\" data-sfc-cp=\"\" data-processed=\"true\"><strong class=\"Yjhzub\" data-processed=\"true\">Acess\u00f3rios:<\/strong>\u00a0Vem com p\u00e9s de borracha adesivos para estabilidade.<\/span><span class=\"uJ19be notranslate\" data-wiz-uids=\"qIT2w_18\" data-processed=\"true\"><span class=\"vKEkVd\" data-animation-atomic=\"\" data-wiz-attrbind=\"class=qIT2w_17\/TKHnVd\" data-processed=\"true\">\u00a0<button class=\"rBl3me\" data-amic=\"true\" data-icl-uuid=\"e4e48a74-5c25-4500-8a1e-7c439da9fd11\" aria-label=\"Mostrar links relacionados\" data-wiz-attrbind=\"disabled=qIT2w_17\/C5gNJc;aria-label=qIT2w_17\/bOjMyf;class=qIT2w_17\/UpSNec\" data-ved=\"2ahUKEwjz8qffmpCSAxXclJUCHWDCKSEQye0OegQIAxAH\" data-processed=\"true\"><\/button><\/span><\/span><\/li>\n<\/ul>\n<div class=\"Y3BBE\" data-sfc-cp=\"\" data-sfc-cb=\"\" data-hveid=\"CAIQAA\" data-processed=\"true\"><strong class=\"Yjhzub\" data-sfc-cb=\"\" data-processed=\"true\">Principais Caracter\u00edsticas do Bose VCS-10:<\/strong><button class=\"rBl3me\" data-amic=\"true\" data-icl-uuid=\"feb3ba2b-629f-44a5-961a-a70638e2f00b\" aria-label=\"Mostrar links relacionados\" data-wiz-attrbind=\"disabled=PQcAOd_q\/C5gNJc;aria-label=PQcAOd_q\/bOjMyf;class=PQcAOd_q\/UpSNec\" data-ved=\"2ahUKEwjtlpHitqmTAxVhopUCHbb9JsoQye0OegQIAhAB\" data-hveid=\"CAIQAQ\" data-processed=\"true\"><\/button><\/div>\n<ul class=\"KsbFXc U6u95\" data-sfc-cb=\"\" data-processed=\"true\">\n<li class=\"dF3vjf\" data-sfc-cb=\"\" data-hveid=\"CAMQAA\" data-processed=\"true\"><span class=\"T286Pc\" data-sfc-cp=\"\" data-sfc-cb=\"\" data-processed=\"true\"><strong class=\"Yjhzub\" data-sfc-cb=\"\" data-processed=\"true\">Finalidade:<\/strong>\u00a0Canal central, ideal para destacar di\u00e1logos em filmes e m\u00fasica.<\/span><\/li>\n<li class=\"dF3vjf\" data-sfc-cb=\"\" data-hveid=\"CAMQAQ\" data-processed=\"true\"><span class=\"T286Pc\" data-sfc-cp=\"\" data-sfc-cb=\"\" data-processed=\"true\"><strong class=\"Yjhzub\" data-sfc-cb=\"\" data-processed=\"true\">Design:<\/strong>\u00a0Baixo perfil (aprox. 8 cm de altura), ideal para acomoda\u00e7\u00e3o sob ou sobre TVs, com blindagem magn\u00e9tica.<\/span><\/li>\n<li class=\"dF3vjf\" data-sfc-cb=\"\" data-hveid=\"CAMQAg\" data-processed=\"true\"><span class=\"T286Pc\" data-sfc-cp=\"\" data-sfc-cb=\"\" data-processed=\"true\"><strong class=\"Yjhzub\" data-sfc-cb=\"\" data-processed=\"true\">Drivers:<\/strong>\u00a0Quatro falantes de 2-1\/2&#8243; com tecnologia\u00a0<em class=\"eujQNb\" data-sfc-cb=\"\" data-processed=\"true\">Compound Loaded<\/em>\u00a0e\u00a0<em class=\"eujQNb\" data-sfc-cb=\"\" data-processed=\"true\">Articulated Array<\/em>\u00a0para um som amplo e distribu\u00eddo.<\/span><\/li>\n<li class=\"dF3vjf\" data-sfc-cb=\"\" data-hveid=\"CAMQAw\" data-processed=\"true\"><span class=\"T286Pc\" data-sfc-cp=\"\" data-sfc-cb=\"\" data-processed=\"true\"><strong class=\"Yjhzub\" data-sfc-cb=\"\" data-processed=\"true\">Pot\u00eancia Recomendada:<\/strong>\u00a010 &#8211; 100 Watts com receptores de 4 &#8211; 8 Ohms.<\/span><\/li>\n<li class=\"dF3vjf\" data-sfc-cb=\"\" data-hveid=\"CAMQBA\" data-processed=\"true\"><span class=\"T286Pc\" data-sfc-cp=\"\" data-sfc-cb=\"\" data-processed=\"true\"><strong class=\"Yjhzub\" data-sfc-cb=\"\" data-processed=\"true\">Conex\u00e3o:<\/strong>\u00a0Terminal de clipe de mola (wired).<\/span><\/li>\n<li class=\"dF3vjf\" data-sfc-cb=\"\" data-hveid=\"CAMQBQ\" data-processed=\"true\"><span class=\"T286Pc\" data-sfc-cp=\"\" data-sfc-cb=\"\" data-processed=\"true\"><span class=\"T286Pc\" data-sfc-cp=\"\" data-sfc-cb=\"\" data-processed=\"true\"><span class=\"T286Pc\" data-sfc-cp=\"\" data-sfc-cb=\"\" data-processed=\"true\"><strong class=\"Yjhzub\" data-sfc-cb=\"\" data-processed=\"true\">Dimens\u00f5es : <\/strong>L 546 x A 152 x P 82 mm<\/span><\/span><\/span>\n<div data-processed=\"true\"><\/div>\n<div data-processed=\"true\"><\/div>\n<\/li>\n<\/ul>\n","protected":false},"excerpt":{"rendered":"<p>O Bose VCS-10 \u00e9 um\u00a0alto-falante de canal central (center channel)\u00a0projetado para sistemas de home theater, entregando di\u00e1logos claros e som surround, com design compacto, blindagem magn\u00e9tica para ficar perto da TV e tecnologia bass-reflex para graves mais profundos, sendo uma pe\u00e7a chave para a clareza de filmes e programas.\u00a0 Principais caracter\u00edsticas: Fun\u00e7\u00e3o:\u00a0Canal central para sistemas [&hellip;]<\/p>\n","protected":false},"featured_media":10745,"template":"","meta":{"_acf_changed":false},"product_brand":[],"product_cat":[165,35,17],"product_tag":[],"class_list":{"0":"post-10746","1":"product","2":"type-product","3":"status-publish","4":"has-post-thumbnail","6":"product_cat-bose","7":"product_cat-caixas-centrais","8":"product_cat-caixas","10":"first","11":"instock","12":"sold-individually","13":"shipping-taxable","14":"purchasable","15":"product-type-simple"},"acf":[],"aioseo_notices":[],"_links":{"self":[{"href":"https:\/\/hificlub.com.br\/loja\/wp-json\/wp\/v2\/product\/10746","targetHints":{"allow":["GET"]}}],"collection":[{"href":"https:\/\/hificlub.com.br\/loja\/wp-json\/wp\/v2\/product"}],"about":[{"href":"https:\/\/hificlub.com.br\/loja\/wp-json\/wp\/v2\/types\/product"}],"wp:featuredmedia":[{"embeddable":true,"href":"https:\/\/hificlub.com.br\/loja\/wp-json\/wp\/v2\/media\/10745"}],"wp:attachment":[{"href":"https:\/\/hificlub.com.br\/loja\/wp-json\/wp\/v2\/media?parent=10746"}],"wp:term":[{"taxonomy":"product_brand","embeddable":true,"href":"https:\/\/hificlub.com.br\/loja\/wp-json\/wp\/v2\/product_brand?post=10746"},{"taxonomy":"product_cat","embeddable":true,"href":"https:\/\/hificlub.com.br\/loja\/wp-json\/wp\/v2\/product_cat?post=10746"},{"taxonomy":"product_tag","embeddable":true,"href":"https:\/\/hificlub.com.br\/loja\/wp-json\/wp\/v2\/product_tag?post=10746"}],"curies":[{"name":"wp","href":"https:\/\/api.w.org\/{rel}","templated":true}]}}