{"id":10678,"date":"2024-01-02T18:12:36","date_gmt":"2024-01-02T21:12:36","guid":{"rendered":"https:\/\/hificlub.com.br\/loja\/?post_type=product&#038;p=10678"},"modified":"2026-03-03T22:18:38","modified_gmt":"2026-03-04T01:18:38","slug":"focal-aria-936","status":"publish","type":"product","link":"https:\/\/hificlub.com.br\/loja\/produto\/focal-aria-936\/","title":{"rendered":"FOCAL ARIA 936"},"content":{"rendered":"<p>As caixas torre Focal Aria 936 \u00e9 um modelo de 3 altifalantes de 5 altifalantes da nova gama Aria, t\u00e3o potente em Hi-Fi como no cinema em casa. Este modelo difere do Aria 926 por um registro s\u00e9rio ainda mais excepcional.<\/p>\n<p>A Focal est\u00e1 mais uma vez demonstrando seu know-how e sua vontade de inovar de novo e de novo. N\u00e3o menos de 5 anos foram necess\u00e1rios para o desenvolvimento da nova gama Aria. A Focal criou uma s\u00e9rie de alto-falantes in\u00e9ditos de baixo e m\u00e9dio, chamada Flax. Dezoito anos ap\u00f3s a introdu\u00e7\u00e3o da estrutura em sandu\u00edche da s\u00e9rie W, a linha Flax assume o princ\u00edpio ao incorporar novos materiais. Assim, a membrana dos alto-falantes de graves e m\u00e9dios \u00e9 composta por uma sandu\u00edche de duas folhas de fibras de vidro envolvendo uma fina camada de linho. O linho natural foi escolhido por suas propriedades mec\u00e2nicas: \u00e9 uma fibra oca ideal para conciliar neutralidade e leveza, cuja baixa elasticidade e alta rigidez s\u00e3o compar\u00e1veis \u00bf\u00bfao carbono e ao Kevlar. Os alto-falantes do Focal Aria 936 t\u00eam tigelas de zamak injetadas (liga de zinco, alum\u00ednio e magn\u00e9sio), leves e ultra-r\u00edgidas. Outro novo tweeter TNF, de alum\u00ednio e de magn\u00e9sio camp\u00e2nula invertida, emprega um Poron lama, uma mem\u00f3ria de forma uretano microcelular, que permite uma divis\u00e3o por tr\u00eas da distor\u00e7\u00e3o de 2000 a 3000 Hz, em um intervalo de freq\u00fc\u00eancias em que o ouvido \u00e9 muito sens\u00edvel. Um guia de ondas em forma de uretano preto fosco fornece \u00f3tima dispers\u00e3o horizontal e vertical. As formas s\u00e3o feitas de MDF grosso, com refor\u00e7os internos e paredes n\u00e3o paralelas, para eliminar as ondas estacion\u00e1rias e reduzir a distor\u00e7\u00e3o. Finalmente, os filtros passivos t\u00eam, como sempre na Focal, sido objeto de uma longa otimiza\u00e7\u00e3o a ser respeitada na melhor fase el\u00e9trica e ac\u00fastica.<\/p>\n<p>Em termos de design, a linha Aria \u00e9 uma grande evolu\u00e7\u00e3o na Focal, com linhas limpas e mais s\u00f3brias. Nenhum parafuso \u00e9 vis\u00edvel gra\u00e7as ao uso de an\u00e9is de metal s\u00f3lido escovado, as fachadas t\u00eam um acabamento de couro e uma cobertura de tecido de fixa\u00e7\u00e3o magn\u00e9tica, enquanto as faces superiores s\u00e3o feitas de vidro. Finalmente, a nova linha Aria foi projetada, desenvolvida e fabricada na Fran\u00e7a.<\/p>\n<p>O altifalante da coluna Focal Aria 936 \u00e9 o segundo modelo da coluna na gama. Este alto-falante se beneficia de todas as qualidades da membrana de linho e mostra neutralidade, presen\u00e7a, refinamento e incr\u00edvel impacto. \u00c9 adequado para salas de estar de 25 m\u00b2, gra\u00e7as ao uso de v\u00e1rios alto-falantes de grande di\u00e2metro. Por exemplo, o Focal Aria 936 possui tr\u00eas drivers de baixo de diafragma de 16 &#8220;FLAX, carregados com reflexos de graves atrav\u00e9s de tr\u00eas aberturas circulares: duas na frente e a terceira no ch\u00e3o. . Esta t\u00e9cnica proporciona uma distribui\u00e7\u00e3o mais harmoniosa de baixas freq\u00fc\u00eancias, alto impacto e falta de ru\u00eddo no fluxo de ar em um n\u00edvel sustentado. A base de alum\u00ednio ajust\u00e1vel em altura garante uma estabilidade perfeita e garante uma transpar\u00eancia perfeita para o registro baixo. O midrange \u00e9 atribu\u00eddo a um alto-falante de 16,5 cm com membrana FLAX tamb\u00e9m, sendo este \u00faltimo por outro lado muito mais fino que o dos modelos de baixo, para oferecer um transiente adaptado ao cora\u00e7\u00e3o do espectro de \u00e1udio. Quanto ao tweeter, \u00e9 um modelo TNF de 2,5 cm de di\u00e2metro. A resposta de freq\u00fc\u00eancia \u00e9 de 39 Hz a 28 kHz com not\u00e1vel efici\u00eancia e sensibilidade de primeiro plano, a 92 dB para um Watt injetado. Vers\u00e1til, o altifalante Focal Aria 936 \u00e9 adequado para utiliza\u00e7\u00e3o Hi-Fi com um amplificador est\u00e9reo, bem como cinema em casa, onde ser\u00e1 utilizado como altifalante frontal. Neste caso, o Focal Aria 936 merece ser usado com o alto-falante central CC Focal Aria 900, bem como surround Aria Focal 906. Note-se que esta coluna requer um potente amplificador com uma reserva de marcha de bom d\u00ea o melhor de si mesma.<\/p>\n<p>Especifica\u00e7\u00f5es t\u00e9cnicas:<br \/>\nColuna de 3 vias<br \/>\nReflexo Charge-bass<br \/>\nAltifalantes de linho e TNF<br \/>\nPedestal de alum\u00ednio ajust\u00e1vel em altura (chave fornecida)<br \/>\nCapa de tecido magn\u00e9tico<br \/>\nPot\u00eancia recomendada: 50W a 300W<br \/>\nResposta de frequ\u00eancia (+ &#8211; 3 dB): 37 Hz a 28 kHz<br \/>\nResposta a -6 dB: 32 Hz<br \/>\nSensibilidade: 92 dB para 1 W a 1 m<br \/>\nImped\u00e2ncia nominal: 8 ohms<br \/>\nImped\u00e2ncia m\u00ednima: 2,8 Ohms<br \/>\nFreq\u00fc\u00eancias de corte: 260 Hz e 3100 Hz<br \/>\nAlto-falantes<br \/>\n3x drivers de flax de 16,5 cm<br \/>\n1x altifalante de gama m\u00e9dia de 16,5 cm de linho<br \/>\n1x tweeter TNF de c\u00fapula invertida de 2,5 cm<\/p>\n<p>Dimens\u00f5es e Peso:<br \/>\nProfundidade: 37,1 cm<br \/>\nLargura: 29,4 cm<br \/>\nAltura: 1,15 m<br \/>\nPeso: 29 Kg (cada caixa)<\/p>\n","protected":false},"excerpt":{"rendered":"<p>As caixas torre Focal Aria 936 \u00e9 um modelo de 3 altifalantes de 5 altifalantes da nova gama Aria, t\u00e3o potente em Hi-Fi como no cinema em casa. Este modelo difere do Aria 926 por um registro s\u00e9rio ainda mais excepcional. A Focal est\u00e1 mais uma vez demonstrando seu know-how e sua vontade de inovar [&hellip;]<\/p>\n","protected":false},"featured_media":18237,"template":"","meta":{"_acf_changed":false},"product_brand":[],"product_cat":[17,45,18],"product_tag":[],"class_list":{"0":"post-10678","1":"product","2":"type-product","3":"status-publish","4":"has-post-thumbnail","6":"product_cat-caixas","7":"product_cat-focal","8":"product_cat-torres","10":"first","11":"instock","12":"sold-individually","13":"shipping-taxable","14":"purchasable","15":"product-type-simple"},"acf":[],"aioseo_notices":[],"_links":{"self":[{"href":"https:\/\/hificlub.com.br\/loja\/wp-json\/wp\/v2\/product\/10678","targetHints":{"allow":["GET"]}}],"collection":[{"href":"https:\/\/hificlub.com.br\/loja\/wp-json\/wp\/v2\/product"}],"about":[{"href":"https:\/\/hificlub.com.br\/loja\/wp-json\/wp\/v2\/types\/product"}],"wp:featuredmedia":[{"embeddable":true,"href":"https:\/\/hificlub.com.br\/loja\/wp-json\/wp\/v2\/media\/18237"}],"wp:attachment":[{"href":"https:\/\/hificlub.com.br\/loja\/wp-json\/wp\/v2\/media?parent=10678"}],"wp:term":[{"taxonomy":"product_brand","embeddable":true,"href":"https:\/\/hificlub.com.br\/loja\/wp-json\/wp\/v2\/product_brand?post=10678"},{"taxonomy":"product_cat","embeddable":true,"href":"https:\/\/hificlub.com.br\/loja\/wp-json\/wp\/v2\/product_cat?post=10678"},{"taxonomy":"product_tag","embeddable":true,"href":"https:\/\/hificlub.com.br\/loja\/wp-json\/wp\/v2\/product_tag?post=10678"}],"curies":[{"name":"wp","href":"https:\/\/api.w.org\/{rel}","templated":true}]}}