{"id":10639,"date":"2024-01-02T18:12:20","date_gmt":"2024-01-02T21:12:20","guid":{"rendered":"https:\/\/hificlub.com.br\/loja\/?post_type=product&#038;p=10639"},"modified":"2025-12-08T23:16:12","modified_gmt":"2025-12-09T02:16:12","slug":"aurender-a10-music-server-streamer-dac-preamp","status":"publish","type":"product","link":"https:\/\/hificlub.com.br\/loja\/produto\/aurender-a10-music-server-streamer-dac-preamp\/","title":{"rendered":"AURENDER A10   Streamer, DAC, Music Server, Preamp"},"content":{"rendered":"<h4><span dir=\"auto\">Um streamer dual-mono com DAC integrado que compete com DACs independentes que custam o mesmo ou at\u00e9 mais. Um disco r\u00edgido interno de 4 TB com cache SSD de 120 GB. Esta \u00e9 a fonte digital de alta fidelidade perfeita em um \u00fanico dispositivo.<\/span><\/h4>\n<p><span dir=\"auto\">Basta levar o A10 para casa e conect\u00e1-lo a qualquer entrada de linha do seu amplificador. Use o aplicativo intuitivo Aurender Conductor para acessar e controlar sua biblioteca de m\u00fasica local ou de streaming e desfrute da espacialidade e da nitidez proporcionadas por um sistema de \u00e1udio digital de baix\u00edssimo ru\u00eddo e jitter. Armazene sua cole\u00e7\u00e3o de m\u00fasicas diretamente no Aurender e conecte-o ao seu roteador para acessar o Tidal, Qobuz e Spotify para streaming em alta resolu\u00e7\u00e3o e MQA.<\/span><\/p>\n<h3><span dir=\"auto\">Caracter\u00edsticas<\/span><\/h3>\n<ul>\n<li><span dir=\"auto\">DAC dual mono com fontes de alimenta\u00e7\u00e3o linear dual mono totalmente discretas e de baix\u00edssimo ru\u00eddo.<\/span><\/li>\n<li><span dir=\"auto\">Ajuste de volume pelo aplicativo, controle remoto infravermelho ou bot\u00e3o no painel frontal.<\/span><\/li>\n<li><span dir=\"auto\">Clock FPGA com redu\u00e7\u00e3o de jitter<\/span><\/li>\n<li><span dir=\"auto\">Armazenamento em disco r\u00edgido de 2,5&#8243; de 4 TB com cache SSD de 120 GB.<\/span><\/li>\n<li><span dir=\"auto\">Sa\u00edda de \u00e1udio USB Classe 2.0 dedicada e de baix\u00edssimo ru\u00eddo<\/span><\/li>\n<li><span dir=\"auto\">Decodifica\u00e7\u00e3o MQA completa<\/span><\/li>\n<li><span dir=\"auto\">Suporte t\u00e9cnico remoto atrav\u00e9s do aplicativo Aurender<\/span><\/li>\n<\/ul>\n<h3><span dir=\"auto\">Especifica\u00e7\u00f5es<\/span><\/h3>\n<p><strong><span dir=\"auto\">Formatos suportados:\u00a0<\/span><\/strong><span dir=\"auto\">\u00a0DSD (DSF, DFF), WAV, FLAC, AIFF, ALAC, M4A, APE\u00a0<\/span><\/p>\n<p><strong><span dir=\"auto\">Taxa de amostragem S\/PDIF (PCM\/DoP):<\/span><\/strong><span dir=\"auto\">\u00a0At\u00e9 192 kHz, 24 bits\/2,8 MHz (DSD64)<\/span><\/p>\n<p><strong><span dir=\"auto\">Taxa de amostragem USB (PCM\/DoP):\u00a0<\/span><\/strong><span dir=\"auto\">\u00a0At\u00e9 384 kHz, 32 bits\/5,6 MHz (DSD128)<\/span><\/p>\n<p><strong><span dir=\"auto\">Chip DAC:<\/span><\/strong><span dir=\"auto\">\u00a02 x AK4490<\/span><\/p>\n<p><strong><span dir=\"auto\">Conex\u00f5es digitais<\/span><br \/>\n<\/strong><strong><span dir=\"auto\">Sa\u00edda:<\/span><\/strong><span dir=\"auto\">\u00a0USB \u00c1udio Classe 2.0<\/span><br \/>\n<strong><span dir=\"auto\">Entrada:<\/span><\/strong><span dir=\"auto\">\u00a0TOSLINK \u00d3ptico at\u00e9 192\/24 (roteado apenas para sa\u00edda anal\u00f3gica, sem sa\u00edda digital)<\/span><br \/>\n<strong><span dir=\"auto\">Outras:<\/span><\/strong><span dir=\"auto\">\u00a0Gigabit Ethernet, 2 x USB A (dados)<\/span><\/p>\n<p><strong><span dir=\"auto\">Sa\u00eddas anal\u00f3gicas:<\/span><\/strong><span dir=\"auto\">\u00a01 x RCA est\u00e9reo, 1 x XLR est\u00e9reo balanceado<\/span><\/p>\n<p><strong><span dir=\"auto\">Dimens\u00f5es (L x A x P):<\/span><\/strong><span dir=\"auto\">\u00a043 cm x 5,6 cm x 35,3 cm<\/span><\/p>\n<p><strong><span dir=\"auto\">Peso:<\/span><\/strong><span dir=\"auto\">\u00a022,5 lb<\/span><\/p>\n","protected":false},"excerpt":{"rendered":"<p>Um streamer dual-mono com DAC integrado que compete com DACs independentes que custam o mesmo ou at\u00e9 mais. Um disco r\u00edgido interno de 4 TB com cache SSD de 120 GB. Esta \u00e9 a fonte digital de alta fidelidade perfeita em um \u00fanico dispositivo. Basta levar o A10 para casa e conect\u00e1-lo a qualquer entrada [&hellip;]<\/p>\n","protected":false},"featured_media":10636,"template":"","meta":{"_acf_changed":false},"product_brand":[],"product_cat":[234,43,41,142],"product_tag":[],"class_list":{"0":"post-10639","1":"product","2":"type-product","3":"status-publish","4":"has-post-thumbnail","6":"product_cat-aurender","7":"product_cat-dac","8":"product_cat-digital","9":"product_cat-streamers","11":"first","12":"instock","13":"sold-individually","14":"shipping-taxable","15":"purchasable","16":"product-type-simple"},"acf":[],"aioseo_notices":[],"_links":{"self":[{"href":"https:\/\/hificlub.com.br\/loja\/wp-json\/wp\/v2\/product\/10639","targetHints":{"allow":["GET"]}}],"collection":[{"href":"https:\/\/hificlub.com.br\/loja\/wp-json\/wp\/v2\/product"}],"about":[{"href":"https:\/\/hificlub.com.br\/loja\/wp-json\/wp\/v2\/types\/product"}],"wp:featuredmedia":[{"embeddable":true,"href":"https:\/\/hificlub.com.br\/loja\/wp-json\/wp\/v2\/media\/10636"}],"wp:attachment":[{"href":"https:\/\/hificlub.com.br\/loja\/wp-json\/wp\/v2\/media?parent=10639"}],"wp:term":[{"taxonomy":"product_brand","embeddable":true,"href":"https:\/\/hificlub.com.br\/loja\/wp-json\/wp\/v2\/product_brand?post=10639"},{"taxonomy":"product_cat","embeddable":true,"href":"https:\/\/hificlub.com.br\/loja\/wp-json\/wp\/v2\/product_cat?post=10639"},{"taxonomy":"product_tag","embeddable":true,"href":"https:\/\/hificlub.com.br\/loja\/wp-json\/wp\/v2\/product_tag?post=10639"}],"curies":[{"name":"wp","href":"https:\/\/api.w.org\/{rel}","templated":true}]}}