{"id":10607,"date":"2024-01-02T18:12:10","date_gmt":"2024-01-02T21:12:10","guid":{"rendered":"https:\/\/hificlub.com.br\/loja\/?post_type=product&#038;p=10607"},"modified":"2026-03-02T11:41:47","modified_gmt":"2026-03-02T14:41:47","slug":"cambridge-azur-851a-silver-amplificador-integrado-120-watts","status":"publish","type":"product","link":"https:\/\/hificlub.com.br\/loja\/produto\/cambridge-azur-851a-silver-amplificador-integrado-120-watts\/","title":{"rendered":"CAMBRIDGE AZUR 851A Silver Amplificador Integrado 120 watts"},"content":{"rendered":"<p>ESTADO 9\/10<\/p>\n<p>O \u00faltimo em amplifica\u00e7\u00e3o e constru\u00eddo sem compromisso, o 851 \u00e9 o nosso melhor amplificador integrado. Possui incr\u00edvel poder, finura e distor\u00e7\u00e3o surpreendentemente baixa. Em seu projeto, avaliamos cada componente para excel\u00eancia sonora e revisamos, revisamos e otimizamos o caminho do sinal para distor\u00e7\u00e3o m\u00ednima. Milhares de horas foram gastas testes e ajustes, o resultado \u00e9 um amplificador como voc\u00ea nunca ouviu antes.<\/p>\n<p>QUALIDADE DE SOM<br \/>\nNada prepara para a qualidade de som do nosso 851A. Classificada em 120 Watts por canal e constru\u00edda com uma aten\u00e7\u00e3o fastidiosa aos detalhes, apresenta sua m\u00fasica com incr\u00edvel profundidade e clareza incr\u00edvel. O controle de volume de precis\u00e3o fornece not\u00e1vel separa\u00e7\u00e3o est\u00e9reo, enquanto o efeito global \u00e9 dar a sua cole\u00e7\u00e3o de m\u00fasica uma nova vida.<\/p>\n<p>Em vez de usar modelos de amplificadores Classe A ou Classe AB, desenvolvemos um novo e exclusivo design novo chamado Classe XD, que combina a pureza sonora da Classe A ea efici\u00eancia da Classe AB para o melhor resultado poss\u00edvel. Para mais informa\u00e7\u00f5es sobre esta tecnologia patenteada clique aqui .<\/p>\n<p>O transformador toroidal prim\u00e1rio fornece energia irrestrita aos blocos de amplifica\u00e7\u00e3o mono dual. \u00c9 um verdadeiro transformador audiophile que ir\u00e1 operar sem distor\u00e7\u00e3o e sem zumbido, interfer\u00eancia ou zumbido. Enquanto um segundo transformador toroidal menor cuida dos processos de pr\u00e9-amplifica\u00e7\u00e3o.<\/p>\n<p>Pot\u00eancia de sa\u00edda120W RMS em 8 Ohms 200W RMS em 4 Ohms THD (n\u00e3o ponderado) 93 dB (ref 1W \/ 8 Ohm)<br \/>\nImped\u00e2ncia de entrada Entradas 1 e 2 (balanceadas) 20 kOhm<br \/>\nEntradas 1-7 n\u00e3o balanceadas 20 kOhm Rec Entrada 20 kOhm<br \/>\nFator de amortecimento do amplificador de pot\u00eancia &gt; 110 a 1 kHz<br \/>\nM\u00e1x. Consumo de energia de 800W<br \/>\nMin. Consumo de energia Ativo (sem sinal) 70W<br \/>\nConsumo de energia em espera Standby &lt;0.5w controlo de tons tipo prateleiras aumento \/ corte graves m\u00e1ximos +\/- 10 db a hz agudos 7,5 20 khz cor prata ou preta dimens\u00f5es (lxaxp) 430 x 115 385mm (16,9 4,5 15,2 &quot;) peso 15.0kg (33lbs)<\/p>\n","protected":false},"excerpt":{"rendered":"<p>ESTADO 9\/10 O \u00faltimo em amplifica\u00e7\u00e3o e constru\u00eddo sem compromisso, o 851 \u00e9 o nosso melhor amplificador integrado. Possui incr\u00edvel poder, finura e distor\u00e7\u00e3o surpreendentemente baixa. Em seu projeto, avaliamos cada componente para excel\u00eancia sonora e revisamos, revisamos e otimizamos o caminho do sinal para distor\u00e7\u00e3o m\u00ednima. Milhares de horas foram gastas testes e ajustes, [&hellip;]<\/p>\n","protected":false},"featured_media":10604,"template":"","meta":{"_acf_changed":false},"product_brand":[],"product_cat":[27,52,51],"product_tag":[],"class_list":{"0":"post-10607","1":"product","2":"type-product","3":"status-publish","4":"has-post-thumbnail","6":"product_cat-amplificador","7":"product_cat-cambridge","8":"product_cat-integrado","10":"first","11":"instock","12":"sold-individually","13":"shipping-taxable","14":"purchasable","15":"product-type-simple"},"acf":[],"aioseo_notices":[],"_links":{"self":[{"href":"https:\/\/hificlub.com.br\/loja\/wp-json\/wp\/v2\/product\/10607","targetHints":{"allow":["GET"]}}],"collection":[{"href":"https:\/\/hificlub.com.br\/loja\/wp-json\/wp\/v2\/product"}],"about":[{"href":"https:\/\/hificlub.com.br\/loja\/wp-json\/wp\/v2\/types\/product"}],"wp:featuredmedia":[{"embeddable":true,"href":"https:\/\/hificlub.com.br\/loja\/wp-json\/wp\/v2\/media\/10604"}],"wp:attachment":[{"href":"https:\/\/hificlub.com.br\/loja\/wp-json\/wp\/v2\/media?parent=10607"}],"wp:term":[{"taxonomy":"product_brand","embeddable":true,"href":"https:\/\/hificlub.com.br\/loja\/wp-json\/wp\/v2\/product_brand?post=10607"},{"taxonomy":"product_cat","embeddable":true,"href":"https:\/\/hificlub.com.br\/loja\/wp-json\/wp\/v2\/product_cat?post=10607"},{"taxonomy":"product_tag","embeddable":true,"href":"https:\/\/hificlub.com.br\/loja\/wp-json\/wp\/v2\/product_tag?post=10607"}],"curies":[{"name":"wp","href":"https:\/\/api.w.org\/{rel}","templated":true}]}}