{"id":10341,"date":"2024-01-02T18:10:36","date_gmt":"2024-01-02T21:10:36","guid":{"rendered":"https:\/\/hificlub.com.br\/loja\/?post_type=product&#038;p=10341"},"modified":"2026-04-22T04:56:05","modified_gmt":"2026-04-22T07:56:05","slug":"panamax-m5300-pm","status":"publish","type":"product","link":"https:\/\/hificlub.com.br\/loja\/produto\/panamax-m5300-pm\/","title":{"rendered":"PANAMAX M5300 PM Condicionador de Energia"},"content":{"rendered":"<p>MELHORA A QUALIDADE DE IMAGEM E SOM<br \/>\nN\u00edvel de limpeza Power 4 e Filtra\u00e7\u00e3o elimina os sintomas comuns de poder contaminados (incluindo perda de detalhe, aparece, silvos, hums e artefatos visuais) e permite que o equipamento de A \/ V para realizar at\u00e9 a sua plena capacidade.<br \/>\nMONITORES TENS\u00c3O DE LINHA DE ENTRADA E FORNECE UMA INDICA\u00c7\u00c3O VISUAL DO N\u00cdVEL DE POT\u00caNCIA<br \/>\nPanamax de patente pendente da AVM \u00bf circuito monitora continuamente o poder de entrada como exibido no volt\u00edmetro digital. Em caso de subtens\u00e3o ou uma sobretens\u00e3o, um raio piscando em vermelho ser\u00e1 exibido no volt\u00edmetro, e poder para o equipamento ligado \u00e9 desligado automaticamente se qualquer uma destas condi\u00e7\u00f5es for detectada. Quando tens\u00e3o volta a um cofre n\u00edvel de pot\u00eancia, para o equipamento \u00e9 automaticamente reconectado.<br \/>\nREDUZ A CONTAMINA\u00c7\u00c3O CRUZADA ENTRE COMPONENTES<br \/>\nO M5300-PM \u00e9 projetado para fornecer isolamento de ru\u00eddo entre 5 bancos de sa\u00edda isolados (incluindo um banco com duas sa\u00eddas altas correntes), de modo que qualquer ru\u00eddo criado por um componente A \/ V n\u00e3o pode contaminar o poder ir para equipamentos ligados em outro banco tomada.<\/p>\n<p>Especifica\u00e7\u00f5es do Produto<br \/>\nDesligamento por Subtens\u00e3o 90 VAC \u00b1 2 VAC<br \/>\nDesligamento por sobretens\u00e3o 142 VAC \u00b1 8 VAC<br \/>\nClassifica\u00e7\u00e3o da Corrente de Supress\u00e3o CA 330 V<br \/>\nCorrente Total M\u00e1xima 15 A<br \/>\nModos de prote\u00e7\u00e3o L-N, L-G, N-G<br \/>\nCorrente de Impulso M\u00e1xima 72.000 A<br \/>\nTens\u00e3o de linha 120 VAC, 60 Hz<br \/>\nDissipa\u00e7\u00e3o de Energia 2125 J<br \/>\nFiltragem de Ru\u00eddo EMI \/ RFI: Bancos 1, 2, 3, 4: 80 dB, 100 kHz &#8211; 2 MHz<br \/>\nBanco 5, tomadas de corrente alta: 60 dB, 100 kHz &#8211; 2 MHz<br \/>\nEntrada do Disparador CC:<br \/>\nTens\u00e3o e polaridade: 3 &#8211; 24 VDC, bidirecional<br \/>\nJacks: mini-plugue mono de 3,5 mm (1\/8 &#8220;)<br \/>\nRequisito de corrente: 4,6 mA a 3 V, 58 mA a 24 V<br \/>\nSa\u00edda:<br \/>\nPositivo: Dica<br \/>\nNegativo: Anel<br \/>\nPassagem: sem atraso<br \/>\nFios de Configura\u00e7\u00e3o da LAN Protegidos: 8<br \/>\nConectores: RJ-45<br \/>\nCompatibilidade: 10\/100 bT<br \/>\nN\u00edvel de aperto: 52 V<br \/>\nEntrega de energia USB: 500 mA a 5 VCC<br \/>\nMacacos: USB tipo A<br \/>\nProte\u00e7\u00f5es Telco:<br \/>\nFios Protegidos: 2 fios, pinos 4 e 5<br \/>\nModos de Supress\u00e3o: Met\u00e1lico e Longitudinal<br \/>\nFuseless \/ Auto-Reset: Sim<br \/>\nConectores: RJ-11<br \/>\nN\u00edvel de aperto: 260 V<br \/>\nCapacit\u00e2ncia: 30 pf<br \/>\nUniversal:<br \/>\nBlindado: sim<br \/>\nPerda de inser\u00e7\u00e3o: &lt;0,5 dB<br \/>\nHD 1080 i \/ p Pronto: sim<br \/>\nFaixa de Freq\u00fc\u00eancia: 0 MHz &#8211; 2,2 GHz<br \/>\nConex\u00f5es: Feminino, banhado a ouro<br \/>\nN\u00edvel de Fixa\u00e7\u00e3o: 75 V<br \/>\nBidirecional: sim<\/p>\n<p>Dimens\u00f5es e Peso<br \/>\nProfundidade: 32,4 cm<br \/>\nLargura: 43,2 cm<br \/>\nAltura: 8,9 cm<br \/>\nPeso: 5,8 Kg<\/p>\n","protected":false},"excerpt":{"rendered":"<p>MELHORA A QUALIDADE DE IMAGEM E SOM N\u00edvel de limpeza Power 4 e Filtra\u00e7\u00e3o elimina os sintomas comuns de poder contaminados (incluindo perda de detalhe, aparece, silvos, hums e artefatos visuais) e permite que o equipamento de A \/ V para realizar at\u00e9 a sua plena capacidade. MONITORES TENS\u00c3O DE LINHA DE ENTRADA E FORNECE [&hellip;]<\/p>\n","protected":false},"featured_media":10339,"template":"","meta":{"_acf_changed":false},"product_brand":[],"product_cat":[89,106,250],"product_tag":[],"class_list":{"0":"post-10341","1":"product","2":"type-product","3":"status-publish","4":"has-post-thumbnail","6":"product_cat-acessorios","7":"product_cat-energia","8":"product_cat-panamax","10":"first","11":"instock","12":"sold-individually","13":"shipping-taxable","14":"purchasable","15":"product-type-simple"},"acf":[],"aioseo_notices":[],"_links":{"self":[{"href":"https:\/\/hificlub.com.br\/loja\/wp-json\/wp\/v2\/product\/10341","targetHints":{"allow":["GET"]}}],"collection":[{"href":"https:\/\/hificlub.com.br\/loja\/wp-json\/wp\/v2\/product"}],"about":[{"href":"https:\/\/hificlub.com.br\/loja\/wp-json\/wp\/v2\/types\/product"}],"wp:featuredmedia":[{"embeddable":true,"href":"https:\/\/hificlub.com.br\/loja\/wp-json\/wp\/v2\/media\/10339"}],"wp:attachment":[{"href":"https:\/\/hificlub.com.br\/loja\/wp-json\/wp\/v2\/media?parent=10341"}],"wp:term":[{"taxonomy":"product_brand","embeddable":true,"href":"https:\/\/hificlub.com.br\/loja\/wp-json\/wp\/v2\/product_brand?post=10341"},{"taxonomy":"product_cat","embeddable":true,"href":"https:\/\/hificlub.com.br\/loja\/wp-json\/wp\/v2\/product_cat?post=10341"},{"taxonomy":"product_tag","embeddable":true,"href":"https:\/\/hificlub.com.br\/loja\/wp-json\/wp\/v2\/product_tag?post=10341"}],"curies":[{"name":"wp","href":"https:\/\/api.w.org\/{rel}","templated":true}]}}