{"id":10295,"date":"2024-01-02T18:10:23","date_gmt":"2024-01-02T21:10:23","guid":{"rendered":"https:\/\/hificlub.com.br\/loja\/produto\/velodyne-microvee-655600\/"},"modified":"2026-03-03T22:18:39","modified_gmt":"2026-03-04T01:18:39","slug":"velodyne-microvee-65","status":"publish","type":"product","link":"https:\/\/hificlub.com.br\/loja\/produto\/velodyne-microvee-65\/","title":{"rendered":"VELODYNE MICROVEE X &#8211; Ultra Compact Subwoofer 6,5&#8243; &#8211; 300 watts"},"content":{"rendered":"<p><strong>Velodyne Ac\u00fastica MicroVee X<\/strong><\/p>\n<p>Resposta de baixa frequ\u00eancia impressionante, necessidade m\u00ednima de espa\u00e7o<br \/>\nDesempenho de graves incr\u00edvel em um tamanho compacto:<br \/>\no MicroVee X combina as tecnologias patenteadas da Velodyne Acoustics em um gabinete que cabe na sala de estar.<\/p>\n<p><strong>Desempenho de graves incr\u00edvel em um tamanho compacto<\/strong><\/p>\n<p>o MicroVee X combina as tecnologias patenteadas da Velodyne Acoustics em um gabinete que cabe na sala de estar. Para oferecer a melhor experi\u00eancia musical e de home cinema no menor gabinete poss\u00edvel. Ao mesmo tempo, o subwoofer pode ser colocado discretamente em quase qualquer casa. O Digital Drive Control System (DDCS) e o poderoso amplificador Classe AB garantem reprodu\u00e7\u00e3o de graves precisa e com baixa distor\u00e7\u00e3o.<\/p>\n<p>Um driver ativo de 6,5 polegadas combinado com dois radiadores passivos montados na lateral proporciona graves potentes e musicais.<\/p>\n<p>O recurso Subwoofer Direct da Velodyne Acoustics ignora opcionalmente o crossover interno para melhor desempenho em qualquer sistema.<\/p>\n<p>Com pot\u00eancia de pico de 800 watts, o amplificador cl\u00e1ssico Classe AB oferece n\u00edveis extremos de desempenho com distor\u00e7\u00e3o muito baixa e graves precisos.<\/p>\n<p>O DDCS reduz a distor\u00e7\u00e3o para 1\/6 dos valores de subwoofers compar\u00e1veis.<\/p>\n<p>&nbsp;<\/p>\n<p><a href=\"https:\/\/www.hifichoice.com\/content\/velodyne-introduces-microvee-x-subwoofer\"><img loading=\"lazy\" decoding=\"async\" class=\"alignnone size-full wp-image-23068\" src=\"https:\/\/hificlub.com.br\/loja\/wp-content\/uploads\/2025\/06\/Hifi-Choice-award.jpg\" alt=\"\" width=\"353\" height=\"75\" srcset=\"https:\/\/hificlub.com.br\/loja\/wp-content\/uploads\/2025\/06\/Hifi-Choice-award.jpg 353w, https:\/\/hificlub.com.br\/loja\/wp-content\/uploads\/2025\/06\/Hifi-Choice-award-300x64.jpg 300w\" sizes=\"auto, (max-width: 353px) 100vw, 353px\" \/><\/a>\u00a0 \u00a0 <a href=\"https:\/\/www.whathifi.com\/news\/news-honey-i-shrunk-subwoofer-velodyne-unveils-microvee\" target=\"_blank\" rel=\"noopener\"><img loading=\"lazy\" decoding=\"async\" class=\"alignnone wp-image-21976 \" src=\"https:\/\/hificlub.com.br\/loja\/wp-content\/uploads\/2025\/05\/what-hifi-awards-1.png\" alt=\"\" width=\"247\" height=\"125\" srcset=\"https:\/\/hificlub.com.br\/loja\/wp-content\/uploads\/2025\/05\/what-hifi-awards-1.png 316w, https:\/\/hificlub.com.br\/loja\/wp-content\/uploads\/2025\/05\/what-hifi-awards-1-300x152.png 300w\" sizes=\"auto, (max-width: 247px) 100vw, 247px\" \/><\/a><\/p>\n","protected":false},"excerpt":{"rendered":"<p>Velodyne Ac\u00fastica MicroVee X Resposta de baixa frequ\u00eancia impressionante, necessidade m\u00ednima de espa\u00e7o Desempenho de graves incr\u00edvel em um tamanho compacto: o MicroVee X combina as tecnologias patenteadas da Velodyne Acoustics em um gabinete que cabe na sala de estar. Desempenho de graves incr\u00edvel em um tamanho compacto o MicroVee X combina as tecnologias patenteadas [&hellip;]<\/p>\n","protected":false},"featured_media":18816,"template":"","meta":{"_acf_changed":false},"product_brand":[],"product_cat":[17,36,143],"product_tag":[],"class_list":{"0":"post-10295","1":"product","2":"type-product","3":"status-publish","4":"has-post-thumbnail","6":"product_cat-caixas","7":"product_cat-subwoofer","8":"product_cat-velodyne","10":"first","11":"instock","12":"sold-individually","13":"shipping-taxable","14":"purchasable","15":"product-type-simple"},"acf":[],"aioseo_notices":[],"_links":{"self":[{"href":"https:\/\/hificlub.com.br\/loja\/wp-json\/wp\/v2\/product\/10295","targetHints":{"allow":["GET"]}}],"collection":[{"href":"https:\/\/hificlub.com.br\/loja\/wp-json\/wp\/v2\/product"}],"about":[{"href":"https:\/\/hificlub.com.br\/loja\/wp-json\/wp\/v2\/types\/product"}],"wp:featuredmedia":[{"embeddable":true,"href":"https:\/\/hificlub.com.br\/loja\/wp-json\/wp\/v2\/media\/18816"}],"wp:attachment":[{"href":"https:\/\/hificlub.com.br\/loja\/wp-json\/wp\/v2\/media?parent=10295"}],"wp:term":[{"taxonomy":"product_brand","embeddable":true,"href":"https:\/\/hificlub.com.br\/loja\/wp-json\/wp\/v2\/product_brand?post=10295"},{"taxonomy":"product_cat","embeddable":true,"href":"https:\/\/hificlub.com.br\/loja\/wp-json\/wp\/v2\/product_cat?post=10295"},{"taxonomy":"product_tag","embeddable":true,"href":"https:\/\/hificlub.com.br\/loja\/wp-json\/wp\/v2\/product_tag?post=10295"}],"curies":[{"name":"wp","href":"https:\/\/api.w.org\/{rel}","templated":true}]}}