{"id":10289,"date":"2024-01-02T18:10:22","date_gmt":"2024-01-02T21:10:22","guid":{"rendered":"https:\/\/hificlub.com.br\/loja\/?post_type=product&#038;p=10289"},"modified":"2025-09-21T17:44:32","modified_gmt":"2025-09-21T20:44:32","slug":"sonus-faber-venere-2-0-black","status":"publish","type":"product","link":"https:\/\/hificlub.com.br\/loja\/produto\/sonus-faber-venere-2-0-black\/","title":{"rendered":"SONUS FABER VENERE 2.0 Black Piano"},"content":{"rendered":"<p>ESTADO 9\/10<\/p>\n<h4><span class=\"\">Essa beleza \u00e9 uma fera<\/span><\/h4>\n<p>Ao longo dos anos, vimos e ouvimos mais do que o nosso quinh\u00e3o de palestrantes aqui em Crutchfield, ent\u00e3o \u00e0s vezes \u00e9 dif\u00edcil n\u00e3o se sentir um pouco cansado.\u00a0Mas quando o pessoal da Sonus Faber nos fez uma visita, at\u00e9 n\u00f3s, \u201cveteranos\u201d que vimos de tudo, ficamos imediatamente impressionados com a apar\u00eancia e o estilo de seus alto-falantes.\u00a0Claro, \u00e9 o som que realmente conta, certo?\u00a0N\u00e3o h\u00e1 problema a\u00ed!\u00a0Quando eles ligaram os alto-falantes da estante Venere 2.0, ficamos chocados.<\/p>\n<p><span class=\"\">N\u00e3o \u00e9 todo dia que ouvimos um som t\u00e3o impressionante vindo de um alto-falante compacto montado em um suporte.\u00a0<\/span>O Venere 2.0s proporcionou um som poderoso que preencheu o ambiente, r\u00e1pido, detalhado e &#8220;travado&#8221;.\u00a0Os alto-falantes pareciam simplesmente desaparecer, deixando apenas um palco sonoro amplo e profundo com imagens precisas que posicionavam os instrumentos com precis\u00e3o ao redor da sala.\u00a0Os vocais tamb\u00e9m eram especialmente quentes e naturais.\u00a0Bravo, Sonus faber!<\/p>\n<h4>Inspira\u00e7\u00e3o do passado<\/h4>\n<p>Sonus faber \u00e9 conhecido h\u00e1 muito tempo pela beleza sonora e visual de seus alto-falantes.\u00a0E s\u00f3 de olhar para o Venere 2.0, eu diria que eles arrasaram novamente.\u00a0Esses alto-falantes de estante elegantes e de constru\u00e7\u00e3o s\u00f3lida baseiam-se no design do instrumento de cordas lira, para fornecer um som excepcionalmente preciso e natural.<\/p>\n<p>Ao combinar a forma curva e fluida desse antigo instrumento ac\u00fastico com tecnologia de ponta e ajuste cuidadoso de ouvido, a Sonus Faber criou um alto-falante que d\u00e1 vida a todo o seu entretenimento dom\u00e9stico &#8211; quer voc\u00ea esteja usando um \u00fanico emparelhe para m\u00fasica est\u00e9reo ou crie um sistema de som surround completo.\u00a0Os Venere 2.0s s\u00e3o ideais para uso em salas de m\u00e9dio a grande porte e projetados para produzir desempenho m\u00e1ximo quando usados \u200b\u200bcom seus\u00a0<a href=\"https:\/\/www-crutchfield-com.translate.goog\/p_968VNRSTND\/Sonus-Faber-Venere-Stands.html?_x_tr_sl=en&amp;_x_tr_tl=pt&amp;_x_tr_hl=pt-BR&amp;_x_tr_pto=sc\">suportes de alto-falantes Sonus faber<\/a>\u00a0dedicados .<\/p>\n<h4>Uma melhor constru\u00e7\u00e3o do gabinete melhora o desempenho<\/h4>\n<p>A vibra\u00e7\u00e3o do gabinete, ou resson\u00e2ncia, pode adicionar colora\u00e7\u00e3o e distor\u00e7\u00e3o \u00e0 m\u00fasica e aos vocais.\u00a0Para mascarar a resson\u00e2ncia, muitos fabricantes de alto-falantes amortecem fortemente seus gabinetes.\u00a0Embora eficaz, o amortecimento excessivo tamb\u00e9m pode engrossar e embotar o som da sua m\u00fasica.\u00a0Em vez de adotar uma abordagem de marreta para eliminar a vibra\u00e7\u00e3o, a Sonus Faber molda e ajusta cuidadosamente seus gabinetes para trabalhar em sinergia com os drivers.\u00a0Usando superf\u00edcies internas curvas e n\u00e3o paralelas para controlar a resson\u00e2ncia do gabinete, esses alto-falantes s\u00e3o capazes de reproduzir um som limpo, vivo e din\u00e2mico.<\/p>\n<p>Al\u00e9m de parecer bonito, o gabinete exclusivo do Venere 2.0 tamb\u00e9m oferece outros benef\u00edcios.\u00a0Seu defletor frontal curvo e inclinado alinha o woofer e o tweeter para proporcionar uma melhor transi\u00e7\u00e3o sonora entre os drivers e garantir que os sons de baixa e alta frequ\u00eancia cheguem aos seus ouvidos ao mesmo tempo, para maior clareza.\u00a0A porta frontal e a parte traseira estreita do gabinete ajudam a reduzir a intera\u00e7\u00e3o entre o alto-falante e a parede, tornando o posicionamento mais f\u00e1cil e menos cr\u00edtico.\u00a0E o Sonus Faber utiliza um painel superior de vidro temperado para eliminar vibra\u00e7\u00f5es de alta frequ\u00eancia que podem causar distor\u00e7\u00e3o, aspereza e fadiga auditiva.\u00a0Todas essas t\u00e9cnicas e materiais avan\u00e7ados de constru\u00e7\u00e3o de gabinetes resultam em alto-falantes com transpar\u00eancia impressionante e um ambiente sonoro profundo e expansivo.<\/p>\n<h4><span class=\"\">Destaques do produto:<\/span><\/h4>\n<ul>\n<li>resposta de frequ\u00eancia: 45-25.000 Hz<\/li>\n<li>sensibilidade: 88dB<\/li>\n<li>imped\u00e2ncia nominal: 6 ohms<\/li>\n<li>pot\u00eancia recomendada do amplificador: 50-200 watts<\/li>\n<li>Tweeter de c\u00fapula macia de seda de 1-1\/8&#8243; para resposta de alta frequ\u00eancia suave e detalhada<\/li>\n<li>Woofer de cone curvo t\u00eaxtil de polipropileno termomoldado de 7&#8243; para aumentar a rigidez e reduzir a massa para maior velocidade e precis\u00e3o<\/li>\n<li><span class=\"\">gabinetes curvos para maior rigidez e redu\u00e7\u00e3o de ondas estacion\u00e1rias internas<\/span><\/li>\n<li>design de gabinete bass-reflex (portado)<\/li>\n<li>crossovers de alta qualidade para maior precis\u00e3o<\/li>\n<li>terminais duplos de alto-falante de liga\u00e7\u00e3o resistente com capacidade bi-amp\/bi-wire<\/li>\n<li><a href=\"https:\/\/www-crutchfield-com.translate.goog\/p_968VNRSTND\/Sonus-Faber-Venere-Stands.html?_x_tr_sl=en&amp;_x_tr_tl=pt&amp;_x_tr_hl=pt-BR&amp;_x_tr_pto=sc\" target=\"_&quot;blank&quot;\" rel=\"noopener\">Sonus faber Venere 2.0<\/a>\u00a0dedicado opcional significa\u00a0desempenho aprimorado<\/li>\n<li>9-3\/4&#8243;L x 17-3\/4&#8243;A x 13-5\/16&#8243;P<\/li>\n<li>peso: 15,4 libras.\u00a0(cada)<\/li>\n<\/ul>\n","protected":false},"excerpt":{"rendered":"<p>ESTADO 9\/10 Essa beleza \u00e9 uma fera Ao longo dos anos, vimos e ouvimos mais do que o nosso quinh\u00e3o de palestrantes aqui em Crutchfield, ent\u00e3o \u00e0s vezes \u00e9 dif\u00edcil n\u00e3o se sentir um pouco cansado.\u00a0Mas quando o pessoal da Sonus Faber nos fez uma visita, at\u00e9 n\u00f3s, \u201cveteranos\u201d que vimos de tudo, ficamos imediatamente [&hellip;]<\/p>\n","protected":false},"featured_media":10284,"template":"","meta":{"_acf_changed":false},"product_brand":[],"product_cat":[25,17,110],"product_tag":[],"class_list":{"0":"post-10289","1":"product","2":"type-product","3":"status-publish","4":"has-post-thumbnail","6":"product_cat-bookshelf","7":"product_cat-caixas","8":"product_cat-sonus-faber","10":"first","11":"instock","12":"sold-individually","13":"shipping-taxable","14":"purchasable","15":"product-type-simple"},"acf":[],"aioseo_notices":[],"_links":{"self":[{"href":"https:\/\/hificlub.com.br\/loja\/wp-json\/wp\/v2\/product\/10289","targetHints":{"allow":["GET"]}}],"collection":[{"href":"https:\/\/hificlub.com.br\/loja\/wp-json\/wp\/v2\/product"}],"about":[{"href":"https:\/\/hificlub.com.br\/loja\/wp-json\/wp\/v2\/types\/product"}],"wp:featuredmedia":[{"embeddable":true,"href":"https:\/\/hificlub.com.br\/loja\/wp-json\/wp\/v2\/media\/10284"}],"wp:attachment":[{"href":"https:\/\/hificlub.com.br\/loja\/wp-json\/wp\/v2\/media?parent=10289"}],"wp:term":[{"taxonomy":"product_brand","embeddable":true,"href":"https:\/\/hificlub.com.br\/loja\/wp-json\/wp\/v2\/product_brand?post=10289"},{"taxonomy":"product_cat","embeddable":true,"href":"https:\/\/hificlub.com.br\/loja\/wp-json\/wp\/v2\/product_cat?post=10289"},{"taxonomy":"product_tag","embeddable":true,"href":"https:\/\/hificlub.com.br\/loja\/wp-json\/wp\/v2\/product_tag?post=10289"}],"curies":[{"name":"wp","href":"https:\/\/api.w.org\/{rel}","templated":true}]}}