{"id":1015,"date":"2023-10-17T19:53:51","date_gmt":"2023-10-17T22:53:51","guid":{"rendered":"https:\/\/hificlub.com.br\/loja2\/produto\/cambridge-edge-a-c-dac-bluetooth-100-watts\/"},"modified":"2026-03-03T22:21:05","modified_gmt":"2026-03-04T01:21:05","slug":"cambridge-edge-a-c-dac-bluetooth-100-watts","status":"publish","type":"product","link":"https:\/\/hificlub.com.br\/loja\/produto\/cambridge-edge-a-c-dac-bluetooth-100-watts\/","title":{"rendered":"CAMBRIDGE EDGE A &#8211; c\/ DAC Bluetooth 100 Watts"},"content":{"rendered":"<p>Nosso amplificador integrado mais detalhado.<br \/>\nEdge A \u00e9 feito para celebrar a musicalidade. Riffs, frases, percuss\u00e3o \u2013 absorvam todos os detalhes da sua m\u00fasica gra\u00e7as \u00e0 sua configura\u00e7\u00e3o din\u00e2mica. Sem esfor\u00e7o, poderoso, mas com profundidade incr\u00edvel, o som geral \u00e9 de tirar o f\u00f4lego \u2013 como se estivesse sentado na cabine de grava\u00e7\u00e3o com os m\u00fasicos.<\/p>\n<p>02_<br \/>\nMusicalidade de tirar o f\u00f4lego.<br \/>\nO Edge A foi criado para dar vida a detalhes musicais. Ele oferece um som bem equilibrado com profundidade e clareza que acompanham cada nota. Desenvolvemos o sistema de ouvido, testando cada componente e escolhendo apenas aqueles que nos surpreendiam. O resultado final \u00e9 um arranjo inovador que produz um caminho de sinal muito mais limpo e permite que sua m\u00fasica respire. Edge A entrega perfeitamente nosso som brit\u00e2nico cl\u00e1ssico \u2013 nada \u00e9 adicionado, nada \u00e9 retirado.<\/p>\n<p>03_<br \/>\nMais detalhes musicais.<br \/>\nFomos pioneiros no uso de transformadores toroidais em amplificadores, o que levou a um melhor desempenho. Na Edge, levamos isso um passo adiante, usando transformadores toroidais g\u00eameos de simetria opostos. Isso elimina a interfer\u00eancia eletromagn\u00e9tica ao mesmo tempo em que oferece excelente pot\u00eancia e mant\u00e9m uma tonalidade consistente, n\u00e3o importa o qu\u00e3o alto seja tocado.<\/p>\n<p>04_<br \/>\nPot\u00eancia sem esfor\u00e7o sem distor\u00e7\u00e3o.<br \/>\nO uso da tecnologia de amplificador Classe A padr\u00e3o n\u00e3o seria eficiente o suficiente para o Edge A. Em vez disso, adicionamos uma tens\u00e3o de polariza\u00e7\u00e3o a um projeto tradicional de Classe AB, reduzindo a distor\u00e7\u00e3o a n\u00edveis inaud\u00edveis. Esta configura\u00e7\u00e3o \u00fanica tamb\u00e9m produz menos calor e torna todo o sistema muito mais eficaz.<\/p>\n<p>05_<br \/>\nBluetooth de alta resolu\u00e7\u00e3o.<br \/>\nEmparelhe qualquer dispositivo Bluetooth ao seu Edge A para transmitir facilmente sua m\u00fasica. Com o suporte ao aptX HD, voc\u00ea pode reproduzir seu \u00e1udio com qualidade de at\u00e9 24 bits \/ 48kHz para uma experi\u00eancia de audi\u00e7\u00e3o incrivelmente rica.<\/p>\n<p>06_<br \/>\nEquil\u00edbrio s\u00f4nico.<br \/>\nO Edge A foi projetado com um exclusivo PCB. Nossos engenheiros substitu\u00edram os capacitores convencionais por uma topologia acoplada a CC e tamb\u00e9m adicionaram um controle de volume em estado s\u00f3lido. O resultado final \u00e9 um caminho de sinal limpo que \u00e9 perfeitamente equilibrado em qualquer volume.<\/p>\n<p>07_<br \/>\nParceiros perfeitos.<br \/>\nOs sistemas de borda s\u00e3o projetados para funcionar em perfeita sincroniza\u00e7\u00e3o. Combine o desempenho do Edge A com alto-falantes para criar as bases de um sistema de alta fidelidade diferente de qualquer outra coisa.<\/p>\n<p class=\"product-commerce__strapline\"><strong>Integrated Amplifier<\/strong><\/p>\n<div class=\"product-commerce__summary\">\n<ul>\n<li>Built to celebrate musicality\u00a0\u2013 Our most detailed integrated amplifier.<\/li>\n<li>Hand-picked components \u2013 hours of listening to select only those that sound the best.<\/li>\n<li>Twin Toroidal Transformers \u2013 huge reserves of power for consistent tonality.<\/li>\n<li>Cambridge Audio proprietary Class XA Amplification &#8211; no audible crossover distortion.<\/li>\n<li>Ready for digital \u2013 built-in DAC with digital inputs including TV ARC and Bluetooth aptX HD.<\/li>\n<li>\n<p class=\"text-align-center\">Our Most Detailed Integrated Amplifier<\/p>\n<p>Edge A is made to celebrate musicality. Riffs, phrases, percussive rolls \u2013 take in every detail of your music thanks to its dynamic setup. Effortlessly powerful, but with incredible depth, the overall sound is breath-taking \u2013 like you\u2019re sat in the recording booth with the musicians.<\/li>\n<li>Breathtaking Musicality\n<p>Edge A is designed to bring musical detail to life. It delivers a finely balanced sound with a depth and clarity that come through with every note. We developed the system by ear, testing every component and only choosing those that blew us away. The end result is a ground-breaking arrangement that produces a much cleaner signal path and lets your music breathe. Edge A perfectly delivers our classic British sound \u2013 nothing added, nothing taken away.<\/li>\n<li>More Musical Detail\n<p>We pioneered the use of\u00a0<a title=\"Toroidal Transformers Key Technologies\" href=\"https:\/\/www.cambridgeaudio.com\/gbr\/en\/blog\/twin-toroidal-transformers-key-technologies-edge-series-0\">toroidal transformers<\/a>\u00a0in amplifiers, which led to improved performance. In Edge we take this one step further, using opposing symmetry twin toroidal transformers. This cancels out electromagnetic interference whilst offering outstanding power and maintaining consistent tonality, no matter how loud it\u2019s played.<\/li>\n<li>\n<p class=\"product-feature__text--heading\">Effortless Power Without Distortion<\/p>\n<p class=\"product-feature__text--body\">Using standard Class A amplifier technology wasn\u2019t going to be efficient enough for Edge A. Instead we added a bias voltage to a traditional Class AB design, reducing distortion to inaudible levels. This unique configuration also produces less heat and makes the whole system much more effective.<\/p>\n<\/li>\n<li>\n<p class=\"product-feature__text--heading\">Hi-Res Bluetooth<\/p>\n<p>Pair any Bluetooth device to your Edge A to easily stream your music. With aptX HD support, you can play your audio at up to 24-bit\/48kHz quality for an incredibly rich listening experience.<strong>Sonic Balance<\/strong><\/p>\n<p>Edge A was designed with a unique PCB. Our engineers replaced conventional capacitors with a DC coupled topology and also added a solid-state volume control. The end result is a clean signal path that\u2019s perfectly balanced at any volume.<\/p>\n<p><strong>Perfect Partners<\/strong><\/p>\n<p><a title=\"Edge Series\" href=\"https:\/\/www.cambridgeaudio.com\/gbr\/en\/range\/edge\">Edge<\/a>\u00a0systems are designed to work in perfect synchronisation. Match the performance of Edge A with\u00a0<a title=\"speakers\" href=\"https:\/\/www.cambridgeaudio.com\/gbr\/en\/products\/hi-fi\/speakers?f%5B0%5D=taxonomy_category%3A3\">loudspeakers<\/a>\u00a0to make the foundations of a hi-fi system unlike anything else.<\/p>\n<div class=\"key-feature\"><\/div>\n<div class=\"key-feature\">\n<div class=\"product__tech-specs product__tab\" data-product-tab=\"tech-specs\">\n<div class=\"container\">\n<div class=\"tech-specs\">\n<div class=\"key-feature\"><\/div>\n<\/div>\n<\/div>\n<\/div>\n<div class=\"product-intro__background\"><\/div>\n<section class=\"related--blogs view view-related view-id-related view-display-id-blogs js-view-dom-id-6718cf5adea708f96930d9748414577f9e435389c321afc9fb473070349595ca related\">\n<div class=\"container\"><\/div>\n<\/section>\n<\/div>\n<\/li>\n<\/ul>\n<\/div>\n","protected":false},"excerpt":{"rendered":"<p>Nosso amplificador integrado mais detalhado. Edge A \u00e9 feito para celebrar a musicalidade. Riffs, frases, percuss\u00e3o \u2013 absorvam todos os detalhes da sua m\u00fasica gra\u00e7as \u00e0 sua configura\u00e7\u00e3o din\u00e2mica. Sem esfor\u00e7o, poderoso, mas com profundidade incr\u00edvel, o som geral \u00e9 de tirar o f\u00f4lego \u2013 como se estivesse sentado na cabine de grava\u00e7\u00e3o com os [&hellip;]<\/p>\n","protected":false},"featured_media":1006,"template":"","meta":{"_acf_changed":false},"product_brand":[],"product_cat":[27,52,51],"product_tag":[],"class_list":{"0":"post-1015","1":"product","2":"type-product","3":"status-publish","4":"has-post-thumbnail","6":"product_cat-amplificador","7":"product_cat-cambridge","8":"product_cat-integrado","10":"first","11":"instock","12":"sold-individually","13":"shipping-taxable","14":"purchasable","15":"product-type-simple"},"acf":[],"aioseo_notices":[],"_links":{"self":[{"href":"https:\/\/hificlub.com.br\/loja\/wp-json\/wp\/v2\/product\/1015","targetHints":{"allow":["GET"]}}],"collection":[{"href":"https:\/\/hificlub.com.br\/loja\/wp-json\/wp\/v2\/product"}],"about":[{"href":"https:\/\/hificlub.com.br\/loja\/wp-json\/wp\/v2\/types\/product"}],"wp:featuredmedia":[{"embeddable":true,"href":"https:\/\/hificlub.com.br\/loja\/wp-json\/wp\/v2\/media\/1006"}],"wp:attachment":[{"href":"https:\/\/hificlub.com.br\/loja\/wp-json\/wp\/v2\/media?parent=1015"}],"wp:term":[{"taxonomy":"product_brand","embeddable":true,"href":"https:\/\/hificlub.com.br\/loja\/wp-json\/wp\/v2\/product_brand?post=1015"},{"taxonomy":"product_cat","embeddable":true,"href":"https:\/\/hificlub.com.br\/loja\/wp-json\/wp\/v2\/product_cat?post=1015"},{"taxonomy":"product_tag","embeddable":true,"href":"https:\/\/hificlub.com.br\/loja\/wp-json\/wp\/v2\/product_tag?post=1015"}],"curies":[{"name":"wp","href":"https:\/\/api.w.org\/{rel}","templated":true}]}}