{"id":11,"date":"2023-10-23T13:32:15","date_gmt":"2023-10-23T16:32:15","guid":{"rendered":"https:\/\/hificlub.com.br\/loja2\/?page_id=11"},"modified":"2023-11-28T14:02:20","modified_gmt":"2023-11-28T17:02:20","slug":"servico-ao-consumidor","status":"publish","type":"page","link":"https:\/\/hificlub.com.br\/loja\/servico-ao-consumidor\/","title":{"rendered":"Servi\u00e7o ao consumidor"},"content":{"rendered":"\n<h2 class=\"wp-block-heading\">GARANTIA<\/h2>\n\n\n\n<p>Para produtos novos, importados ou nacionais, a garantia \u00e9 dada pelos fornecedores ou distribuidores no pa\u00eds e segue pol\u00edtica de cada um.<\/p>\n\n\n\n<p>Para produtos usados, a garantia \u00e9 de 90 dias.<\/p>\n\n\n\n<h2 class=\"wp-block-heading\">DEVOLU\u00c7\u00c3O POR DESIST\u00caNCIA DA COMPRA<\/h2>\n\n\n\n<p>O prazo para desistir da compra do produto \u00e9 de 7 (sete) dias corridos, a contar da data do recebimento.<\/p>\n\n\n\n<p>O produto dever\u00e1 ser encaminhado na embalagem original, sem ind\u00edcios de uso, sem viola\u00e7\u00e3o de lacre original do fabricante, acompanhado de nota fiscal, manual e todos os acess\u00f3rios.<\/p>\n\n\n\n<h2 class=\"wp-block-heading\">PRODUTO COM DEFEITO<\/h2>\n\n\n\n<p>A solicita\u00e7\u00e3o de troca dever\u00e1 ser comunicada ao <a href=\"https:\/\/hificlub.com.br\/loja\/atendimento\/\" title=\"\">Atendimento<\/a> em at\u00e9 7 (sete) dias corridos, a contar da data do recebimento.<\/p>\n\n\n\n<p>Se o produto apresentar defeito ap\u00f3s 7 (sete) dias, a contar da data do recebimento, mas dentro do prazo de garantia, voc\u00ea dever\u00e1 solicitar o reparo do produto ao <a href=\"https:\/\/hificlub.com.br\/loja\/atendimento\/\" title=\"\">Atendimento<\/a>.<\/p>\n\n\n\n<h2 class=\"wp-block-heading\">CANCELAR A COMPRA DE UM PRODUTO<\/h2>\n\n\n\n<p>Para solicitar o cancelamento da compra de um produto ap\u00f3s o seu pagamento, \u00e9 necess\u00e1rio aguardar a confirma\u00e7\u00e3o do pagamento e entrar em contato com o <a href=\"https:\/\/hificlub.com.br\/loja\/atendimento\/\" title=\"\">Atendimento<\/a>.<\/p>\n\n\n\n<h2 class=\"wp-block-heading\">RESSARCIMENTO DE VALORES DE PEDIDOS CANCELADOS<\/h2>\n\n\n\n<p>O reembolso ser\u00e1 realizado no valor total do(s) produto(s) devolvido(s)\/cancelado(s).<\/p>\n\n\n\n<p>Em caso de devolu\u00e7\u00e3o, a restitui\u00e7\u00e3o dos valores ser\u00e1 processada somente ap\u00f3s o recebimento e an\u00e1lise das condi\u00e7\u00f5es do(s) produto(s).<\/p>\n\n\n\n<p>A HIFI CLUB isenta-se da obriga\u00e7\u00e3o de cancelar ou consertar qualquer produto que apresente ind\u00edcios de mau uso.<\/p>\n\n\n\n<h2 class=\"wp-block-heading\">FORMA DE PAGAMENTO ACEITAS<\/h2>\n\n\n\n<p>Voc\u00ea pode pagar seu pedido das seguintes maneiras:<\/p>\n\n\n\n<ul class=\"wp-block-list\">\n<li>Cart\u00e3o de d\u00e9bito\/cr\u00e9dito;<\/li>\n\n\n\n<li>Boleto banc\u00e1rio;<\/li>\n\n\n\n<li>Dep\u00f3sito em conta da HIFI CLUB.<\/li>\n<\/ul>\n\n\n\n<p>S\u00f3 daremos continuidade ao processo de expedi\u00e7\u00e3o do produto ap\u00f3s a confirma\u00e7\u00e3o do pagamento ou identifica\u00e7\u00e3o pelo setor financeiro do dep\u00f3sito em conta da HIFI CLUB.<\/p>\n\n\n\n<h2 class=\"wp-block-heading\">PRAZO DE ENTREGA DOS PRODUTOS<\/h2>\n\n\n\n<p>O prazo de entrega dos produtos varia de acordo com o local, a forma de pagamento e a disponibilidade do produto.<\/p>\n\n\n\n<p>Na compra de mais de um produto, todos os produtos ser\u00e3o consolidados em apenas um envio como forma de baratear o custo do frete para o cliente. Caso deseje o envio separado, favor entrar em contato com o <a href=\"https:\/\/hificlub.com.br\/loja\/atendimento\/\" title=\"\">Atendimento<\/a>.<\/p>\n","protected":false},"excerpt":{"rendered":"<p>GARANTIA Para produtos novos, importados ou nacionais, a garantia \u00e9 dada pelos fornecedores ou distribuidores no pa\u00eds e segue pol\u00edtica de cada um. Para produtos usados, a garantia \u00e9 de 90 dias. DEVOLU\u00c7\u00c3O POR DESIST\u00caNCIA DA COMPRA O prazo para desistir da compra do produto \u00e9 de 7 (sete) dias corridos, a contar da data [&hellip;]<\/p>\n","protected":false},"author":1,"featured_media":0,"parent":0,"menu_order":0,"comment_status":"closed","ping_status":"closed","template":"","meta":{"_acf_changed":false,"footnotes":""},"class_list":["post-11","page","type-page","status-publish","hentry"],"acf":[],"aioseo_notices":[],"_links":{"self":[{"href":"https:\/\/hificlub.com.br\/loja\/wp-json\/wp\/v2\/pages\/11","targetHints":{"allow":["GET"]}}],"collection":[{"href":"https:\/\/hificlub.com.br\/loja\/wp-json\/wp\/v2\/pages"}],"about":[{"href":"https:\/\/hificlub.com.br\/loja\/wp-json\/wp\/v2\/types\/page"}],"author":[{"embeddable":true,"href":"https:\/\/hificlub.com.br\/loja\/wp-json\/wp\/v2\/users\/1"}],"replies":[{"embeddable":true,"href":"https:\/\/hificlub.com.br\/loja\/wp-json\/wp\/v2\/comments?post=11"}],"version-history":[{"count":4,"href":"https:\/\/hificlub.com.br\/loja\/wp-json\/wp\/v2\/pages\/11\/revisions"}],"predecessor-version":[{"id":5576,"href":"https:\/\/hificlub.com.br\/loja\/wp-json\/wp\/v2\/pages\/11\/revisions\/5576"}],"wp:attachment":[{"href":"https:\/\/hificlub.com.br\/loja\/wp-json\/wp\/v2\/media?parent=11"}],"curies":[{"name":"wp","href":"https:\/\/api.w.org\/{rel}","templated":true}]}}